{"id":782057,"date":"2026-02-01T15:41:17","date_gmt":"2026-02-01T12:41:17","guid":{"rendered":"https:\/\/roveyayinevi.com.tr\/index.php\/urun\/dedektif-fil-ve-kuyruksuz-yesil-cetesi\/"},"modified":"2026-04-15T03:46:10","modified_gmt":"2026-04-15T00:46:10","slug":"dedektif-fil-ve-kuyruksuz-yesil-cetesi","status":"publish","type":"product","link":"https:\/\/roveyayinevi.com.tr\/index.php\/urun\/dedektif-fil-ve-kuyruksuz-yesil-cetesi\/","title":{"rendered":"Dedektif Fil ve Kuyruksuz Ye\u015fil \u00c7etesi"},"content":{"rendered":"<p>Ormanda Timsah\u2019\u0131n \u00f6ld\u00fc\u011f\u00fc anla\u015f\u0131l\u0131nca Fil dedektifli\u011fe soyunarak bu olay\u0131 \u00e7\u00f6zmeye \u00e7al\u0131\u015f\u0131r. Timsah\u2019\u0131n a\u011fz\u0131nda bulunan ye\u015fil bir kuyruktan dolay\u0131 ye\u015fil ve kuyruksuz bir hayvan\u0131n Timsah\u2019\u0131 \u00f6ld\u00fcrd\u00fc\u011f\u00fcne karar verir. Orman halk\u0131 s\u0131raya sokularak kuyruklar\u0131 kontrol edilir. Sonunda kuyruksuz ve ye\u015fil oldu\u011fu i\u00e7in Kurba\u011fa su\u00e7lu bulunur ve ku\u015f evine hapse at\u0131l\u0131r. Olaylar bu kadarla kalmaz. Z\u00fcrafa ve di\u011ferleri Kurba\u011fa\u2019y\u0131 kurtar\u0131nca Fil, Orman \u00dcst\u00fc H\u00e2l ilan eder. Olaylar, olaylar\u2026 Timsah\u2019\u0131n \u00f6l\u00fcm\u00fcn\u00fcn ger\u00e7ek sebebi nedir acaba? \u00c7ocuklar bolca ironinin ve e\u011flencenin oldu\u011fu bu kitab\u0131 okurken bir yandan k\u0131k\u0131r k\u0131k\u0131r g\u00fclecek di\u011fer yandan da hayata ve olaylara ele\u015ftirel bakma, sorgulama ve d\u00fc\u015f\u00fcnme becerisi kazanacaklar.<\/p>\n","protected":false},"excerpt":{"rendered":"<p>Ormanda Timsah\u2019\u0131n \u00f6ld\u00fc\u011f\u00fc anla\u015f\u0131l\u0131nca Fil dedektifli\u011fe soyunarak bu olay\u0131 \u00e7\u00f6zmeye \u00e7al\u0131\u015f\u0131r. Timsah\u2019\u0131n a\u011fz\u0131nda bulunan ye\u015fil bir kuyruktan dolay\u0131 ye\u015fil ve kuyruksuz bir hayvan\u0131n Timsah\u2019\u0131 \u00f6ld\u00fcrd\u00fc\u011f\u00fcne karar<span class=\"excerpt-hellip\"> [\u2026]<\/span><\/p>\n","protected":false},"featured_media":0,"template":"","meta":{"_monsterinsights_skip_tracking":false,"_monsterinsights_sitenote_active":false,"_monsterinsights_sitenote_note":"","_monsterinsights_sitenote_category":0},"product_brand":[],"product_cat":[141304],"product_tag":[],"class_list":{"0":"post-782057","1":"product","2":"type-product","3":"status-publish","5":"product_cat-yeni-cikanlar","6":"pa_cilt-ciltsiz","7":"pa_tur-kitap","8":"pa_yayinevi-erdem-cocuk","9":"pa_yazar-hasan-karaca","11":"first","12":"instock","13":"sale","14":"shipping-taxable","15":"purchasable","16":"product-type-simple"},"_links":{"self":[{"href":"https:\/\/roveyayinevi.com.tr\/index.php\/wp-json\/wp\/v2\/product\/782057","targetHints":{"allow":["GET"]}}],"collection":[{"href":"https:\/\/roveyayinevi.com.tr\/index.php\/wp-json\/wp\/v2\/product"}],"about":[{"href":"https:\/\/roveyayinevi.com.tr\/index.php\/wp-json\/wp\/v2\/types\/product"}],"wp:attachment":[{"href":"https:\/\/roveyayinevi.com.tr\/index.php\/wp-json\/wp\/v2\/media?parent=782057"}],"wp:term":[{"taxonomy":"product_brand","embeddable":true,"href":"https:\/\/roveyayinevi.com.tr\/index.php\/wp-json\/wp\/v2\/product_brand?post=782057"},{"taxonomy":"product_cat","embeddable":true,"href":"https:\/\/roveyayinevi.com.tr\/index.php\/wp-json\/wp\/v2\/product_cat?post=782057"},{"taxonomy":"product_tag","embeddable":true,"href":"https:\/\/roveyayinevi.com.tr\/index.php\/wp-json\/wp\/v2\/product_tag?post=782057"}],"curies":[{"name":"wp","href":"https:\/\/api.w.org\/{rel}","templated":true}]}}