{"id":782056,"date":"2026-02-01T15:41:14","date_gmt":"2026-02-01T12:41:14","guid":{"rendered":"https:\/\/roveyayinevi.com.tr\/index.php\/urun\/cok-uzak-degil\/"},"modified":"2026-04-15T03:46:10","modified_gmt":"2026-04-15T00:46:10","slug":"cok-uzak-degil","status":"publish","type":"product","link":"https:\/\/roveyayinevi.com.tr\/index.php\/urun\/cok-uzak-degil\/","title":{"rendered":"\u00c7ok Uzak De\u011fil"},"content":{"rendered":"<p>Bir \u00e7ocuk ve ya\u015fl\u0131 bir kad\u0131n aras\u0131nda geli\u015fen dostluk ili\u015fkisi&#8230;  Her \u015fey \u00c7\u0131nar\u2019\u0131n, Feride teyzenin amb\u00fclansla g\u00f6t\u00fcr\u00fcl\u00fc\u015f\u00fcne \u015fahit olmas\u0131yla ba\u015flar. Asl\u0131nda evleri \u00e7ok yak\u0131nd\u0131r ama birbirlerinden haberleri yoktur. \u00c7\u0131nar, \u00e7ok katl\u0131 bir apartman\u0131n 14. kat\u0131nda; Feride teyze ise etraf\u0131ndaki y\u00fcksek apartmanlardan kendini korumak ister gibi bir duvar\u0131n arkas\u0131na gizlenmi\u015f iki katl\u0131 bir evde ya\u015famaktad\u0131r. Feride teyzenin bindirildi\u011fi amb\u00fclans \u00c7\u0131nar\u2019\u0131n hem\u015fire olan annesinin \u00e7al\u0131\u015ft\u0131\u011f\u0131 hastaneye g\u00f6t\u00fcr\u00fcl\u00fcr. B\u00f6ylece Feride teyzeyle \u00c7\u0131nar tan\u0131\u015f\u0131r. Birileri Feride teyzenin evini y\u0131kmak ister. Feride teyzenin hastanede olmas\u0131n\u0131 f\u0131rsat bilip evini bo\u015falt\u0131rlar. \u00c7\u0131nar, ev bo\u015falt\u0131l\u0131rken geride unutulan po\u015fetin i\u00e7indeki e\u015fyalar\u0131n hik\u00e2yelerinin pe\u015fine d\u00fc\u015fer.  Feride teyze iyile\u015fecek mi? Evine ne olacak? Po\u015fetin i\u00e7indeki e\u015fyalar\u0131n hik\u00e2yeleri nedir?  Sorular\u0131n cevab\u0131 \u00c7ok Uzak De\u011fil kitab\u0131nda&#8230;<\/p>\n","protected":false},"excerpt":{"rendered":"<p>Bir \u00e7ocuk ve ya\u015fl\u0131 bir kad\u0131n aras\u0131nda geli\u015fen dostluk ili\u015fkisi&#8230; Her \u015fey \u00c7\u0131nar\u2019\u0131n, Feride teyzenin amb\u00fclansla g\u00f6t\u00fcr\u00fcl\u00fc\u015f\u00fcne \u015fahit olmas\u0131yla ba\u015flar. Asl\u0131nda evleri \u00e7ok yak\u0131nd\u0131r ama birbirlerinden<span class=\"excerpt-hellip\"> [\u2026]<\/span><\/p>\n","protected":false},"featured_media":0,"template":"","meta":{"_monsterinsights_skip_tracking":false,"_monsterinsights_sitenote_active":false,"_monsterinsights_sitenote_note":"","_monsterinsights_sitenote_category":0},"product_brand":[],"product_cat":[12274,12284],"product_tag":[],"class_list":{"0":"post-782056","1":"product","2":"type-product","3":"status-publish","5":"product_cat-cocuk-ve-genclik-kitaplari","6":"product_cat-hikayeler","7":"pa_cilt-ciltsiz","8":"pa_tur-kitap","9":"pa_yayinevi-erdem-cocuk","10":"pa_yazar-faruk-yildiz","12":"first","13":"instock","14":"sale","15":"shipping-taxable","16":"purchasable","17":"product-type-simple"},"_links":{"self":[{"href":"https:\/\/roveyayinevi.com.tr\/index.php\/wp-json\/wp\/v2\/product\/782056","targetHints":{"allow":["GET"]}}],"collection":[{"href":"https:\/\/roveyayinevi.com.tr\/index.php\/wp-json\/wp\/v2\/product"}],"about":[{"href":"https:\/\/roveyayinevi.com.tr\/index.php\/wp-json\/wp\/v2\/types\/product"}],"wp:attachment":[{"href":"https:\/\/roveyayinevi.com.tr\/index.php\/wp-json\/wp\/v2\/media?parent=782056"}],"wp:term":[{"taxonomy":"product_brand","embeddable":true,"href":"https:\/\/roveyayinevi.com.tr\/index.php\/wp-json\/wp\/v2\/product_brand?post=782056"},{"taxonomy":"product_cat","embeddable":true,"href":"https:\/\/roveyayinevi.com.tr\/index.php\/wp-json\/wp\/v2\/product_cat?post=782056"},{"taxonomy":"product_tag","embeddable":true,"href":"https:\/\/roveyayinevi.com.tr\/index.php\/wp-json\/wp\/v2\/product_tag?post=782056"}],"curies":[{"name":"wp","href":"https:\/\/api.w.org\/{rel}","templated":true}]}}