{"id":782052,"date":"2026-02-01T15:41:05","date_gmt":"2026-02-01T12:41:05","guid":{"rendered":"https:\/\/roveyayinevi.com.tr\/index.php\/urun\/sevdamin-rehberi\/"},"modified":"2026-04-15T03:46:08","modified_gmt":"2026-04-15T00:46:08","slug":"sevdamin-rehberi","status":"publish","type":"product","link":"https:\/\/roveyayinevi.com.tr\/index.php\/urun\/sevdamin-rehberi\/","title":{"rendered":"Sevdam\u0131n Rehberi"},"content":{"rendered":"<p>(G\u00d6RMED\u0130M)Vatan olup toprak gibi sarmayanSevginin demini \u00f6zde vermeyenSevdas\u0131 u\u011fruna g\u00f6z\u00fc g\u00f6rmeyenKeremi and\u0131ran asl\u0131 g\u00f6rmedim. Sahra gibi ummanlara dald\u0131ranZemzem diye, kevserine band\u0131ran\u015eirin gibi koca da\u011f\u0131 deldirenFerhat\u0131 and\u0131ran \u015firin g\u00f6rmedim. G\u00f6rmedim ad\u0131na \u015fiir yazd\u0131ranSevdas\u0131 u\u011fruna metin dizdirenLeyla gibi \u00e7\u00f6lden \u00e7\u00f6le gezdirenMecnunu and\u0131ran leyla g\u00f6rmedim. K\u00fcsk\u00fcn\u00fcm g\u00f6nl\u00fcm\u00fcn eserken yeliKalmad\u0131 sevdan\u0131n y\u00fcrekte diliB\u00fclb\u00fcl konmaz art\u0131k terketti g\u00fcl\u00fcB\u00fclb\u00fcl\u00fc and\u0131ran g\u00fcller g\u00f6rmedim.\u015eiirlerim. K\u00fcsk\u00fcn. H, \u015f<\/p>\n","protected":false},"excerpt":{"rendered":"<p>(G\u00d6RMED\u0130M)Vatan olup toprak gibi sarmayanSevginin demini \u00f6zde vermeyenSevdas\u0131 u\u011fruna g\u00f6z\u00fc g\u00f6rmeyenKeremi and\u0131ran asl\u0131 g\u00f6rmedim. Sahra gibi ummanlara dald\u0131ranZemzem diye, kevserine band\u0131ran\u015eirin gibi koca da\u011f\u0131 deldirenFerhat\u0131 and\u0131ran<span class=\"excerpt-hellip\"> [\u2026]<\/span><\/p>\n","protected":false},"featured_media":0,"template":"","meta":{"_monsterinsights_skip_tracking":false,"_monsterinsights_sitenote_active":false,"_monsterinsights_sitenote_note":"","_monsterinsights_sitenote_category":0},"product_brand":[],"product_cat":[12291,12509],"product_tag":[],"class_list":{"0":"post-782052","1":"product","2":"type-product","3":"status-publish","5":"product_cat-edebiyat","6":"product_cat-siir","7":"pa_cilt-ciltsiz","8":"pa_tur-kitap","9":"pa_yayinevi-gimsetap-yayinlari","10":"pa_yazar-halil-simsek","12":"first","13":"instock","14":"sale","15":"shipping-taxable","16":"purchasable","17":"product-type-simple"},"_links":{"self":[{"href":"https:\/\/roveyayinevi.com.tr\/index.php\/wp-json\/wp\/v2\/product\/782052","targetHints":{"allow":["GET"]}}],"collection":[{"href":"https:\/\/roveyayinevi.com.tr\/index.php\/wp-json\/wp\/v2\/product"}],"about":[{"href":"https:\/\/roveyayinevi.com.tr\/index.php\/wp-json\/wp\/v2\/types\/product"}],"wp:attachment":[{"href":"https:\/\/roveyayinevi.com.tr\/index.php\/wp-json\/wp\/v2\/media?parent=782052"}],"wp:term":[{"taxonomy":"product_brand","embeddable":true,"href":"https:\/\/roveyayinevi.com.tr\/index.php\/wp-json\/wp\/v2\/product_brand?post=782052"},{"taxonomy":"product_cat","embeddable":true,"href":"https:\/\/roveyayinevi.com.tr\/index.php\/wp-json\/wp\/v2\/product_cat?post=782052"},{"taxonomy":"product_tag","embeddable":true,"href":"https:\/\/roveyayinevi.com.tr\/index.php\/wp-json\/wp\/v2\/product_tag?post=782052"}],"curies":[{"name":"wp","href":"https:\/\/api.w.org\/{rel}","templated":true}]}}