{"id":782051,"date":"2026-02-01T15:41:03","date_gmt":"2026-02-01T12:41:03","guid":{"rendered":"https:\/\/roveyayinevi.com.tr\/index.php\/urun\/cocukluk-gozlemlerim-ve-teror\/"},"modified":"2026-04-15T03:46:08","modified_gmt":"2026-04-15T00:46:08","slug":"cocukluk-gozlemlerim-ve-teror","status":"publish","type":"product","link":"https:\/\/roveyayinevi.com.tr\/index.php\/urun\/cocukluk-gozlemlerim-ve-teror\/","title":{"rendered":"\u00c7ocukluk G\u00f6zlemlerim ve Ter\u00f6r"},"content":{"rendered":"<p>Baz\u0131 \u00e7ocukluklar sessiz ge\u00e7mez.Baz\u0131 korkular, insan b\u00fcy\u00fcse de susmay\u0131 \u00f6\u011frenmez.Bu kitap, oyun \u00e7a\u011f\u0131nda \u00f6\u011frenilen kelimelerin \u00e7ok \u00f6tesinde bir hik\u00e2ye anlat\u0131yor.Bir \u00e7ocu\u011fun d\u00fcnyas\u0131na sinsice s\u0131zan korkuyu, anlamland\u0131r\u0131lamayan sessizlikleri, gecelere yerle\u015fen tedirginli\u011fi\u2026Ve y\u0131llar ge\u00e7se bile silinmeyen izleri.Anlat\u0131lanlar yaln\u0131zca hat\u0131ralar de\u011fil; bast\u0131r\u0131lm\u0131\u015f duygular\u0131n, yar\u0131m kalm\u0131\u015f c\u00fcmlelerin ve i\u00e7te ta\u015f\u0131nan, ad\u0131 konulamam\u0131\u015f sorular\u0131n iz d\u00fc\u015f\u00fcm\u00fc.\u201c\u00c7ocukluk G\u00f6zlemlerim&#8221; unutman\u0131n kolay, hat\u0131rlaman\u0131n ise cesaret istedi\u011fi \u015feyleri anlat\u0131yor.Bu bir su\u00e7lama de\u011fil. Bir hayk\u0131r\u0131\u015f da de\u011fil. Bu, sessizce anlat\u0131lan bir \u00e7ocukluk&#8230;<\/p>\n","protected":false},"excerpt":{"rendered":"<p>Baz\u0131 \u00e7ocukluklar sessiz ge\u00e7mez.Baz\u0131 korkular, insan b\u00fcy\u00fcse de susmay\u0131 \u00f6\u011frenmez.Bu kitap, oyun \u00e7a\u011f\u0131nda \u00f6\u011frenilen kelimelerin \u00e7ok \u00f6tesinde bir hik\u00e2ye anlat\u0131yor.Bir \u00e7ocu\u011fun d\u00fcnyas\u0131na sinsice s\u0131zan korkuyu, anlamland\u0131r\u0131lamayan<span class=\"excerpt-hellip\"> [\u2026]<\/span><\/p>\n","protected":false},"featured_media":0,"template":"","meta":{"_monsterinsights_skip_tracking":false,"_monsterinsights_sitenote_active":false,"_monsterinsights_sitenote_note":"","_monsterinsights_sitenote_category":0},"product_brand":[],"product_cat":[141304],"product_tag":[],"class_list":{"0":"post-782051","1":"product","2":"type-product","3":"status-publish","5":"product_cat-yeni-cikanlar","6":"pa_cilt-ciltsiz","7":"pa_tur-kitap","8":"pa_yayinevi-gimsetap-yayinlari","9":"pa_yazar-hakan-vural","11":"first","12":"instock","13":"sale","14":"shipping-taxable","15":"purchasable","16":"product-type-simple"},"_links":{"self":[{"href":"https:\/\/roveyayinevi.com.tr\/index.php\/wp-json\/wp\/v2\/product\/782051","targetHints":{"allow":["GET"]}}],"collection":[{"href":"https:\/\/roveyayinevi.com.tr\/index.php\/wp-json\/wp\/v2\/product"}],"about":[{"href":"https:\/\/roveyayinevi.com.tr\/index.php\/wp-json\/wp\/v2\/types\/product"}],"wp:attachment":[{"href":"https:\/\/roveyayinevi.com.tr\/index.php\/wp-json\/wp\/v2\/media?parent=782051"}],"wp:term":[{"taxonomy":"product_brand","embeddable":true,"href":"https:\/\/roveyayinevi.com.tr\/index.php\/wp-json\/wp\/v2\/product_brand?post=782051"},{"taxonomy":"product_cat","embeddable":true,"href":"https:\/\/roveyayinevi.com.tr\/index.php\/wp-json\/wp\/v2\/product_cat?post=782051"},{"taxonomy":"product_tag","embeddable":true,"href":"https:\/\/roveyayinevi.com.tr\/index.php\/wp-json\/wp\/v2\/product_tag?post=782051"}],"curies":[{"name":"wp","href":"https:\/\/api.w.org\/{rel}","templated":true}]}}