{"id":782050,"date":"2026-02-01T15:41:02","date_gmt":"2026-02-01T12:41:02","guid":{"rendered":"https:\/\/roveyayinevi.com.tr\/index.php\/urun\/yeraltindan-notlar-1-ciltli\/"},"modified":"2026-04-15T03:46:08","modified_gmt":"2026-04-15T00:46:08","slug":"yeraltindan-notlar-1-ciltli","status":"publish","type":"product","link":"https:\/\/roveyayinevi.com.tr\/index.php\/urun\/yeraltindan-notlar-1-ciltli\/","title":{"rendered":"Yeralt\u0131ndan Notlar-1 (Ciltli)"},"content":{"rendered":"<p>Myrina Yay\u0131nlar\u0131 taraf\u0131ndan yay\u0131mlanan \u201cYeralt\u0131ndan Notlar-1: 2025 Arkeoloji Ara\u015ft\u0131rmalar\u0131\u201d adl\u0131 bu eser, T\u00fcrkiye\u2019de ve uluslararas\u0131 alanda y\u00fcr\u00fct\u00fclen g\u00fcncel \u00e7al\u0131\u015fmalar\u0131n disiplinleraras\u0131 bir yans\u0131mas\u0131 olarak haz\u0131rlanm\u0131\u015ft\u0131r. Kitapta yer alan b\u00f6l\u00fcmler, konusunda uzman bilim insanlar\u0131 taraf\u0131ndan haz\u0131rlanm\u0131\u015f \u00f6zg\u00fcn ara\u015ft\u0131rmalardan olu\u015fmaktad\u0131r. Myrina Yay\u0131nlar\u0131 olarak, \u201cYeralt\u0131ndan Notlar\u201d ad\u0131 alt\u0131nda arkeoloji ara\u015ft\u0131rmalar\u0131na destek verip, d\u00fczenli olarak her y\u0131l yay\u0131mlamay\u0131 planl\u0131yoruz. Bu kitap haz\u0131rlanmas\u0131nda eme\u011fi ge\u00e7en b\u00fct\u00fcn edit\u00f6rlerimize, yay\u0131n kurulu \u00fcyelerimize ve yazarlar\u0131m\u0131za te\u015fekk\u00fcr ederiz. \u0130\u00c7\u0130NDEK\u0130LERIsparta ve Burdur M\u00fczesinde Bulunan Ostotheklerin Tipolojisi, Bezeme Unsurlar\u0131 ve \u0130konografisi (\u0130brahim Acuce)\u0130dyma Antik Kenti Akyaka Bizans Kalesi Yap\u0131 Malzemelerinde Arkeometrik Analizler(Ali Ak\u0131n Akyol-Feyyaz Keskin-Okan \u00d6zalp-Yusuf Ka\u011fan Kad\u0131o\u011flu)Literat\u00fcr Verileri I\u015f\u0131\u011f\u0131nda Pisidia\u2019da Hellenistik ve Roma D\u00f6nemlerinde Seramik \u00dcretimi PotansiyeliFatih Alt\u0131n\u0131\u015f\u0131k-Murat F\u0131rat\u0130zmir M\u00fczesi Roma D\u00f6nemi Cam Parf\u00fcm Kaplar\u0131(Cenker Atila-Binnur G\u00fcrler)Hierapolis Arkeoloji M\u00fczesi Koleksiyonunda Yer Alan Katl\u0131 Mezar Steli(Fevziye Eker-Fatma Nur G\u00fcng\u00f6r)Textile Implements in Western Anatolia During The Middle Bronze Age(G\u00fcrkan Erg\u00fcn)Prehistorik Hik\u00e2ye Anlat\u0131c\u0131lar\u0131(Neyir Kolankaya-Bostanc\u0131) An Evaluation of Local Produced Grey-Clay and Slipped Sigillata From Tepeba\u011flari H\u00f6y\u00fck Excavations(Emine K\u00f6ker G\u00f6k\u00e7e)\u0130zmir Arkeoloji M\u00fczesinden Bir Grup Bronz \u00c7a\u011f\u0131 Silah\u0131 ve Bir Ustura(Emre Okan-Cebrail Baydan)Zentral- Und Nordpisidien in Der Sp\u00e4tantike(Fikret \u00d6zcan-M\u00fcnevver \u015eim\u015fek G\u00fcndo\u011fan)Kura-Aras K\u00fclt\u00fcr\u00fc: G\u00f6\u00e7ebeler ile Yerle\u015fiklerin Etkile\u015fim ve Sinerjisi(Ali \u00d6zkan) West Slope Pottery from Phocaea(Heves Sayg\u0131ner)Uluborlu M\u00fczesinden Bir Grup Kap\u0131 Tipi Mezar Steli \u00dczerinde G\u00f6r\u00fclen Tasvirler \u00dczerine \u0130nceleme(Fatih Y\u0131ld\u0131r\u0131m Sa\u011flam)Merkezi Volkanik Kapadokya\u2019da Demir \u00c7a\u011f\u0131\u2019na ait Arkeolojik Yeni Veriler:K\u0131nata\u015f, \u00c7ap\u0131l, Suini ve Yellitepe H\u00f6y\u00fckleri(Handan Y\u0131ld\u0131zhan)<\/p>\n","protected":false},"excerpt":{"rendered":"<p>Myrina Yay\u0131nlar\u0131 taraf\u0131ndan yay\u0131mlanan \u201cYeralt\u0131ndan Notlar-1: 2025 Arkeoloji Ara\u015ft\u0131rmalar\u0131\u201d adl\u0131 bu eser, T\u00fcrkiye\u2019de ve uluslararas\u0131 alanda y\u00fcr\u00fct\u00fclen g\u00fcncel \u00e7al\u0131\u015fmalar\u0131n disiplinleraras\u0131 bir yans\u0131mas\u0131 olarak haz\u0131rlanm\u0131\u015ft\u0131r. Kitapta yer<span class=\"excerpt-hellip\"> [\u2026]<\/span><\/p>\n","protected":false},"featured_media":0,"template":"","meta":{"_monsterinsights_skip_tracking":false,"_monsterinsights_sitenote_active":false,"_monsterinsights_sitenote_note":"","_monsterinsights_sitenote_category":0},"product_brand":[],"product_cat":[52477,52478],"product_tag":[],"class_list":{"0":"post-782050","1":"product","2":"type-product","3":"status-publish","5":"product_cat-arastirma","6":"product_cat-arkeoloji","7":"pa_cilt-ciltli","8":"pa_tur-kitap","9":"pa_yayinevi-myrina-yayinlari","10":"pa_yazar-cenker-atila-murat-firat-emre-okan","12":"first","13":"instock","14":"sale","15":"shipping-taxable","16":"purchasable","17":"product-type-simple"},"_links":{"self":[{"href":"https:\/\/roveyayinevi.com.tr\/index.php\/wp-json\/wp\/v2\/product\/782050","targetHints":{"allow":["GET"]}}],"collection":[{"href":"https:\/\/roveyayinevi.com.tr\/index.php\/wp-json\/wp\/v2\/product"}],"about":[{"href":"https:\/\/roveyayinevi.com.tr\/index.php\/wp-json\/wp\/v2\/types\/product"}],"wp:attachment":[{"href":"https:\/\/roveyayinevi.com.tr\/index.php\/wp-json\/wp\/v2\/media?parent=782050"}],"wp:term":[{"taxonomy":"product_brand","embeddable":true,"href":"https:\/\/roveyayinevi.com.tr\/index.php\/wp-json\/wp\/v2\/product_brand?post=782050"},{"taxonomy":"product_cat","embeddable":true,"href":"https:\/\/roveyayinevi.com.tr\/index.php\/wp-json\/wp\/v2\/product_cat?post=782050"},{"taxonomy":"product_tag","embeddable":true,"href":"https:\/\/roveyayinevi.com.tr\/index.php\/wp-json\/wp\/v2\/product_tag?post=782050"}],"curies":[{"name":"wp","href":"https:\/\/api.w.org\/{rel}","templated":true}]}}