{"id":782049,"date":"2026-02-01T15:41:00","date_gmt":"2026-02-01T12:41:00","guid":{"rendered":"https:\/\/roveyayinevi.com.tr\/index.php\/urun\/cudinin-anneleri\/"},"modified":"2026-04-15T03:46:08","modified_gmt":"2026-04-15T00:46:08","slug":"cudinin-anneleri","status":"publish","type":"product","link":"https:\/\/roveyayinevi.com.tr\/index.php\/urun\/cudinin-anneleri\/","title":{"rendered":"Cudi&#8217;nin Anneleri"},"content":{"rendered":"<p>Bir annenin y\u00fcre\u011fine ka\u00e7 yang\u0131n d\u00fc\u015fer? Evlat ac\u0131s\u0131 m\u0131 yakar \u00f6nce, yoksa kader diye \u00f6\u011fretilen suskunluk mu?Cudi\u2019nin Anneleri, Do\u011fu\u2019da kad\u0131n olman\u0131n, anne olman\u0131n ve ac\u0131yla ya\u015famay\u0131 \u00f6\u011frenmenin roman\u0131d\u0131r.Y\u0131llarca konu\u015fmadan katlanan, a\u011flamay\u0131 bile gizlice \u00f6\u011frenen kad\u0131nlar\u0131n\u2026K\u0131zken y\u00fcklenen suskunlu\u011fun, anne olunca a\u011f\u0131rla\u015fan kaderin hik\u00e2yesi.Bu romanda anneler sadece evlatlar\u0131na de\u011fil, hayata da katlan\u0131r. Yoksullu\u011fa, t\u00f6relere, yar\u0131m kalan hayallere\u2026Bir yandan evlad\u0131n\u0131 b\u00fcy\u00fct\u00fcrken, di\u011fer yandan kendi yaralar\u0131n\u0131 sessizce sarar.Do\u011fu\u2019nun kad\u0131nlar\u0131 \u00e7ok \u015fey anlatmaz. \u00c7\u00fcnk\u00fc anlatsalarda kimse duymaz. Onlar ac\u0131y\u0131 i\u00e7lerinde b\u00fcy\u00fct\u00fcr, g\u00f6zya\u015flar\u0131n\u0131 gecelere b\u0131rak\u0131r.Cudi\u2019nin Anneleri, bir annenin y\u00fcre\u011finde biriken yang\u0131nlar\u0131 anlat\u0131r. S\u00f6nmeyen, k\u00fcllenmeyen, zamanla daha da derine i\u015fleyen yang\u0131nlar\u0131\u2026Bu kitapta her sat\u0131r bir kad\u0131n\u0131n susu\u015fudur, her susu\u015f bir \u00f6mr\u00fcn y\u00fck\u00fcd\u00fcr&#8230;<\/p>\n","protected":false},"excerpt":{"rendered":"<p>Bir annenin y\u00fcre\u011fine ka\u00e7 yang\u0131n d\u00fc\u015fer? Evlat ac\u0131s\u0131 m\u0131 yakar \u00f6nce, yoksa kader diye \u00f6\u011fretilen suskunluk mu?Cudi\u2019nin Anneleri, Do\u011fu\u2019da kad\u0131n olman\u0131n, anne olman\u0131n ve ac\u0131yla ya\u015famay\u0131<span class=\"excerpt-hellip\"> [\u2026]<\/span><\/p>\n","protected":false},"featured_media":0,"template":"","meta":{"_monsterinsights_skip_tracking":false,"_monsterinsights_sitenote_active":false,"_monsterinsights_sitenote_note":"","_monsterinsights_sitenote_category":0},"product_brand":[],"product_cat":[141304],"product_tag":[],"class_list":{"0":"post-782049","1":"product","2":"type-product","3":"status-publish","5":"product_cat-yeni-cikanlar","6":"pa_cilt-ciltsiz","7":"pa_tur-kitap","8":"pa_yayinevi-gimsetap-yayinlari","9":"pa_yazar-hakan-vural","11":"first","12":"instock","13":"sale","14":"shipping-taxable","15":"purchasable","16":"product-type-simple"},"_links":{"self":[{"href":"https:\/\/roveyayinevi.com.tr\/index.php\/wp-json\/wp\/v2\/product\/782049","targetHints":{"allow":["GET"]}}],"collection":[{"href":"https:\/\/roveyayinevi.com.tr\/index.php\/wp-json\/wp\/v2\/product"}],"about":[{"href":"https:\/\/roveyayinevi.com.tr\/index.php\/wp-json\/wp\/v2\/types\/product"}],"wp:attachment":[{"href":"https:\/\/roveyayinevi.com.tr\/index.php\/wp-json\/wp\/v2\/media?parent=782049"}],"wp:term":[{"taxonomy":"product_brand","embeddable":true,"href":"https:\/\/roveyayinevi.com.tr\/index.php\/wp-json\/wp\/v2\/product_brand?post=782049"},{"taxonomy":"product_cat","embeddable":true,"href":"https:\/\/roveyayinevi.com.tr\/index.php\/wp-json\/wp\/v2\/product_cat?post=782049"},{"taxonomy":"product_tag","embeddable":true,"href":"https:\/\/roveyayinevi.com.tr\/index.php\/wp-json\/wp\/v2\/product_tag?post=782049"}],"curies":[{"name":"wp","href":"https:\/\/api.w.org\/{rel}","templated":true}]}}