{"id":782048,"date":"2026-02-01T15:40:59","date_gmt":"2026-02-01T12:40:59","guid":{"rendered":"https:\/\/roveyayinevi.com.tr\/index.php\/urun\/mevsimlik-gezici-tarim-iscilerinin-yasam-hikayeleri-ve-talepleri\/"},"modified":"2026-04-15T03:46:08","modified_gmt":"2026-04-15T00:46:08","slug":"mevsimlik-gezici-tarim-iscilerinin-yasam-hikayeleri-ve-talepleri","status":"publish","type":"product","link":"https:\/\/roveyayinevi.com.tr\/index.php\/urun\/mevsimlik-gezici-tarim-iscilerinin-yasam-hikayeleri-ve-talepleri\/","title":{"rendered":"Mevsimlik Gezici Tar\u0131m \u0130\u015f\u00e7ilerinin Ya\u015fam Hikayeleri ve Talepleri"},"content":{"rendered":"<p>Bu kitap topra\u011f\u0131n \u00fczerinde de\u011fil topra\u011f\u0131n i\u00e7inde b\u00fcy\u00fcyen insanlar\u0131n hikayesidir.30 y\u0131l boyunca tarladan tarlaya, mevsimden mevsime g\u00f6\u00e7 eden bir tar\u0131m i\u015f\u00e7isinin deneyimiyle ve tan\u0131kl\u0131\u011f\u0131yla yaz\u0131ld\u0131.<\/p>\n","protected":false},"excerpt":{"rendered":"<p>Bu kitap topra\u011f\u0131n \u00fczerinde de\u011fil topra\u011f\u0131n i\u00e7inde b\u00fcy\u00fcyen insanlar\u0131n hikayesidir.30 y\u0131l boyunca tarladan tarlaya, mevsimden mevsime g\u00f6\u00e7 eden bir tar\u0131m i\u015f\u00e7isinin deneyimiyle ve tan\u0131kl\u0131\u011f\u0131yla yaz\u0131ld\u0131.<\/p>\n","protected":false},"featured_media":0,"template":"","meta":{"_monsterinsights_skip_tracking":false,"_monsterinsights_sitenote_active":false,"_monsterinsights_sitenote_note":"","_monsterinsights_sitenote_category":0},"product_brand":[],"product_cat":[12325,12324],"product_tag":[],"class_list":{"0":"post-782048","1":"product","2":"type-product","3":"status-publish","5":"product_cat-diger-sosyoloji","6":"product_cat-sosyoloji","7":"pa_cilt-ciltsiz","8":"pa_tur-kitap","9":"pa_yayinevi-gimsetap-yayinlari","10":"pa_yazar-mehmet-inan","12":"first","13":"instock","14":"sale","15":"shipping-taxable","16":"purchasable","17":"product-type-simple"},"_links":{"self":[{"href":"https:\/\/roveyayinevi.com.tr\/index.php\/wp-json\/wp\/v2\/product\/782048","targetHints":{"allow":["GET"]}}],"collection":[{"href":"https:\/\/roveyayinevi.com.tr\/index.php\/wp-json\/wp\/v2\/product"}],"about":[{"href":"https:\/\/roveyayinevi.com.tr\/index.php\/wp-json\/wp\/v2\/types\/product"}],"wp:attachment":[{"href":"https:\/\/roveyayinevi.com.tr\/index.php\/wp-json\/wp\/v2\/media?parent=782048"}],"wp:term":[{"taxonomy":"product_brand","embeddable":true,"href":"https:\/\/roveyayinevi.com.tr\/index.php\/wp-json\/wp\/v2\/product_brand?post=782048"},{"taxonomy":"product_cat","embeddable":true,"href":"https:\/\/roveyayinevi.com.tr\/index.php\/wp-json\/wp\/v2\/product_cat?post=782048"},{"taxonomy":"product_tag","embeddable":true,"href":"https:\/\/roveyayinevi.com.tr\/index.php\/wp-json\/wp\/v2\/product_tag?post=782048"}],"curies":[{"name":"wp","href":"https:\/\/api.w.org\/{rel}","templated":true}]}}