{"id":782041,"date":"2026-02-01T15:40:44","date_gmt":"2026-02-01T12:40:44","guid":{"rendered":"https:\/\/roveyayinevi.com.tr\/index.php\/urun\/alis-harikalar-diyarinda-3\/"},"modified":"2026-04-15T03:46:06","modified_gmt":"2026-04-15T00:46:06","slug":"alis-harikalar-diyarinda-3","status":"publish","type":"product","link":"https:\/\/roveyayinevi.com.tr\/index.php\/urun\/alis-harikalar-diyarinda-3\/","title":{"rendered":"Ali\u015f Harikalar Diyar\u0131nda"},"content":{"rendered":"<p>Ali\u015f yeni bir y\u0131la girece\u011fi i\u00e7in \u00e7ok mutluydu. Geride kalan y\u0131l Ali\u015f&#8217;e yeni bir arkada\u015f kazand\u0131rm\u0131\u015ft\u0131&#8230;Bu y\u0131l aralar\u0131na kat\u0131lan Caner&#8217;in babas\u0131n\u0131n balet oldu\u011funu \u00f6\u011frenen Ali\u015f ve di\u011fer \u00e7ocuklar, merakla Caner&#8217;e sorular sorarlar hatta Ali\u015f eve gitti\u011finde internetten k\u00fc\u00e7\u00fck bir ara\u015ft\u0131rma bile yapar. \u00c7ocuklar\u0131n ilgisini fark eden A\u015fk\u0131n \u00d6\u011fretmen, y\u0131lba\u015f\u0131 \u00f6ncesi bir s\u00fcrpriz haz\u0131rlamaya karar verir. Hayal d\u00fcnyalar\u0131n\u0131n kap\u0131lar\u0131n\u0131 sonuna kadar a\u00e7acak bu deneyimde \u00e7ocuklar, hem bale sanat\u0131yla ilgili bilgilenecek hem de unutulmaz bir gece ge\u00e7irecektir.Ali\u015f Harikalar Diyar\u0131nda; bizi dinlendiren, zenginle\u015ftiren, birle\u015ftiren ve bize hayal d\u00fcnyam\u0131z\u0131n kap\u0131lar\u0131n\u0131 ard\u0131na kadar a\u00e7an sanat\u0131n de\u011feri \u00fczerine kurulu s\u0131cac\u0131k bir \u00f6yk\u00fc anlat\u0131yor.<\/p>\n","protected":false},"excerpt":{"rendered":"<p>Ali\u015f yeni bir y\u0131la girece\u011fi i\u00e7in \u00e7ok mutluydu. Geride kalan y\u0131l Ali\u015f&#8217;e yeni bir arkada\u015f kazand\u0131rm\u0131\u015ft\u0131&#8230;Bu y\u0131l aralar\u0131na kat\u0131lan Caner&#8217;in babas\u0131n\u0131n balet oldu\u011funu \u00f6\u011frenen Ali\u015f ve<span class=\"excerpt-hellip\"> [\u2026]<\/span><\/p>\n","protected":false},"featured_media":0,"template":"","meta":{"_monsterinsights_skip_tracking":false,"_monsterinsights_sitenote_active":false,"_monsterinsights_sitenote_note":"","_monsterinsights_sitenote_category":0},"product_brand":[],"product_cat":[12274,12284],"product_tag":[],"class_list":{"0":"post-782041","1":"product","2":"type-product","3":"status-publish","5":"product_cat-cocuk-ve-genclik-kitaplari","6":"product_cat-hikayeler","7":"pa_cilt-ciltsiz","8":"pa_tur-kitap","9":"pa_yayinevi-altin-kitaplar","10":"pa_yazar-seyma-ayik","12":"first","13":"instock","14":"sale","15":"shipping-taxable","16":"purchasable","17":"product-type-simple"},"_links":{"self":[{"href":"https:\/\/roveyayinevi.com.tr\/index.php\/wp-json\/wp\/v2\/product\/782041","targetHints":{"allow":["GET"]}}],"collection":[{"href":"https:\/\/roveyayinevi.com.tr\/index.php\/wp-json\/wp\/v2\/product"}],"about":[{"href":"https:\/\/roveyayinevi.com.tr\/index.php\/wp-json\/wp\/v2\/types\/product"}],"wp:attachment":[{"href":"https:\/\/roveyayinevi.com.tr\/index.php\/wp-json\/wp\/v2\/media?parent=782041"}],"wp:term":[{"taxonomy":"product_brand","embeddable":true,"href":"https:\/\/roveyayinevi.com.tr\/index.php\/wp-json\/wp\/v2\/product_brand?post=782041"},{"taxonomy":"product_cat","embeddable":true,"href":"https:\/\/roveyayinevi.com.tr\/index.php\/wp-json\/wp\/v2\/product_cat?post=782041"},{"taxonomy":"product_tag","embeddable":true,"href":"https:\/\/roveyayinevi.com.tr\/index.php\/wp-json\/wp\/v2\/product_tag?post=782041"}],"curies":[{"name":"wp","href":"https:\/\/api.w.org\/{rel}","templated":true}]}}