{"id":782038,"date":"2026-02-01T15:40:36","date_gmt":"2026-02-01T12:40:36","guid":{"rendered":"https:\/\/roveyayinevi.com.tr\/index.php\/urun\/yeni-bir-yuzyila-girerken-turkiye\/"},"modified":"2026-04-15T03:46:05","modified_gmt":"2026-04-15T00:46:05","slug":"yeni-bir-yuzyila-girerken-turkiye","status":"publish","type":"product","link":"https:\/\/roveyayinevi.com.tr\/index.php\/urun\/yeni-bir-yuzyila-girerken-turkiye\/","title":{"rendered":"Yeni Bir Y\u00fczy\u0131la Girerken T\u00dcRK\u0130YE"},"content":{"rendered":"<p>T\u00fcrkiye\u2019nin yeni y\u00fczy\u0131ldaki y\u00f6n aray\u0131\u015f\u0131n\u0131; devlet, adalet ve toplumsal denge ekseninde ele alan bu kitap, temel sorunlar\u0131 sade bir dille inceliyor. Ekonomi, hukuk, e\u011fitim ve sosyal devlet ba\u015fl\u0131klar\u0131nda ger\u00e7ek\u00e7i tespitler ve ortak akla dayal\u0131 yakla\u015f\u0131mlar sunuyor. Sloganlardan uzak, gelece\u011fe dair d\u00fc\u015f\u00fcnmeyi ama\u00e7layan bir eserdir.<\/p>\n","protected":false},"excerpt":{"rendered":"<p>T\u00fcrkiye\u2019nin yeni y\u00fczy\u0131ldaki y\u00f6n aray\u0131\u015f\u0131n\u0131; devlet, adalet ve toplumsal denge ekseninde ele alan bu kitap, temel sorunlar\u0131 sade bir dille inceliyor. Ekonomi, hukuk, e\u011fitim ve sosyal<span class=\"excerpt-hellip\"> [\u2026]<\/span><\/p>\n","protected":false},"featured_media":0,"template":"","meta":{"_monsterinsights_skip_tracking":false,"_monsterinsights_sitenote_active":false,"_monsterinsights_sitenote_note":"","_monsterinsights_sitenote_category":0},"product_brand":[],"product_cat":[12364],"product_tag":[],"class_list":{"0":"post-782038","1":"product","2":"type-product","3":"status-publish","5":"product_cat-genel-konular","6":"pa_cilt-ciltsiz","7":"pa_tur-kitap","8":"pa_yayinevi-kalem-lugat-yayincilik","9":"pa_yazar-filiz-tukenmez","11":"first","12":"instock","13":"sale","14":"shipping-taxable","15":"purchasable","16":"product-type-simple"},"_links":{"self":[{"href":"https:\/\/roveyayinevi.com.tr\/index.php\/wp-json\/wp\/v2\/product\/782038","targetHints":{"allow":["GET"]}}],"collection":[{"href":"https:\/\/roveyayinevi.com.tr\/index.php\/wp-json\/wp\/v2\/product"}],"about":[{"href":"https:\/\/roveyayinevi.com.tr\/index.php\/wp-json\/wp\/v2\/types\/product"}],"wp:attachment":[{"href":"https:\/\/roveyayinevi.com.tr\/index.php\/wp-json\/wp\/v2\/media?parent=782038"}],"wp:term":[{"taxonomy":"product_brand","embeddable":true,"href":"https:\/\/roveyayinevi.com.tr\/index.php\/wp-json\/wp\/v2\/product_brand?post=782038"},{"taxonomy":"product_cat","embeddable":true,"href":"https:\/\/roveyayinevi.com.tr\/index.php\/wp-json\/wp\/v2\/product_cat?post=782038"},{"taxonomy":"product_tag","embeddable":true,"href":"https:\/\/roveyayinevi.com.tr\/index.php\/wp-json\/wp\/v2\/product_tag?post=782038"}],"curies":[{"name":"wp","href":"https:\/\/api.w.org\/{rel}","templated":true}]}}