{"id":782037,"date":"2026-02-01T15:40:34","date_gmt":"2026-02-01T12:40:34","guid":{"rendered":"https:\/\/roveyayinevi.com.tr\/index.php\/urun\/fetih-ruhu\/"},"modified":"2026-04-15T03:46:05","modified_gmt":"2026-04-15T00:46:05","slug":"fetih-ruhu","status":"publish","type":"product","link":"https:\/\/roveyayinevi.com.tr\/index.php\/urun\/fetih-ruhu\/","title":{"rendered":"Fetih Ruhu"},"content":{"rendered":"<p>Fetih, bir \u015fehrin de\u011fil; bir \u00e7a\u011f\u0131n, bir medeniyetin ve bir zihniyetin yeniden do\u011fu\u015fudur. Fatih Sultan Mehmet, 21 ya\u015f\u0131nda \u0130stanbul\u2019u fethederek Orta \u00c7a\u011f\u2019\u0131 kapat\u0131p Yeni \u00c7a\u011f\u2019\u0131 a\u00e7m\u0131\u015ft\u0131r. Ancak as\u0131l zafer, k\u0131l\u0131\u00e7la de\u011fil; fetihten sonra kurulan d\u00fczenle, adaletle, merkez\u00ee hukuk ile, farkl\u0131 din ve milletlerin bir arada tutulmas\u0131yla kazan\u0131lm\u0131\u015ft\u0131r. Bu kitap, fetih kavram\u0131n\u0131 askeri bir olay olmaktan \u00e7\u0131kar\u0131p siyasal bir proje, devlet in\u015fas\u0131 sanat\u0131 ve kal\u0131c\u0131 medeniyet tasavvuru olarak yeniden okur. Asker\u00ee fetih zaferi verir; siyasal fetih imparatorlu\u011fu do\u011furur. Zafer ge\u00e7icidir; d\u00fczen kal\u0131c\u0131d\u0131r. Fatih\u2019in miras\u0131, sadece bir \u015fehrin de\u011fil; adaletle g\u00fc\u00e7lendirilmi\u015f, uzun vadeli, \u00e7ok k\u00fclt\u00fcrl\u00fc ve s\u00fcreklilik arz eden bir imparatorluk kimli\u011finin ta kendisidir. Fetih ruhu, tarih boyunca ve bug\u00fcn de, b\u00fcy\u00fck d\u00fc\u015f\u00fcnen, uzun vadeli plan yapan, farkl\u0131l\u0131klar\u0131 \u00e7at\u0131\u015fma de\u011fil zenginlik olarak g\u00f6ren her irade i\u00e7in en g\u00fc\u00e7l\u00fc ilham kayna\u011f\u0131 olmaya devam ediyor. Bu eser, o ruhu anlamak ve gelece\u011fe ta\u015f\u0131mak isteyenler i\u00e7in yaz\u0131lm\u0131\u015ft\u0131r. \u201cFetih, zaferin de\u011fil d\u00fczenin ad\u0131d\u0131r.\u201d<\/p>\n","protected":false},"excerpt":{"rendered":"<p>Fetih, bir \u015fehrin de\u011fil; bir \u00e7a\u011f\u0131n, bir medeniyetin ve bir zihniyetin yeniden do\u011fu\u015fudur. Fatih Sultan Mehmet, 21 ya\u015f\u0131nda \u0130stanbul\u2019u fethederek Orta \u00c7a\u011f\u2019\u0131 kapat\u0131p Yeni \u00c7a\u011f\u2019\u0131 a\u00e7m\u0131\u015ft\u0131r.<span class=\"excerpt-hellip\"> [\u2026]<\/span><\/p>\n","protected":false},"featured_media":0,"template":"","meta":{"_monsterinsights_skip_tracking":false,"_monsterinsights_sitenote_active":false,"_monsterinsights_sitenote_note":"","_monsterinsights_sitenote_category":0},"product_brand":[],"product_cat":[12304],"product_tag":[],"class_list":{"0":"post-782037","1":"product","2":"type-product","3":"status-publish","5":"product_cat-tarih","6":"pa_cilt-ciltsiz","7":"pa_tur-kitap","8":"pa_yayinevi-kalem-lugat-yayincilik","9":"pa_yazar-ayhan-tas","11":"first","12":"instock","13":"sale","14":"shipping-taxable","15":"purchasable","16":"product-type-simple"},"_links":{"self":[{"href":"https:\/\/roveyayinevi.com.tr\/index.php\/wp-json\/wp\/v2\/product\/782037","targetHints":{"allow":["GET"]}}],"collection":[{"href":"https:\/\/roveyayinevi.com.tr\/index.php\/wp-json\/wp\/v2\/product"}],"about":[{"href":"https:\/\/roveyayinevi.com.tr\/index.php\/wp-json\/wp\/v2\/types\/product"}],"wp:attachment":[{"href":"https:\/\/roveyayinevi.com.tr\/index.php\/wp-json\/wp\/v2\/media?parent=782037"}],"wp:term":[{"taxonomy":"product_brand","embeddable":true,"href":"https:\/\/roveyayinevi.com.tr\/index.php\/wp-json\/wp\/v2\/product_brand?post=782037"},{"taxonomy":"product_cat","embeddable":true,"href":"https:\/\/roveyayinevi.com.tr\/index.php\/wp-json\/wp\/v2\/product_cat?post=782037"},{"taxonomy":"product_tag","embeddable":true,"href":"https:\/\/roveyayinevi.com.tr\/index.php\/wp-json\/wp\/v2\/product_tag?post=782037"}],"curies":[{"name":"wp","href":"https:\/\/api.w.org\/{rel}","templated":true}]}}