{"id":782025,"date":"2026-02-01T15:39:44","date_gmt":"2026-02-01T12:39:44","guid":{"rendered":"https:\/\/roveyayinevi.com.tr\/index.php\/urun\/yuregin-dili-siir\/"},"modified":"2026-04-15T03:45:34","modified_gmt":"2026-04-15T00:45:34","slug":"yuregin-dili-siir","status":"publish","type":"product","link":"https:\/\/roveyayinevi.com.tr\/index.php\/urun\/yuregin-dili-siir\/","title":{"rendered":"Y\u00fcre\u011fin Dili \u015eiir"},"content":{"rendered":"<p>G\u00fcl\u00fc\u015f\u00fcn cennetteki ku\u015flar\u0131n \u015fak\u0131mas\u0131d\u0131r.Kokun bahar\u0131n en g\u00fczel \u00e7i\u00e7eklerindendir.Seni g\u00f6rmek,gurbetten gelip s\u0131laya kavu\u015fmakt\u0131r.Sen varsan cennettir d\u00f6rt duvar,Yoksan koca \u015fehir cehennemdir<\/p>\n","protected":false},"excerpt":{"rendered":"<p>G\u00fcl\u00fc\u015f\u00fcn cennetteki ku\u015flar\u0131n \u015fak\u0131mas\u0131d\u0131r.Kokun bahar\u0131n en g\u00fczel \u00e7i\u00e7eklerindendir.Seni g\u00f6rmek,gurbetten gelip s\u0131laya kavu\u015fmakt\u0131r.Sen varsan cennettir d\u00f6rt duvar,Yoksan koca \u015fehir cehennemdir<\/p>\n","protected":false},"featured_media":0,"template":"","meta":{"_monsterinsights_skip_tracking":false,"_monsterinsights_sitenote_active":false,"_monsterinsights_sitenote_note":"","_monsterinsights_sitenote_category":0},"product_brand":[],"product_cat":[35958],"product_tag":[],"class_list":{"0":"post-782025","1":"product","2":"type-product","3":"status-publish","5":"product_cat-siir-2","6":"pa_cilt-ciltsiz","7":"pa_tur-kitap","8":"pa_yayinevi-gimsetap-yayinlari","9":"pa_yazar-abdullah-denktas","11":"first","12":"instock","13":"sale","14":"shipping-taxable","15":"purchasable","16":"product-type-simple"},"_links":{"self":[{"href":"https:\/\/roveyayinevi.com.tr\/index.php\/wp-json\/wp\/v2\/product\/782025","targetHints":{"allow":["GET"]}}],"collection":[{"href":"https:\/\/roveyayinevi.com.tr\/index.php\/wp-json\/wp\/v2\/product"}],"about":[{"href":"https:\/\/roveyayinevi.com.tr\/index.php\/wp-json\/wp\/v2\/types\/product"}],"wp:attachment":[{"href":"https:\/\/roveyayinevi.com.tr\/index.php\/wp-json\/wp\/v2\/media?parent=782025"}],"wp:term":[{"taxonomy":"product_brand","embeddable":true,"href":"https:\/\/roveyayinevi.com.tr\/index.php\/wp-json\/wp\/v2\/product_brand?post=782025"},{"taxonomy":"product_cat","embeddable":true,"href":"https:\/\/roveyayinevi.com.tr\/index.php\/wp-json\/wp\/v2\/product_cat?post=782025"},{"taxonomy":"product_tag","embeddable":true,"href":"https:\/\/roveyayinevi.com.tr\/index.php\/wp-json\/wp\/v2\/product_tag?post=782025"}],"curies":[{"name":"wp","href":"https:\/\/api.w.org\/{rel}","templated":true}]}}