{"id":782021,"date":"2026-02-01T15:39:36","date_gmt":"2026-02-01T12:39:36","guid":{"rendered":"https:\/\/roveyayinevi.com.tr\/index.php\/urun\/kirik-kalpten-dokulen-dizeler\/"},"modified":"2026-04-15T03:45:34","modified_gmt":"2026-04-15T00:45:34","slug":"kirik-kalpten-dokulen-dizeler","status":"publish","type":"product","link":"https:\/\/roveyayinevi.com.tr\/index.php\/urun\/kirik-kalpten-dokulen-dizeler\/","title":{"rendered":"K\u0131r\u0131k Kalpten D\u00f6k\u00fclen Dizeler"},"content":{"rendered":"<p>M\u00dcH\u00dcR G\u00d6ZL\u00dcMSen m\u00fch\u00fcr g\u00f6zl\u00fcm, dualar\u0131ma katt\u0131\u011f\u0131m. Sen ey k\u00f6m\u00fcr g\u00f6zl\u00fcm, d\u00fc\u015fleyerek yatt\u0131\u011f\u0131m. Sen ki g\u00f6zlerimi kapat\u0131nca kar\u015f\u0131mda beliren heybetli a\u015fk\u0131m. Gelmesen de hayalinle ya\u015famaya raz\u0131y\u0131m.Bak yine seni istedim Allah&#8217;tan defalarca. Kapat\u0131p g\u00f6zlerimi hayk\u0131rd\u0131m ad\u0131n\u0131 gecenin karanl\u0131\u011f\u0131na. Birden y\u0131ld\u0131z kay\u0131verdi g\u00f6zden kayboldu sonra. Yine seni diledim ve g\u00f6nderdim ar\u015f-\u0131 semaya.Sen her namazda duam ve her kayan y\u0131ld\u0131zdan dile\u011fim. Sen m\u00fch\u00fcr g\u00f6zl\u00fcm uzaktan sevdi\u011fim. Sen ey kara g\u00f6zl\u00fc yar hayalini sevdi\u011fim. Benim olmasan da bir \u00f6m\u00fcr boyu severim.Karanl\u0131k bir ba\u015fka g\u00fczel geliyor bana, \u00c7\u00fcnk\u00fc her gece sen geliyorsun r\u00fcyalar\u0131ma. Bu y\u00fczden geceler bir ba\u015fka g\u00fczel, Ve i\u00e7inde sen olan r\u00fcyalarsa bir ba\u015fka \u00f6zel.<\/p>\n","protected":false},"excerpt":{"rendered":"<p>M\u00dcH\u00dcR G\u00d6ZL\u00dcMSen m\u00fch\u00fcr g\u00f6zl\u00fcm, dualar\u0131ma katt\u0131\u011f\u0131m. Sen ey k\u00f6m\u00fcr g\u00f6zl\u00fcm, d\u00fc\u015fleyerek yatt\u0131\u011f\u0131m. Sen ki g\u00f6zlerimi kapat\u0131nca kar\u015f\u0131mda beliren heybetli a\u015fk\u0131m. Gelmesen de hayalinle ya\u015famaya raz\u0131y\u0131m.Bak yine<span class=\"excerpt-hellip\"> [\u2026]<\/span><\/p>\n","protected":false},"featured_media":0,"template":"","meta":{"_monsterinsights_skip_tracking":false,"_monsterinsights_sitenote_active":false,"_monsterinsights_sitenote_note":"","_monsterinsights_sitenote_category":0},"product_brand":[],"product_cat":[35958],"product_tag":[],"class_list":{"0":"post-782021","1":"product","2":"type-product","3":"status-publish","5":"product_cat-siir-2","6":"pa_cilt-ciltsiz","7":"pa_tur-kitap","8":"pa_yayinevi-gimsetap-yayinlari","9":"pa_yazar-tansu-bayram","11":"first","12":"instock","13":"sale","14":"shipping-taxable","15":"purchasable","16":"product-type-simple"},"_links":{"self":[{"href":"https:\/\/roveyayinevi.com.tr\/index.php\/wp-json\/wp\/v2\/product\/782021","targetHints":{"allow":["GET"]}}],"collection":[{"href":"https:\/\/roveyayinevi.com.tr\/index.php\/wp-json\/wp\/v2\/product"}],"about":[{"href":"https:\/\/roveyayinevi.com.tr\/index.php\/wp-json\/wp\/v2\/types\/product"}],"wp:attachment":[{"href":"https:\/\/roveyayinevi.com.tr\/index.php\/wp-json\/wp\/v2\/media?parent=782021"}],"wp:term":[{"taxonomy":"product_brand","embeddable":true,"href":"https:\/\/roveyayinevi.com.tr\/index.php\/wp-json\/wp\/v2\/product_brand?post=782021"},{"taxonomy":"product_cat","embeddable":true,"href":"https:\/\/roveyayinevi.com.tr\/index.php\/wp-json\/wp\/v2\/product_cat?post=782021"},{"taxonomy":"product_tag","embeddable":true,"href":"https:\/\/roveyayinevi.com.tr\/index.php\/wp-json\/wp\/v2\/product_tag?post=782021"}],"curies":[{"name":"wp","href":"https:\/\/api.w.org\/{rel}","templated":true}]}}