{"id":782020,"date":"2026-02-01T15:39:34","date_gmt":"2026-02-01T12:39:34","guid":{"rendered":"https:\/\/roveyayinevi.com.tr\/index.php\/urun\/kapadokyada-ask-ve-direnis\/"},"modified":"2026-04-15T03:45:34","modified_gmt":"2026-04-15T00:45:34","slug":"kapadokyada-ask-ve-direnis","status":"publish","type":"product","link":"https:\/\/roveyayinevi.com.tr\/index.php\/urun\/kapadokyada-ask-ve-direnis\/","title":{"rendered":"Kapadokya&#8217;da A\u015fk ve Direni\u015f"},"content":{"rendered":"<p>KAPADOKYA&#8217;DA A\u015eK\u00c2\u015f\u0131klar\u0131n y\u00fcre\u011finde ate\u015f yand\u0131\u011f\u0131n\u0131 duymu\u015f, sa\u00e7mal\u0131k olarak g\u00f6r\u00fcp g\u00fcl\u00fcp ge\u00e7mi\u015ftim. Peki, \u015fimdi i\u00e7imde hissetti\u011fim bu s\u0131cakl\u0131k! Kalp at\u0131\u015f\u0131m\u0131 h\u0131zland\u0131ran bu \u015fey! Hi\u00e7 inanmad\u0131\u011f\u0131m ve beni nereye s\u00fcr\u00fckledi\u011fi hakk\u0131nda hi\u00e7bir fikre sahip olmad\u0131\u011f\u0131m bu duygu! Yoksa a\u015fk dedikleri \u015fey bu mu?VE D\u0130REN\u0130\u015eU\u00e7urumun kenar\u0131nda y\u0131k\u0131k bir \u00fclke&#8230; T\u00fcrl\u00fc d\u00fc\u015fmanlarla kanl\u0131 bo\u011fu\u015fmalar&#8230; Y\u0131llarca s\u00fcren sava\u015f&#8230;<\/p>\n","protected":false},"excerpt":{"rendered":"<p>KAPADOKYA&#8217;DA A\u015eK\u00c2\u015f\u0131klar\u0131n y\u00fcre\u011finde ate\u015f yand\u0131\u011f\u0131n\u0131 duymu\u015f, sa\u00e7mal\u0131k olarak g\u00f6r\u00fcp g\u00fcl\u00fcp ge\u00e7mi\u015ftim. Peki, \u015fimdi i\u00e7imde hissetti\u011fim bu s\u0131cakl\u0131k! Kalp at\u0131\u015f\u0131m\u0131 h\u0131zland\u0131ran bu \u015fey! Hi\u00e7 inanmad\u0131\u011f\u0131m ve beni<span class=\"excerpt-hellip\"> [\u2026]<\/span><\/p>\n","protected":false},"featured_media":0,"template":"","meta":{"_monsterinsights_skip_tracking":false,"_monsterinsights_sitenote_active":false,"_monsterinsights_sitenote_note":"","_monsterinsights_sitenote_category":0},"product_brand":[],"product_cat":[12291,12711],"product_tag":[],"class_list":{"0":"post-782020","1":"product","2":"type-product","3":"status-publish","5":"product_cat-edebiyat","6":"product_cat-roman-oyku","7":"pa_cilt-ciltsiz","8":"pa_tur-kitap","9":"pa_yayinevi-gimsetap-yayinlari","10":"pa_yazar-tamer-altuntas","12":"first","13":"instock","14":"sale","15":"shipping-taxable","16":"purchasable","17":"product-type-simple"},"_links":{"self":[{"href":"https:\/\/roveyayinevi.com.tr\/index.php\/wp-json\/wp\/v2\/product\/782020","targetHints":{"allow":["GET"]}}],"collection":[{"href":"https:\/\/roveyayinevi.com.tr\/index.php\/wp-json\/wp\/v2\/product"}],"about":[{"href":"https:\/\/roveyayinevi.com.tr\/index.php\/wp-json\/wp\/v2\/types\/product"}],"wp:attachment":[{"href":"https:\/\/roveyayinevi.com.tr\/index.php\/wp-json\/wp\/v2\/media?parent=782020"}],"wp:term":[{"taxonomy":"product_brand","embeddable":true,"href":"https:\/\/roveyayinevi.com.tr\/index.php\/wp-json\/wp\/v2\/product_brand?post=782020"},{"taxonomy":"product_cat","embeddable":true,"href":"https:\/\/roveyayinevi.com.tr\/index.php\/wp-json\/wp\/v2\/product_cat?post=782020"},{"taxonomy":"product_tag","embeddable":true,"href":"https:\/\/roveyayinevi.com.tr\/index.php\/wp-json\/wp\/v2\/product_tag?post=782020"}],"curies":[{"name":"wp","href":"https:\/\/api.w.org\/{rel}","templated":true}]}}