{"id":782017,"date":"2026-02-01T15:39:26","date_gmt":"2026-02-01T12:39:26","guid":{"rendered":"https:\/\/roveyayinevi.com.tr\/index.php\/urun\/uzak-sehirden-sesler\/"},"modified":"2026-04-15T03:45:34","modified_gmt":"2026-04-15T00:45:34","slug":"uzak-sehirden-sesler","status":"publish","type":"product","link":"https:\/\/roveyayinevi.com.tr\/index.php\/urun\/uzak-sehirden-sesler\/","title":{"rendered":"Uzak \u015eehirden Sesler"},"content":{"rendered":"<p>Bu eser mistik ve mitolojik \u00f6\u011feler ile birlikte biyografik ve kurgusal dokunu\u015flarla \u00f6zg\u00fcn bir yap\u0131tt\u0131r. Her cevaps\u0131z kalan sualin muhakkak bir yan\u0131t\u0131 vard\u0131r. Sizce yazar\u0131m\u0131z ka\u00e7 ya\u015f\u0131ndad\u0131r.<\/p>\n","protected":false},"excerpt":{"rendered":"<p>Bu eser mistik ve mitolojik \u00f6\u011feler ile birlikte biyografik ve kurgusal dokunu\u015flarla \u00f6zg\u00fcn bir yap\u0131tt\u0131r. Her cevaps\u0131z kalan sualin muhakkak bir yan\u0131t\u0131 vard\u0131r. Sizce yazar\u0131m\u0131z ka\u00e7<span class=\"excerpt-hellip\"> [\u2026]<\/span><\/p>\n","protected":false},"featured_media":0,"template":"","meta":{"_monsterinsights_skip_tracking":false,"_monsterinsights_sitenote_active":false,"_monsterinsights_sitenote_note":"","_monsterinsights_sitenote_category":0},"product_brand":[],"product_cat":[12291,14777],"product_tag":[],"class_list":{"0":"post-782017","1":"product","2":"type-product","3":"status-publish","5":"product_cat-edebiyat","6":"product_cat-fantastik","7":"pa_cilt-ciltsiz","8":"pa_tur-kitap","9":"pa_yayinevi-gimsetap-yayinlari","10":"pa_yazar-servet-ektiren","12":"first","13":"instock","14":"sale","15":"shipping-taxable","16":"purchasable","17":"product-type-simple"},"_links":{"self":[{"href":"https:\/\/roveyayinevi.com.tr\/index.php\/wp-json\/wp\/v2\/product\/782017","targetHints":{"allow":["GET"]}}],"collection":[{"href":"https:\/\/roveyayinevi.com.tr\/index.php\/wp-json\/wp\/v2\/product"}],"about":[{"href":"https:\/\/roveyayinevi.com.tr\/index.php\/wp-json\/wp\/v2\/types\/product"}],"wp:attachment":[{"href":"https:\/\/roveyayinevi.com.tr\/index.php\/wp-json\/wp\/v2\/media?parent=782017"}],"wp:term":[{"taxonomy":"product_brand","embeddable":true,"href":"https:\/\/roveyayinevi.com.tr\/index.php\/wp-json\/wp\/v2\/product_brand?post=782017"},{"taxonomy":"product_cat","embeddable":true,"href":"https:\/\/roveyayinevi.com.tr\/index.php\/wp-json\/wp\/v2\/product_cat?post=782017"},{"taxonomy":"product_tag","embeddable":true,"href":"https:\/\/roveyayinevi.com.tr\/index.php\/wp-json\/wp\/v2\/product_tag?post=782017"}],"curies":[{"name":"wp","href":"https:\/\/api.w.org\/{rel}","templated":true}]}}