{"id":782016,"date":"2026-02-01T15:39:24","date_gmt":"2026-02-01T12:39:24","guid":{"rendered":"https:\/\/roveyayinevi.com.tr\/index.php\/urun\/kalemimden\/"},"modified":"2026-04-15T03:45:34","modified_gmt":"2026-04-15T00:45:34","slug":"kalemimden","status":"publish","type":"product","link":"https:\/\/roveyayinevi.com.tr\/index.php\/urun\/kalemimden\/","title":{"rendered":"Kalemimden"},"content":{"rendered":"<p>\u00c7ok \u00e7al\u0131\u015fmak kaybettirir, \u00c7ok arzulamak a\u015fkla\u015ft\u0131r\u0131r, \u00c7ok \u00f6vmek egola\u015ft\u0131r\u0131r, \u00c7ok d\u00fc\u015f\u00fcnmekse yaln\u0131zla\u015ft\u0131r\u0131r.<\/p>\n","protected":false},"excerpt":{"rendered":"<p>\u00c7ok \u00e7al\u0131\u015fmak kaybettirir, \u00c7ok arzulamak a\u015fkla\u015ft\u0131r\u0131r, \u00c7ok \u00f6vmek egola\u015ft\u0131r\u0131r, \u00c7ok d\u00fc\u015f\u00fcnmekse yaln\u0131zla\u015ft\u0131r\u0131r.<\/p>\n","protected":false},"featured_media":0,"template":"","meta":{"_monsterinsights_skip_tracking":false,"_monsterinsights_sitenote_active":false,"_monsterinsights_sitenote_note":"","_monsterinsights_sitenote_category":0},"product_brand":[],"product_cat":[12777,12291],"product_tag":[],"class_list":{"0":"post-782016","1":"product","2":"type-product","3":"status-publish","5":"product_cat-deneme","6":"product_cat-edebiyat","7":"pa_cilt-ciltsiz","8":"pa_tur-kitap","9":"pa_yayinevi-gimsetap-yayinlari","10":"pa_yazar-servet-ektiren","12":"first","13":"instock","14":"sale","15":"shipping-taxable","16":"purchasable","17":"product-type-simple"},"_links":{"self":[{"href":"https:\/\/roveyayinevi.com.tr\/index.php\/wp-json\/wp\/v2\/product\/782016","targetHints":{"allow":["GET"]}}],"collection":[{"href":"https:\/\/roveyayinevi.com.tr\/index.php\/wp-json\/wp\/v2\/product"}],"about":[{"href":"https:\/\/roveyayinevi.com.tr\/index.php\/wp-json\/wp\/v2\/types\/product"}],"wp:attachment":[{"href":"https:\/\/roveyayinevi.com.tr\/index.php\/wp-json\/wp\/v2\/media?parent=782016"}],"wp:term":[{"taxonomy":"product_brand","embeddable":true,"href":"https:\/\/roveyayinevi.com.tr\/index.php\/wp-json\/wp\/v2\/product_brand?post=782016"},{"taxonomy":"product_cat","embeddable":true,"href":"https:\/\/roveyayinevi.com.tr\/index.php\/wp-json\/wp\/v2\/product_cat?post=782016"},{"taxonomy":"product_tag","embeddable":true,"href":"https:\/\/roveyayinevi.com.tr\/index.php\/wp-json\/wp\/v2\/product_tag?post=782016"}],"curies":[{"name":"wp","href":"https:\/\/api.w.org\/{rel}","templated":true}]}}