{"id":782015,"date":"2026-02-01T15:39:22","date_gmt":"2026-02-01T12:39:22","guid":{"rendered":"https:\/\/roveyayinevi.com.tr\/index.php\/urun\/duygu-denizi\/"},"modified":"2026-04-15T03:45:34","modified_gmt":"2026-04-15T00:45:34","slug":"duygu-denizi","status":"publish","type":"product","link":"https:\/\/roveyayinevi.com.tr\/index.php\/urun\/duygu-denizi\/","title":{"rendered":"Duygu Denizi"},"content":{"rendered":"<p>D\u00dcZEN TUTMAZ OLDU SAZIMD\u00fczen tutmaz oldu \u015fu benim saz\u0131m.K\u0131\u015fa d\u00f6nd\u00fcrd\u00fcler bahar\u0131m, yaz\u0131m.Avc\u0131l\u0131k yapm\u0131yor nedense taz\u0131m.Karn\u0131ma bir lokma girmiyor art\u0131k. Mikroplar t\u00fcredi, gayri baym\u0131\u015f\u0131z.De\u011ferlerimizi yo\u011fa saym\u0131\u015f\u0131z.Hem benlik, hem \u00e7\u0131kar diye ya\u011fm\u0131\u015f\u0131z.Kimse derde derman dermiyor art\u0131k. Ac\u0131mas\u0131n dedim, yeter ki a\u015f\u0131m.\u00c7at\u0131lmas\u0131n dedim, yeter ki ka\u015f\u0131m.A\u011fr\u0131mas\u0131n dedim, yeter ki ba\u015f\u0131m.Lokman merhemini s\u00fcrm\u00fcyor art\u0131k. Ka\u00e7\u0131m\u0131z vard\u0131r ki ahl\u00e2kl\u0131, temiz?Hayalar bitmi\u015ftir pis ellerimiz.Gayri kayboluyor de\u011ferlerimiz.D\u00fc\u015f\u00fcnceye izan girmiyor art\u0131k.<\/p>\n","protected":false},"excerpt":{"rendered":"<p>D\u00dcZEN TUTMAZ OLDU SAZIMD\u00fczen tutmaz oldu \u015fu benim saz\u0131m.K\u0131\u015fa d\u00f6nd\u00fcrd\u00fcler bahar\u0131m, yaz\u0131m.Avc\u0131l\u0131k yapm\u0131yor nedense taz\u0131m.Karn\u0131ma bir lokma girmiyor art\u0131k. Mikroplar t\u00fcredi, gayri baym\u0131\u015f\u0131z.De\u011ferlerimizi yo\u011fa saym\u0131\u015f\u0131z.Hem benlik,<span class=\"excerpt-hellip\"> [\u2026]<\/span><\/p>\n","protected":false},"featured_media":0,"template":"","meta":{"_monsterinsights_skip_tracking":false,"_monsterinsights_sitenote_active":false,"_monsterinsights_sitenote_note":"","_monsterinsights_sitenote_category":0},"product_brand":[],"product_cat":[35958],"product_tag":[],"class_list":{"0":"post-782015","1":"product","2":"type-product","3":"status-publish","5":"product_cat-siir-2","6":"pa_cilt-ciltsiz","7":"pa_tur-kitap","8":"pa_yayinevi-gimsetap-yayinlari","9":"pa_yazar-sermet-apaydin","11":"first","12":"instock","13":"sale","14":"shipping-taxable","15":"purchasable","16":"product-type-simple"},"_links":{"self":[{"href":"https:\/\/roveyayinevi.com.tr\/index.php\/wp-json\/wp\/v2\/product\/782015","targetHints":{"allow":["GET"]}}],"collection":[{"href":"https:\/\/roveyayinevi.com.tr\/index.php\/wp-json\/wp\/v2\/product"}],"about":[{"href":"https:\/\/roveyayinevi.com.tr\/index.php\/wp-json\/wp\/v2\/types\/product"}],"wp:attachment":[{"href":"https:\/\/roveyayinevi.com.tr\/index.php\/wp-json\/wp\/v2\/media?parent=782015"}],"wp:term":[{"taxonomy":"product_brand","embeddable":true,"href":"https:\/\/roveyayinevi.com.tr\/index.php\/wp-json\/wp\/v2\/product_brand?post=782015"},{"taxonomy":"product_cat","embeddable":true,"href":"https:\/\/roveyayinevi.com.tr\/index.php\/wp-json\/wp\/v2\/product_cat?post=782015"},{"taxonomy":"product_tag","embeddable":true,"href":"https:\/\/roveyayinevi.com.tr\/index.php\/wp-json\/wp\/v2\/product_tag?post=782015"}],"curies":[{"name":"wp","href":"https:\/\/api.w.org\/{rel}","templated":true}]}}