{"id":782014,"date":"2026-02-01T15:39:19","date_gmt":"2026-02-01T12:39:19","guid":{"rendered":"https:\/\/roveyayinevi.com.tr\/index.php\/urun\/zamanin-sahipleri-hakikat\/"},"modified":"2026-04-15T03:45:34","modified_gmt":"2026-04-15T00:45:34","slug":"zamanin-sahipleri-hakikat","status":"publish","type":"product","link":"https:\/\/roveyayinevi.com.tr\/index.php\/urun\/zamanin-sahipleri-hakikat\/","title":{"rendered":"Zaman\u0131n Sahipleri &#8221;Hakikat&#8221;"},"content":{"rendered":"<p>Peki, zaman diye bir\u015fey yoksa? O vakit b\u00fct\u00fcn bu ge\u00e7mi\u015f, gelecek ve \u015fimdi dedi\u011fimiz evreler yaln\u0131zca zihnimizin \u00fcretti\u011fi yan\u0131lsamalar de\u011fil midir? Belki de biz, akl\u0131n kavray\u0131\u015f s\u0131n\u0131rlar\u0131 i\u00e7erisine s\u0131\u011fd\u0131rabilmek i\u00e7in bu m\u00fctemadiyen devinen ak\u0131\u015f\u0131 par\u00e7alara ay\u0131r\u0131yor, ona isimler veriyoruz. Oysa hakikatte b\u00fct\u00fcn anlar, tekbir b\u00fct\u00fcn\u00fcn farkl\u0131 yans\u0131malar\u0131ndan ibarettir. Ne do\u011fmu\u015f bir an vard\u0131r, nede \u00f6lm\u00fc\u015f bir an; hepsi ayn\u0131 \u00e7izginin de\u011fi\u015fik izd\u00fc\u015f\u00fcmleridir. \u0130nsan, bu alg\u0131 zincirinden kurtulabilseydi, varl\u0131\u011f\u0131n \u00f6z\u00fcne temas edebilir, \u201cZaman\u0131n Sahipleri\u201d dediklerimizin s\u0131rlar\u0131n\u0131 belki de g\u00f6rebilirdi.<\/p>\n","protected":false},"excerpt":{"rendered":"<p>Peki, zaman diye bir\u015fey yoksa? O vakit b\u00fct\u00fcn bu ge\u00e7mi\u015f, gelecek ve \u015fimdi dedi\u011fimiz evreler yaln\u0131zca zihnimizin \u00fcretti\u011fi yan\u0131lsamalar de\u011fil midir? Belki de biz, akl\u0131n kavray\u0131\u015f<span class=\"excerpt-hellip\"> [\u2026]<\/span><\/p>\n","protected":false},"featured_media":0,"template":"","meta":{"_monsterinsights_skip_tracking":false,"_monsterinsights_sitenote_active":false,"_monsterinsights_sitenote_note":"","_monsterinsights_sitenote_category":0},"product_brand":[],"product_cat":[12291,14777],"product_tag":[],"class_list":{"0":"post-782014","1":"product","2":"type-product","3":"status-publish","5":"product_cat-edebiyat","6":"product_cat-fantastik","7":"pa_cilt-ciltsiz","8":"pa_tur-kitap","9":"pa_yayinevi-gimsetap-yayinlari","10":"pa_yazar-serdar-bal","12":"first","13":"instock","14":"sale","15":"shipping-taxable","16":"purchasable","17":"product-type-simple"},"_links":{"self":[{"href":"https:\/\/roveyayinevi.com.tr\/index.php\/wp-json\/wp\/v2\/product\/782014","targetHints":{"allow":["GET"]}}],"collection":[{"href":"https:\/\/roveyayinevi.com.tr\/index.php\/wp-json\/wp\/v2\/product"}],"about":[{"href":"https:\/\/roveyayinevi.com.tr\/index.php\/wp-json\/wp\/v2\/types\/product"}],"wp:attachment":[{"href":"https:\/\/roveyayinevi.com.tr\/index.php\/wp-json\/wp\/v2\/media?parent=782014"}],"wp:term":[{"taxonomy":"product_brand","embeddable":true,"href":"https:\/\/roveyayinevi.com.tr\/index.php\/wp-json\/wp\/v2\/product_brand?post=782014"},{"taxonomy":"product_cat","embeddable":true,"href":"https:\/\/roveyayinevi.com.tr\/index.php\/wp-json\/wp\/v2\/product_cat?post=782014"},{"taxonomy":"product_tag","embeddable":true,"href":"https:\/\/roveyayinevi.com.tr\/index.php\/wp-json\/wp\/v2\/product_tag?post=782014"}],"curies":[{"name":"wp","href":"https:\/\/api.w.org\/{rel}","templated":true}]}}