{"id":782008,"date":"2026-02-01T15:39:06","date_gmt":"2026-02-01T12:39:06","guid":{"rendered":"https:\/\/roveyayinevi.com.tr\/index.php\/urun\/dobrucadan-hikayeler\/"},"modified":"2026-04-15T03:45:33","modified_gmt":"2026-04-15T00:45:33","slug":"dobrucadan-hikayeler","status":"publish","type":"product","link":"https:\/\/roveyayinevi.com.tr\/index.php\/urun\/dobrucadan-hikayeler\/","title":{"rendered":"Dobruca&#8217;dan Hikayeler"},"content":{"rendered":"<p>Elinizdeki kitap, \u00e7o\u011fu Bulgaristan&#8217;\u0131n Dobruca b\u00f6lgesinde ge\u00e7en ger\u00e7ek hikayelerden olu\u015fmaktad\u0131r. Ama esas temas\u0131 Bulgaristan T\u00fcrklerinin y\u0131llarca \u00e7ektikleri ac\u0131lar ve i\u00e7lerini yakan vatan \u00f6zlemi &#8211; &#8220;T\u00fcrkiyecilik&#8221;tir. Okurken ilgin\u00e7 ve ilham veren kahramanlarla tan\u0131\u015facak, onlarla beraber g\u00fcl\u00fcp a\u011flayacaks\u0131n\u0131z. K\u0131sacas\u0131, bu kitap T\u00fcrk D\u00fcnyas\u0131&#8217;n\u0131n unutulmu\u015f bir k\u00f6\u015fesine y\u00fcz y\u0131l\u0131 a\u015fan bir zaman penceresi a\u00e7maktad\u0131r.<\/p>\n","protected":false},"excerpt":{"rendered":"<p>Elinizdeki kitap, \u00e7o\u011fu Bulgaristan&#8217;\u0131n Dobruca b\u00f6lgesinde ge\u00e7en ger\u00e7ek hikayelerden olu\u015fmaktad\u0131r. Ama esas temas\u0131 Bulgaristan T\u00fcrklerinin y\u0131llarca \u00e7ektikleri ac\u0131lar ve i\u00e7lerini yakan vatan \u00f6zlemi &#8211; &#8220;T\u00fcrkiyecilik&#8221;tir. Okurken<span class=\"excerpt-hellip\"> [\u2026]<\/span><\/p>\n","protected":false},"featured_media":0,"template":"","meta":{"_monsterinsights_skip_tracking":false,"_monsterinsights_sitenote_active":false,"_monsterinsights_sitenote_note":"","_monsterinsights_sitenote_category":0},"product_brand":[],"product_cat":[12291,18202],"product_tag":[],"class_list":{"0":"post-782008","1":"product","2":"type-product","3":"status-publish","5":"product_cat-edebiyat","6":"product_cat-hikaye","7":"pa_cilt-ciltsiz","8":"pa_tur-kitap","9":"pa_yayinevi-gimsetap-yayinlari","10":"pa_yazar-mustafa-ustundag","12":"first","13":"instock","14":"sale","15":"shipping-taxable","16":"purchasable","17":"product-type-simple"},"_links":{"self":[{"href":"https:\/\/roveyayinevi.com.tr\/index.php\/wp-json\/wp\/v2\/product\/782008","targetHints":{"allow":["GET"]}}],"collection":[{"href":"https:\/\/roveyayinevi.com.tr\/index.php\/wp-json\/wp\/v2\/product"}],"about":[{"href":"https:\/\/roveyayinevi.com.tr\/index.php\/wp-json\/wp\/v2\/types\/product"}],"wp:attachment":[{"href":"https:\/\/roveyayinevi.com.tr\/index.php\/wp-json\/wp\/v2\/media?parent=782008"}],"wp:term":[{"taxonomy":"product_brand","embeddable":true,"href":"https:\/\/roveyayinevi.com.tr\/index.php\/wp-json\/wp\/v2\/product_brand?post=782008"},{"taxonomy":"product_cat","embeddable":true,"href":"https:\/\/roveyayinevi.com.tr\/index.php\/wp-json\/wp\/v2\/product_cat?post=782008"},{"taxonomy":"product_tag","embeddable":true,"href":"https:\/\/roveyayinevi.com.tr\/index.php\/wp-json\/wp\/v2\/product_tag?post=782008"}],"curies":[{"name":"wp","href":"https:\/\/api.w.org\/{rel}","templated":true}]}}