{"id":782007,"date":"2026-02-01T15:39:04","date_gmt":"2026-02-01T12:39:04","guid":{"rendered":"https:\/\/roveyayinevi.com.tr\/index.php\/urun\/mutlu-aileye-dogru-bir-yolculuk\/"},"modified":"2026-04-15T03:45:33","modified_gmt":"2026-04-15T00:45:33","slug":"mutlu-aileye-dogru-bir-yolculuk","status":"publish","type":"product","link":"https:\/\/roveyayinevi.com.tr\/index.php\/urun\/mutlu-aileye-dogru-bir-yolculuk\/","title":{"rendered":"Mutlu Aileye Do\u011fru Bir Yolculuk"},"content":{"rendered":"<p>Avucumun i\u00e7inde bir kelebek var, canl\u0131 m\u0131 \u00f6l\u00fc m\u00fc? \u00d6l\u00fc derse kelebe\u011fi b\u0131rakaca\u011f\u0131m, canl\u0131 derse avucumu hafif\u00e7e bast\u0131raca\u011f\u0131m. Her ne derse cevab\u0131n\u0131 bilemeyecek! Kapal\u0131 tuttu\u011fu ellerini bilgeye do\u011fru uzatm\u0131\u015f ve sormu\u015f&#8230; \u201cAvucumun i\u00e7inde bir kelebek var, canl\u0131 m\u0131 \u00f6l\u00fc m\u00fc?\u201d Bilge, uzun uzun g\u00f6zlerinin i\u00e7ine bakm\u0131\u015f ve cevaplam\u0131\u015f: Senin ellerinde evlad\u0131m, senin ellerinde&#8230; A\u015fk\u0131n\u0131z, Gelece\u011finiz, Gen\u00e7li\u011finiz,Hayat\u0131n\u0131z, Her \u015feyiniz&#8230; Huzurunuz da, Mutlulu\u011funuz da, Sizin ellerinizde&#8230;<\/p>\n","protected":false},"excerpt":{"rendered":"<p>Avucumun i\u00e7inde bir kelebek var, canl\u0131 m\u0131 \u00f6l\u00fc m\u00fc? \u00d6l\u00fc derse kelebe\u011fi b\u0131rakaca\u011f\u0131m, canl\u0131 derse avucumu hafif\u00e7e bast\u0131raca\u011f\u0131m. Her ne derse cevab\u0131n\u0131 bilemeyecek! Kapal\u0131 tuttu\u011fu ellerini<span class=\"excerpt-hellip\"> [\u2026]<\/span><\/p>\n","protected":false},"featured_media":0,"template":"","meta":{"_monsterinsights_skip_tracking":false,"_monsterinsights_sitenote_active":false,"_monsterinsights_sitenote_note":"","_monsterinsights_sitenote_category":0},"product_brand":[],"product_cat":[12324],"product_tag":[],"class_list":{"0":"post-782007","1":"product","2":"type-product","3":"status-publish","5":"product_cat-sosyoloji","6":"pa_cilt-ciltsiz","7":"pa_tur-kitap","8":"pa_yayinevi-gimsetap-yayinlari","9":"pa_yazar-mustafa-karahan","11":"first","12":"instock","13":"sale","14":"shipping-taxable","15":"purchasable","16":"product-type-simple"},"_links":{"self":[{"href":"https:\/\/roveyayinevi.com.tr\/index.php\/wp-json\/wp\/v2\/product\/782007","targetHints":{"allow":["GET"]}}],"collection":[{"href":"https:\/\/roveyayinevi.com.tr\/index.php\/wp-json\/wp\/v2\/product"}],"about":[{"href":"https:\/\/roveyayinevi.com.tr\/index.php\/wp-json\/wp\/v2\/types\/product"}],"wp:attachment":[{"href":"https:\/\/roveyayinevi.com.tr\/index.php\/wp-json\/wp\/v2\/media?parent=782007"}],"wp:term":[{"taxonomy":"product_brand","embeddable":true,"href":"https:\/\/roveyayinevi.com.tr\/index.php\/wp-json\/wp\/v2\/product_brand?post=782007"},{"taxonomy":"product_cat","embeddable":true,"href":"https:\/\/roveyayinevi.com.tr\/index.php\/wp-json\/wp\/v2\/product_cat?post=782007"},{"taxonomy":"product_tag","embeddable":true,"href":"https:\/\/roveyayinevi.com.tr\/index.php\/wp-json\/wp\/v2\/product_tag?post=782007"}],"curies":[{"name":"wp","href":"https:\/\/api.w.org\/{rel}","templated":true}]}}