{"id":782006,"date":"2026-02-01T15:39:01","date_gmt":"2026-02-01T12:39:01","guid":{"rendered":"https:\/\/roveyayinevi.com.tr\/index.php\/urun\/dela\/"},"modified":"2026-04-08T03:42:36","modified_gmt":"2026-04-08T00:42:36","slug":"dela","status":"publish","type":"product","link":"https:\/\/roveyayinevi.com.tr\/index.php\/urun\/dela\/","title":{"rendered":"Dela"},"content":{"rendered":"<p>1453\u2026 Konstantiniyye&#8217;nin surlar\u0131 sadece ta\u015fla de\u011fil, s\u0131rlarla da \u00f6r\u00fclm\u00fc\u015ft\u00fc. Bir Osmanl\u0131 ak\u0131nc\u0131 beyi olan Musa, y\u00fcre\u011fini vatan topra\u011f\u0131na m\u00fch\u00fcrlemi\u015fti. Ancak kader, kalbine Dela&#8217;y\u0131 yazd\u0131 \u2014 bir s\u0131r gibi, bir d\u00fc\u015f gibi&#8230; Dela, hem zek\u00e2s\u0131 hem g\u00fczelli\u011fiyle fethin g\u00f6lgesinde parlayan bir \u0131\u015f\u0131kt\u0131. Ama her \u0131\u015f\u0131\u011f\u0131n g\u00f6lgesi olurdu. O g\u00f6lgede, eski bir dost gizlenmi\u015fti: \u00d6mer. A\u015fk, ihanet ve fethin i\u00e7 i\u00e7e ge\u00e7ti\u011fi bu hik\u00e2yede, yaln\u0131zca \u015fehir ku\u015fat\u0131lm\u0131yor; kalpler de ku\u015fatma alt\u0131na al\u0131n\u0131yor. Bir bak\u0131\u015f, bir s\u00f6z, bir suskunluk&#8230; Hepsi bir kaderin ta\u015flar\u0131n\u0131 yerinden oynat\u0131yor. Tarihin en b\u00fcy\u00fck fethinin ard\u0131nda, en derin a\u015fk ve en keskin ihanet yat\u0131yor. Bu sadece bir tarih roman\u0131 de\u011fil. Bu, unutulmaz bir kalp hik\u00e2yesi.<\/p>\n","protected":false},"excerpt":{"rendered":"<p>1453\u2026 Konstantiniyye&#8217;nin surlar\u0131 sadece ta\u015fla de\u011fil, s\u0131rlarla da \u00f6r\u00fclm\u00fc\u015ft\u00fc. Bir Osmanl\u0131 ak\u0131nc\u0131 beyi olan Musa, y\u00fcre\u011fini vatan topra\u011f\u0131na m\u00fch\u00fcrlemi\u015fti. Ancak kader, kalbine Dela&#8217;y\u0131 yazd\u0131 \u2014 bir<span class=\"excerpt-hellip\"> [\u2026]<\/span><\/p>\n","protected":false},"featured_media":0,"template":"","meta":{"_monsterinsights_skip_tracking":false,"_monsterinsights_sitenote_active":false,"_monsterinsights_sitenote_note":"","_monsterinsights_sitenote_category":0},"product_brand":[],"product_cat":[12291,12711],"product_tag":[],"class_list":{"0":"post-782006","1":"product","2":"type-product","3":"status-publish","5":"product_cat-edebiyat","6":"product_cat-roman-oyku","7":"pa_cilt-ciltsiz","8":"pa_tur-kitap","9":"pa_yayinevi-gimsetap-yayinlari","10":"pa_yazar-musa-bali","12":"first","13":"instock","14":"sale","15":"shipping-taxable","16":"purchasable","17":"product-type-simple"},"_links":{"self":[{"href":"https:\/\/roveyayinevi.com.tr\/index.php\/wp-json\/wp\/v2\/product\/782006","targetHints":{"allow":["GET"]}}],"collection":[{"href":"https:\/\/roveyayinevi.com.tr\/index.php\/wp-json\/wp\/v2\/product"}],"about":[{"href":"https:\/\/roveyayinevi.com.tr\/index.php\/wp-json\/wp\/v2\/types\/product"}],"wp:attachment":[{"href":"https:\/\/roveyayinevi.com.tr\/index.php\/wp-json\/wp\/v2\/media?parent=782006"}],"wp:term":[{"taxonomy":"product_brand","embeddable":true,"href":"https:\/\/roveyayinevi.com.tr\/index.php\/wp-json\/wp\/v2\/product_brand?post=782006"},{"taxonomy":"product_cat","embeddable":true,"href":"https:\/\/roveyayinevi.com.tr\/index.php\/wp-json\/wp\/v2\/product_cat?post=782006"},{"taxonomy":"product_tag","embeddable":true,"href":"https:\/\/roveyayinevi.com.tr\/index.php\/wp-json\/wp\/v2\/product_tag?post=782006"}],"curies":[{"name":"wp","href":"https:\/\/api.w.org\/{rel}","templated":true}]}}