{"id":782003,"date":"2026-02-01T15:38:54","date_gmt":"2026-02-01T12:38:54","guid":{"rendered":"https:\/\/roveyayinevi.com.tr\/index.php\/urun\/sessizligin-doruklarinda\/"},"modified":"2026-04-15T03:45:33","modified_gmt":"2026-04-15T00:45:33","slug":"sessizligin-doruklarinda","status":"publish","type":"product","link":"https:\/\/roveyayinevi.com.tr\/index.php\/urun\/sessizligin-doruklarinda\/","title":{"rendered":"Sessizli\u011fin Doruklar\u0131nda"},"content":{"rendered":"<p>Deliler gibi korkuyla onu omzuma ald\u0131m ve ba\u011f\u0131rarak yard\u0131m istedim. Taa uzaklardaki da\u011f\u0131n \u00fcst\u00fcnde g\u00f6r\u00fcnen \u0131\u015f\u0131klara do\u011fru h\u0131zl\u0131ca y\u00fcr\u00fcmeye ba\u015flad\u0131m.  Bir kilometre y\u00fcr\u00fcd\u00fckten sonra bir aya\u011f\u0131m su \u00e7al\u0131lar\u0131na tak\u0131ld\u0131 ve Haf\u0131z omuzumdan d\u00fc\u015ft\u00fc.  O an Haf\u0131z\u2019\u0131 hayata d\u00f6nd\u00fcrebilecek yegane ki\u015fiye do\u011fru hayk\u0131rd\u0131m.  Amma velakin o yine de benim hayk\u0131r\u0131\u015flar\u0131m\u0131, can \u00e7eki\u015fmelerimi duymad\u0131, san\u0131r\u0131m Tanr\u0131\u2019da t\u00fcm d\u00fcnya gibi Haf\u0131z\u2019\u0131n kar\u015f\u0131s\u0131nda sessiz kalm\u0131\u015ft\u0131.\u201cSessizli\u011fin Doruklar\u0131nda\u201d isimli kitab\u0131m\u0131zda anlat\u0131lan hikayeler, milyonlarca insan\u0131n hayat\u0131n\u0131n en g\u00fczel d\u00f6neminde kendi anavatanlar\u0131n\u0131 terk etmek durumunda kald\u0131klar\u0131n\u0131 g\u00f6zler \u00f6n\u00fcne seriyor ve bu insanlara yap\u0131lan adaletsizli\u011fi hayk\u0131r\u0131yor.<\/p>\n","protected":false},"excerpt":{"rendered":"<p>Deliler gibi korkuyla onu omzuma ald\u0131m ve ba\u011f\u0131rarak yard\u0131m istedim. Taa uzaklardaki da\u011f\u0131n \u00fcst\u00fcnde g\u00f6r\u00fcnen \u0131\u015f\u0131klara do\u011fru h\u0131zl\u0131ca y\u00fcr\u00fcmeye ba\u015flad\u0131m. Bir kilometre y\u00fcr\u00fcd\u00fckten sonra bir aya\u011f\u0131m<span class=\"excerpt-hellip\"> [\u2026]<\/span><\/p>\n","protected":false},"featured_media":0,"template":"","meta":{"_monsterinsights_skip_tracking":false,"_monsterinsights_sitenote_active":false,"_monsterinsights_sitenote_note":"","_monsterinsights_sitenote_category":0},"product_brand":[],"product_cat":[12324],"product_tag":[],"class_list":{"0":"post-782003","1":"product","2":"type-product","3":"status-publish","5":"product_cat-sosyoloji","6":"pa_cilt-ciltsiz","7":"pa_tur-kitap","8":"pa_yayinevi-gimsetap-yayinlari","9":"pa_yazar-keivan-zamani","11":"first","12":"instock","13":"sale","14":"shipping-taxable","15":"purchasable","16":"product-type-simple"},"_links":{"self":[{"href":"https:\/\/roveyayinevi.com.tr\/index.php\/wp-json\/wp\/v2\/product\/782003","targetHints":{"allow":["GET"]}}],"collection":[{"href":"https:\/\/roveyayinevi.com.tr\/index.php\/wp-json\/wp\/v2\/product"}],"about":[{"href":"https:\/\/roveyayinevi.com.tr\/index.php\/wp-json\/wp\/v2\/types\/product"}],"wp:attachment":[{"href":"https:\/\/roveyayinevi.com.tr\/index.php\/wp-json\/wp\/v2\/media?parent=782003"}],"wp:term":[{"taxonomy":"product_brand","embeddable":true,"href":"https:\/\/roveyayinevi.com.tr\/index.php\/wp-json\/wp\/v2\/product_brand?post=782003"},{"taxonomy":"product_cat","embeddable":true,"href":"https:\/\/roveyayinevi.com.tr\/index.php\/wp-json\/wp\/v2\/product_cat?post=782003"},{"taxonomy":"product_tag","embeddable":true,"href":"https:\/\/roveyayinevi.com.tr\/index.php\/wp-json\/wp\/v2\/product_tag?post=782003"}],"curies":[{"name":"wp","href":"https:\/\/api.w.org\/{rel}","templated":true}]}}