{"id":782002,"date":"2026-02-01T15:38:53","date_gmt":"2026-02-01T12:38:53","guid":{"rendered":"https:\/\/roveyayinevi.com.tr\/index.php\/urun\/metamorfoz-3\/"},"modified":"2026-04-15T03:45:33","modified_gmt":"2026-04-15T00:45:33","slug":"metamorfoz-3","status":"publish","type":"product","link":"https:\/\/roveyayinevi.com.tr\/index.php\/urun\/metamorfoz-3\/","title":{"rendered":"Metamorfoz"},"content":{"rendered":"<p>Kaan Samet Balc\u0131 Kimdir? 06 Nisan 2002 tarihinde Bursa\u2019n\u0131n Osmangazi il\u00e7esinde d\u00fcnyaya gelen Kaan Samet Balc\u0131, spor hayat\u0131na y\u00fczme ve futbol ile ba\u015flayarak fiziksel aktiviteye erken ya\u015flarda ad\u0131m att\u0131. Ancak, hayat\u0131nda \u00f6nemli bir kayb\u0131n ard\u0131ndan, d\u0131\u015far\u0131ya atamad\u0131\u011f\u0131 duygular\u0131n\u0131 ka\u011f\u0131da d\u00f6kme ihtiyac\u0131 hissetti ve b\u00f6ylece \u015fiir yazmaya ba\u015flad\u0131. \u015eiirler, Kaan\u2019\u0131n sessiz kalan duygular\u0131n\u0131 ifade edebilmesine olanak tan\u0131d\u0131 ve bu s\u00fcre\u00e7, onu yazmaya y\u00f6nlendirdi. Kaan, alt\u0131 y\u0131ld\u0131r kahve sanatlar\u0131 alan\u0131nda (barista) \u00e7al\u0131\u015farak, insanlar\u0131n hayatlar\u0131na lezzet ve anlam katmay\u0131 ama\u00e7l\u0131yor. Her fincan kahve, onun i\u00e7in bir hikaye ve bir duygunun yans\u0131mas\u0131. Bu kitap, Kaan\u2019\u0131n yazd\u0131\u011f\u0131 ve ya\u015fad\u0131\u011f\u0131 olaylar\u0131 derin bir duygu ile kaleme ald\u0131\u011f\u0131, okurlar\u0131na en g\u00fczel \u015fekilde sunma arzusunu ta\u015f\u0131yan bir eserdir.<\/p>\n","protected":false},"excerpt":{"rendered":"<p>Kaan Samet Balc\u0131 Kimdir? 06 Nisan 2002 tarihinde Bursa\u2019n\u0131n Osmangazi il\u00e7esinde d\u00fcnyaya gelen Kaan Samet Balc\u0131, spor hayat\u0131na y\u00fczme ve futbol ile ba\u015flayarak fiziksel aktiviteye erken<span class=\"excerpt-hellip\"> [\u2026]<\/span><\/p>\n","protected":false},"featured_media":0,"template":"","meta":{"_monsterinsights_skip_tracking":false,"_monsterinsights_sitenote_active":false,"_monsterinsights_sitenote_note":"","_monsterinsights_sitenote_category":0},"product_brand":[],"product_cat":[35958],"product_tag":[],"class_list":{"0":"post-782002","1":"product","2":"type-product","3":"status-publish","5":"product_cat-siir-2","6":"pa_cilt-ciltsiz","7":"pa_tur-kitap","8":"pa_yayinevi-gimsetap-yayinlari","9":"pa_yazar-kaan-samet-balci","11":"first","12":"instock","13":"sale","14":"shipping-taxable","15":"purchasable","16":"product-type-simple"},"_links":{"self":[{"href":"https:\/\/roveyayinevi.com.tr\/index.php\/wp-json\/wp\/v2\/product\/782002","targetHints":{"allow":["GET"]}}],"collection":[{"href":"https:\/\/roveyayinevi.com.tr\/index.php\/wp-json\/wp\/v2\/product"}],"about":[{"href":"https:\/\/roveyayinevi.com.tr\/index.php\/wp-json\/wp\/v2\/types\/product"}],"wp:attachment":[{"href":"https:\/\/roveyayinevi.com.tr\/index.php\/wp-json\/wp\/v2\/media?parent=782002"}],"wp:term":[{"taxonomy":"product_brand","embeddable":true,"href":"https:\/\/roveyayinevi.com.tr\/index.php\/wp-json\/wp\/v2\/product_brand?post=782002"},{"taxonomy":"product_cat","embeddable":true,"href":"https:\/\/roveyayinevi.com.tr\/index.php\/wp-json\/wp\/v2\/product_cat?post=782002"},{"taxonomy":"product_tag","embeddable":true,"href":"https:\/\/roveyayinevi.com.tr\/index.php\/wp-json\/wp\/v2\/product_tag?post=782002"}],"curies":[{"name":"wp","href":"https:\/\/api.w.org\/{rel}","templated":true}]}}