{"id":781996,"date":"2026-02-01T15:38:37","date_gmt":"2026-02-01T12:38:37","guid":{"rendered":"https:\/\/roveyayinevi.com.tr\/index.php\/urun\/sessizce-ozluyorum\/"},"modified":"2026-04-15T03:45:32","modified_gmt":"2026-04-15T00:45:32","slug":"sessizce-ozluyorum","status":"publish","type":"product","link":"https:\/\/roveyayinevi.com.tr\/index.php\/urun\/sessizce-ozluyorum\/","title":{"rendered":"Sessizce \u00d6zl\u00fcyorum"},"content":{"rendered":"<p>\u0130\u00e7imden bir sen gelirsin, \u00d6l\u00fcm re\u00e7etesi sulardan duru, Ellerin, uzak bir memleket, Sesin sonsuzluk r\u00fczgar\u0131, G\u00f6zlerin \u00f6te d\u00fcnya, Hesaps\u0131z uykularda \u00f6p\u00fclesi dudaklar\u0131n, Hayalin iner ak\u015famlar\u0131 odama, \u0130\u00e7imdeki sen \u00e7\u0131rp\u0131n\u0131r gel de g\u00f6r beni, Do\u011fu\u015fumu izle ihtimaller den, Tedavisi diki\u015f tutmaz hastal\u0131klar ta\u015f\u0131yorum, Bazen can\u0131m \u00e7ok yan\u0131yor \u0130\u015fte \u00f6yle ya\u015f\u0131yorum&#8230;K\u0131r\u0131ld\u0131\u011f\u0131m taraftan s\u00fcrg\u00fcn\u00fcm nefesine, \u00d6zg\u00fcrl\u00fck \u00f6p\u00fcyorum kokunda, Sa\u00e7lar\u0131na devrimler ba\u011fl\u0131yorum, Gelece\u011fi kayg\u0131l\u0131 \u00fclkemde, \u0130\u00e7imden bir sen gelirsin, Birde m\u00fcjde sevin\u00e7li haber, Senide \u00e7alacaklar diye \u00e7ok korkuyorum, Yoksa \u00e7\u0131kar sokaklarda ad\u0131n\u0131 Ay \u0131\u015f\u0131\u011f\u0131na yazard\u0131m, Kabuk ba\u011flayan yaralar\u0131m var, Gel bir g\u00fcn sar\u0131lal\u0131m, Azrail&#8217;den \u00f6nce gel, \u0130\u00e7imdeki seni getir, Gelde sevi\u015felim ku\u015flu\u011fa kadar, ge\u00e7 kalma sevdi\u011fim yar\u0131n \u00f6l\u00fcm var.<\/p>\n","protected":false},"excerpt":{"rendered":"<p>\u0130\u00e7imden bir sen gelirsin, \u00d6l\u00fcm re\u00e7etesi sulardan duru, Ellerin, uzak bir memleket, Sesin sonsuzluk r\u00fczgar\u0131, G\u00f6zlerin \u00f6te d\u00fcnya, Hesaps\u0131z uykularda \u00f6p\u00fclesi dudaklar\u0131n, Hayalin iner ak\u015famlar\u0131 odama,<span class=\"excerpt-hellip\"> [\u2026]<\/span><\/p>\n","protected":false},"featured_media":0,"template":"","meta":{"_monsterinsights_skip_tracking":false,"_monsterinsights_sitenote_active":false,"_monsterinsights_sitenote_note":"","_monsterinsights_sitenote_category":0},"product_brand":[],"product_cat":[35958],"product_tag":[],"class_list":{"0":"post-781996","1":"product","2":"type-product","3":"status-publish","5":"product_cat-siir-2","6":"pa_cilt-ciltsiz","7":"pa_tur-kitap","8":"pa_yayinevi-gimsetap-yayinlari","9":"pa_yazar-harun-fikret-ardahanli","11":"first","12":"instock","13":"sale","14":"shipping-taxable","15":"purchasable","16":"product-type-simple"},"_links":{"self":[{"href":"https:\/\/roveyayinevi.com.tr\/index.php\/wp-json\/wp\/v2\/product\/781996","targetHints":{"allow":["GET"]}}],"collection":[{"href":"https:\/\/roveyayinevi.com.tr\/index.php\/wp-json\/wp\/v2\/product"}],"about":[{"href":"https:\/\/roveyayinevi.com.tr\/index.php\/wp-json\/wp\/v2\/types\/product"}],"wp:attachment":[{"href":"https:\/\/roveyayinevi.com.tr\/index.php\/wp-json\/wp\/v2\/media?parent=781996"}],"wp:term":[{"taxonomy":"product_brand","embeddable":true,"href":"https:\/\/roveyayinevi.com.tr\/index.php\/wp-json\/wp\/v2\/product_brand?post=781996"},{"taxonomy":"product_cat","embeddable":true,"href":"https:\/\/roveyayinevi.com.tr\/index.php\/wp-json\/wp\/v2\/product_cat?post=781996"},{"taxonomy":"product_tag","embeddable":true,"href":"https:\/\/roveyayinevi.com.tr\/index.php\/wp-json\/wp\/v2\/product_tag?post=781996"}],"curies":[{"name":"wp","href":"https:\/\/api.w.org\/{rel}","templated":true}]}}