{"id":781994,"date":"2026-02-01T15:38:33","date_gmt":"2026-02-01T12:38:33","guid":{"rendered":"https:\/\/roveyayinevi.com.tr\/index.php\/urun\/gonul-2\/"},"modified":"2026-04-15T03:45:32","modified_gmt":"2026-04-15T00:45:32","slug":"gonul-2","status":"publish","type":"product","link":"https:\/\/roveyayinevi.com.tr\/index.php\/urun\/gonul-2\/","title":{"rendered":"G\u00f6n\u00fcl"},"content":{"rendered":"<p>Hayat m\u00fccadelesini verirken hay\u0131rl\u0131 olan yolda y\u00fcr\u00fcy\u00fcm&#8230; Yolumu ve kendimi kaybetmeden ya\u015fam s\u00fcr\u00fcp \u00f6mr\u00fcm\u00fcn sonuna geleyim d\u00fc\u015f\u00fcncesindeysen..? G\u00d6N\u00dcL bu yolculu\u011fa rehber bir kitaptar. Bu eser okundu\u011funda, aranan ger\u00e7ek a\u015fka giden nurlu-\u0131\u015f\u0131kl\u0131 yol g\u00f6 r\u00fclecektir. Bu yolun hayr\u0131n\u0131 bilip \u00f6\u011frenin \u00e7ok de\u011ferli okuyucu&#8230;<\/p>\n","protected":false},"excerpt":{"rendered":"<p>Hayat m\u00fccadelesini verirken hay\u0131rl\u0131 olan yolda y\u00fcr\u00fcy\u00fcm&#8230; Yolumu ve kendimi kaybetmeden ya\u015fam s\u00fcr\u00fcp \u00f6mr\u00fcm\u00fcn sonuna geleyim d\u00fc\u015f\u00fcncesindeysen..? G\u00d6N\u00dcL bu yolculu\u011fa rehber bir kitaptar. Bu eser okundu\u011funda,<span class=\"excerpt-hellip\"> [\u2026]<\/span><\/p>\n","protected":false},"featured_media":0,"template":"","meta":{"_monsterinsights_skip_tracking":false,"_monsterinsights_sitenote_active":false,"_monsterinsights_sitenote_note":"","_monsterinsights_sitenote_category":0},"product_brand":[],"product_cat":[12718,12719],"product_tag":[],"class_list":{"0":"post-781994","1":"product","2":"type-product","3":"status-publish","5":"product_cat-din","6":"product_cat-islam","7":"pa_cilt-ciltsiz","8":"pa_tur-kitap","9":"pa_yayinevi-gimsetap-yayinlari","10":"pa_yazar-hakan-donertas","12":"first","13":"instock","14":"sale","15":"shipping-taxable","16":"purchasable","17":"product-type-simple"},"_links":{"self":[{"href":"https:\/\/roveyayinevi.com.tr\/index.php\/wp-json\/wp\/v2\/product\/781994","targetHints":{"allow":["GET"]}}],"collection":[{"href":"https:\/\/roveyayinevi.com.tr\/index.php\/wp-json\/wp\/v2\/product"}],"about":[{"href":"https:\/\/roveyayinevi.com.tr\/index.php\/wp-json\/wp\/v2\/types\/product"}],"wp:attachment":[{"href":"https:\/\/roveyayinevi.com.tr\/index.php\/wp-json\/wp\/v2\/media?parent=781994"}],"wp:term":[{"taxonomy":"product_brand","embeddable":true,"href":"https:\/\/roveyayinevi.com.tr\/index.php\/wp-json\/wp\/v2\/product_brand?post=781994"},{"taxonomy":"product_cat","embeddable":true,"href":"https:\/\/roveyayinevi.com.tr\/index.php\/wp-json\/wp\/v2\/product_cat?post=781994"},{"taxonomy":"product_tag","embeddable":true,"href":"https:\/\/roveyayinevi.com.tr\/index.php\/wp-json\/wp\/v2\/product_tag?post=781994"}],"curies":[{"name":"wp","href":"https:\/\/api.w.org\/{rel}","templated":true}]}}