{"id":781992,"date":"2026-02-01T15:38:29","date_gmt":"2026-02-01T12:38:29","guid":{"rendered":"https:\/\/roveyayinevi.com.tr\/index.php\/urun\/yalanci-mi-peygamber-mi\/"},"modified":"2026-04-15T03:45:32","modified_gmt":"2026-04-15T00:45:32","slug":"yalanci-mi-peygamber-mi","status":"publish","type":"product","link":"https:\/\/roveyayinevi.com.tr\/index.php\/urun\/yalanci-mi-peygamber-mi\/","title":{"rendered":"Yalanc\u0131 m\u0131 ? Peygamber mi ?"},"content":{"rendered":"<p>E\u011fer Hz. Muhammed peygamber de\u011filse: Yirmi birinci asr\u0131n ilim ve medeniyetiyle donanm\u0131\u015f ayd\u0131n bir insan, yalanc\u0131 bir peygamberin s\u00f6z\u00fcne itibar etmekle akl\u0131ndan utan\u0131r hale gelecek.E\u011fer Hz. Muhammed iddia etti\u011fi peygamber ise: Ayd\u0131n ve ak\u0131ll\u0131 bir insan, kedersiz bir saadete kar\u015f\u0131 k\u00f6r ve sa\u011f\u0131r kalmakla telafisi m\u00fcmk\u00fcn olmayan sonsuz pi\u015fmanl\u0131k duygusuyla akl\u0131ndan utan\u0131r hale gelecek.<\/p>\n","protected":false},"excerpt":{"rendered":"<p>E\u011fer Hz. Muhammed peygamber de\u011filse: Yirmi birinci asr\u0131n ilim ve medeniyetiyle donanm\u0131\u015f ayd\u0131n bir insan, yalanc\u0131 bir peygamberin s\u00f6z\u00fcne itibar etmekle akl\u0131ndan utan\u0131r hale gelecek.E\u011fer Hz.<span class=\"excerpt-hellip\"> [\u2026]<\/span><\/p>\n","protected":false},"featured_media":0,"template":"","meta":{"_monsterinsights_skip_tracking":false,"_monsterinsights_sitenote_active":false,"_monsterinsights_sitenote_note":"","_monsterinsights_sitenote_category":0},"product_brand":[],"product_cat":[12718],"product_tag":[],"class_list":{"0":"post-781992","1":"product","2":"type-product","3":"status-publish","5":"product_cat-din","6":"pa_cilt-ciltsiz","7":"pa_tur-kitap","8":"pa_yayinevi-gimsetap-yayinlari","9":"pa_yazar-feridun-baba","11":"first","12":"instock","13":"sale","14":"shipping-taxable","15":"purchasable","16":"product-type-simple"},"_links":{"self":[{"href":"https:\/\/roveyayinevi.com.tr\/index.php\/wp-json\/wp\/v2\/product\/781992","targetHints":{"allow":["GET"]}}],"collection":[{"href":"https:\/\/roveyayinevi.com.tr\/index.php\/wp-json\/wp\/v2\/product"}],"about":[{"href":"https:\/\/roveyayinevi.com.tr\/index.php\/wp-json\/wp\/v2\/types\/product"}],"wp:attachment":[{"href":"https:\/\/roveyayinevi.com.tr\/index.php\/wp-json\/wp\/v2\/media?parent=781992"}],"wp:term":[{"taxonomy":"product_brand","embeddable":true,"href":"https:\/\/roveyayinevi.com.tr\/index.php\/wp-json\/wp\/v2\/product_brand?post=781992"},{"taxonomy":"product_cat","embeddable":true,"href":"https:\/\/roveyayinevi.com.tr\/index.php\/wp-json\/wp\/v2\/product_cat?post=781992"},{"taxonomy":"product_tag","embeddable":true,"href":"https:\/\/roveyayinevi.com.tr\/index.php\/wp-json\/wp\/v2\/product_tag?post=781992"}],"curies":[{"name":"wp","href":"https:\/\/api.w.org\/{rel}","templated":true}]}}