{"id":781991,"date":"2026-02-01T15:38:28","date_gmt":"2026-02-01T12:38:28","guid":{"rendered":"https:\/\/roveyayinevi.com.tr\/index.php\/urun\/gelincik-cicegi\/"},"modified":"2026-04-15T03:45:32","modified_gmt":"2026-04-15T00:45:32","slug":"gelincik-cicegi","status":"publish","type":"product","link":"https:\/\/roveyayinevi.com.tr\/index.php\/urun\/gelincik-cicegi\/","title":{"rendered":"Gelincik \u00c7i\u00e7e\u011fi"},"content":{"rendered":"<p>Kelam\u0131n b\u00fcy\u00fcs\u00fc, dizelerin sihri bu sayfalarda yeniden can buluyor. \u015eairin duygular\u0131 ve d\u00fc\u015f\u00fcnceleri, kalemin ucuyla dokunarak hayat bulu yor. Bu \u015fiir kitab\u0131nda, s\u0131radan kelimelerin b\u00fcy\u00fcl\u00fc bir dansa d\u00f6n\u00fc\u015ft\u00fc\u011f\u00fc bir yolculu\u011fa \u00e7\u0131kacaks\u0131n\u0131z. Yazar\u0131n y\u00fcre\u011finde a\u00e7an \u00e7i\u00e7eklerin kokusunu soluyacak, hayal g\u00fcc\u00fcn\u00fcn engin denizlerinde dola\u015facak, duygular\u0131n en derin sular\u0131nda y\u00fcz\u00fcp, anlamlar\u0131n gizeminde b\u00fcy\u00fcleneceksiniz Derinliklerin dilinden y\u00fckselen bir melodiyi yakalamak i\u00e7in, \u015fairin y\u00fcre\u011fi ile kalemi aras\u0131nda k\u00f6pr\u00fcler in\u015fa ederken duygu seline kap\u0131laca\u011f\u0131n\u0131z bir yolculu\u011fa haz\u0131r olun. Bu kitap, duygular\u0131n renklerle, hayallerin imgelerle, a\u015fk\u0131n ve ac\u0131n\u0131n na\u011fmelerle ifade buldu\u011fu bir derlemeyi sunuyor. Her bir sayfas\u0131nda \u015fiirin b\u00fcy\u00fcleyici dokunu\u015funu hissedece\u011finiz bu koleksiyon, y\u00fcrekten y\u00fcre\u011fe akan bir serenadeye d\u00f6n\u00fc\u015f\u00fcyor. \u015eairin dilinden akan kelimeler, d\u00fc\u015flerinizi ok\u015fayacak, ruhunuzun derinliklerine n\u00fcfuz edecek ve sizi kendi i\u00e7 d\u00fcnyan\u0131za yolculu\u011fa \u00e7\u0131karacak. A\u015fk\u0131n \u0131\u015f\u0131lt\u0131s\u0131, umudun m\u00fcjdesi, h\u00fczn\u00fcn sessiz f\u0131s\u0131lt\u0131s\u0131, co\u015fkunun dans\u0131&#8230; Bu kitapta bulunan her bir \u015fiir, kendi benzersiz anlat\u0131m\u0131yla sizi b\u00fcy\u00fcleyecek. Her dize, zihninizin kap\u0131lar\u0131n\u0131 a\u00e7acak ve duygular\u0131n\u0131z\u0131 farkl\u0131 bir boyuta ta\u015f\u0131yacak. Beyaz sayfalara d\u00fc\u015fen sihirli damlalar, okuyucuyu bir yolculu\u011fa \u00e7\u0131kar\u0131yor. Her bir \u015fiirde, ya\u015fam\u0131n gizemli dokusunu ke\u015ffetmek i\u00e7in sab\u0131rs\u0131zlanacaks\u0131n\u0131z. Bu kitap, duygu dolu bir dansa kat\u0131lman\u0131z\u0131, kelimelerle bir resim \u00e7izmenizi ve kendi duygusal deneyiminizi yans\u0131tman\u0131z\u0131 sa\u011fl\u0131yor. Bu \u015fiirler, i\u00e7sel yolculuklara \u00e7\u0131kmak, anlamlara derinlik kazand\u0131rmak ve insanl\u0131k hakk\u0131nda yeni bir perspektif sunmak i\u00e7in kaleme al\u0131nd\u0131. Okuyucu, her bir sayfada yeni bir hissiyat\u0131n pe\u015fine d\u00fc\u015fecek, kelimelerin b\u00fcy\u00fcl\u00fc d\u00fcnyas\u0131nda kaybolacak ve kendine ait bir \u015fairlik ke\u015ffedecektir. Bu kitap, \u015fiirin sihirli d\u00fcnyas\u0131na ad\u0131m atman\u0131z\u0131 bekliyor. Siz de bu yolculu\u011fa kat\u0131l\u0131n ve kelimelerin dans\u0131nda kaybolun.<\/p>\n","protected":false},"excerpt":{"rendered":"<p>Kelam\u0131n b\u00fcy\u00fcs\u00fc, dizelerin sihri bu sayfalarda yeniden can buluyor. \u015eairin duygular\u0131 ve d\u00fc\u015f\u00fcnceleri, kalemin ucuyla dokunarak hayat bulu yor. Bu \u015fiir kitab\u0131nda, s\u0131radan kelimelerin b\u00fcy\u00fcl\u00fc bir<span class=\"excerpt-hellip\"> [\u2026]<\/span><\/p>\n","protected":false},"featured_media":0,"template":"","meta":{"_monsterinsights_skip_tracking":false,"_monsterinsights_sitenote_active":false,"_monsterinsights_sitenote_note":"","_monsterinsights_sitenote_category":0},"product_brand":[],"product_cat":[35958],"product_tag":[],"class_list":{"0":"post-781991","1":"product","2":"type-product","3":"status-publish","5":"product_cat-siir-2","6":"pa_cilt-ciltsiz","7":"pa_tur-kitap","8":"pa_yayinevi-gimsetap-yayinlari","9":"pa_yazar-faruk-dolugun","11":"first","12":"instock","13":"sale","14":"shipping-taxable","15":"purchasable","16":"product-type-simple"},"_links":{"self":[{"href":"https:\/\/roveyayinevi.com.tr\/index.php\/wp-json\/wp\/v2\/product\/781991","targetHints":{"allow":["GET"]}}],"collection":[{"href":"https:\/\/roveyayinevi.com.tr\/index.php\/wp-json\/wp\/v2\/product"}],"about":[{"href":"https:\/\/roveyayinevi.com.tr\/index.php\/wp-json\/wp\/v2\/types\/product"}],"wp:attachment":[{"href":"https:\/\/roveyayinevi.com.tr\/index.php\/wp-json\/wp\/v2\/media?parent=781991"}],"wp:term":[{"taxonomy":"product_brand","embeddable":true,"href":"https:\/\/roveyayinevi.com.tr\/index.php\/wp-json\/wp\/v2\/product_brand?post=781991"},{"taxonomy":"product_cat","embeddable":true,"href":"https:\/\/roveyayinevi.com.tr\/index.php\/wp-json\/wp\/v2\/product_cat?post=781991"},{"taxonomy":"product_tag","embeddable":true,"href":"https:\/\/roveyayinevi.com.tr\/index.php\/wp-json\/wp\/v2\/product_tag?post=781991"}],"curies":[{"name":"wp","href":"https:\/\/api.w.org\/{rel}","templated":true}]}}