{"id":781989,"date":"2026-02-01T15:38:24","date_gmt":"2026-02-01T12:38:24","guid":{"rendered":"https:\/\/roveyayinevi.com.tr\/index.php\/urun\/adaletin-sessiz-bekcileri\/"},"modified":"2026-04-15T03:45:32","modified_gmt":"2026-04-15T00:45:32","slug":"adaletin-sessiz-bekcileri","status":"publish","type":"product","link":"https:\/\/roveyayinevi.com.tr\/index.php\/urun\/adaletin-sessiz-bekcileri\/","title":{"rendered":"Adaletin Sessiz Bek\u00e7ileri"},"content":{"rendered":"<p>T\u00fcrkiye&#8217;de \u00d6zel G\u00fcvenlik G\u00f6revlilerinin Ger\u00e7ek Hik\u00e2yeleriBu kitap, bir mesle\u011fin de\u011fil; bir m\u00fccadelenin hik\u00e2yesidir.Bu sat\u0131rlar\u0131 yazarken yaln\u0131zca hik\u00e2yeleri de\u011fil, bir mesle\u011fin onurunu da kaleme ald\u0131m. \u00c7\u00fcnk\u00fc adalet bazen susar, ama hakl\u0131 kalem asla susmaz.\u201cGecenin karanl\u0131\u011f\u0131nda n\u00f6bet tutanlar, adaletin en ayd\u0131nl\u0131k y\u00fcz\u00fcd\u00fcr.\u201d-Ey\u00fcp Emek<\/p>\n","protected":false},"excerpt":{"rendered":"<p>T\u00fcrkiye&#8217;de \u00d6zel G\u00fcvenlik G\u00f6revlilerinin Ger\u00e7ek Hik\u00e2yeleriBu kitap, bir mesle\u011fin de\u011fil; bir m\u00fccadelenin hik\u00e2yesidir.Bu sat\u0131rlar\u0131 yazarken yaln\u0131zca hik\u00e2yeleri de\u011fil, bir mesle\u011fin onurunu da kaleme ald\u0131m. \u00c7\u00fcnk\u00fc adalet<span class=\"excerpt-hellip\"> [\u2026]<\/span><\/p>\n","protected":false},"featured_media":0,"template":"","meta":{"_monsterinsights_skip_tracking":false,"_monsterinsights_sitenote_active":false,"_monsterinsights_sitenote_note":"","_monsterinsights_sitenote_category":0},"product_brand":[],"product_cat":[12365,12364],"product_tag":[],"class_list":{"0":"post-781989","1":"product","2":"type-product","3":"status-publish","5":"product_cat-diger-genel-konular","6":"product_cat-genel-konular","7":"pa_cilt-ciltsiz","8":"pa_tur-kitap","9":"pa_yayinevi-gimsetap-yayinlari","10":"pa_yazar-eyup-emek","12":"first","13":"instock","14":"sale","15":"shipping-taxable","16":"purchasable","17":"product-type-simple"},"_links":{"self":[{"href":"https:\/\/roveyayinevi.com.tr\/index.php\/wp-json\/wp\/v2\/product\/781989","targetHints":{"allow":["GET"]}}],"collection":[{"href":"https:\/\/roveyayinevi.com.tr\/index.php\/wp-json\/wp\/v2\/product"}],"about":[{"href":"https:\/\/roveyayinevi.com.tr\/index.php\/wp-json\/wp\/v2\/types\/product"}],"wp:attachment":[{"href":"https:\/\/roveyayinevi.com.tr\/index.php\/wp-json\/wp\/v2\/media?parent=781989"}],"wp:term":[{"taxonomy":"product_brand","embeddable":true,"href":"https:\/\/roveyayinevi.com.tr\/index.php\/wp-json\/wp\/v2\/product_brand?post=781989"},{"taxonomy":"product_cat","embeddable":true,"href":"https:\/\/roveyayinevi.com.tr\/index.php\/wp-json\/wp\/v2\/product_cat?post=781989"},{"taxonomy":"product_tag","embeddable":true,"href":"https:\/\/roveyayinevi.com.tr\/index.php\/wp-json\/wp\/v2\/product_tag?post=781989"}],"curies":[{"name":"wp","href":"https:\/\/api.w.org\/{rel}","templated":true}]}}