{"id":781985,"date":"2026-02-01T15:38:15","date_gmt":"2026-02-01T12:38:15","guid":{"rendered":"https:\/\/roveyayinevi.com.tr\/index.php\/urun\/hayatin-incelikleri\/"},"modified":"2026-04-15T03:45:31","modified_gmt":"2026-04-15T00:45:31","slug":"hayatin-incelikleri","status":"publish","type":"product","link":"https:\/\/roveyayinevi.com.tr\/index.php\/urun\/hayatin-incelikleri\/","title":{"rendered":"Hayat\u0131n \u0130ncelikleri"},"content":{"rendered":"<p>Zaman tokma\u011f\u0131 canh\u0131ra\u015f bir \u015fekilde vuruyor gelece\u011fe, maziye. Art\u0131k ne mazeret ge\u00e7iyor ne de taziye. Eskimi\u015f saatler gibi tutkular da umutlar da eskiyip gidiyor. Tam hayata tutunal\u0131m derken tutunduklar\u0131m\u0131z da bizleri terk ediyor. Yanan ate\u015fin k\u00fcl olup s\u00f6nd\u00fc\u011f\u00fc gibi, g\u00fcne\u015fin do\u011fup batt\u0131\u011f\u0131 gibi, b\u00fct\u00fcn arzu ve isteklere son veriyor. Elde avu\u00e7takilere veda edip \u00e7ekip gidiyor.<\/p>\n","protected":false},"excerpt":{"rendered":"<p>Zaman tokma\u011f\u0131 canh\u0131ra\u015f bir \u015fekilde vuruyor gelece\u011fe, maziye. Art\u0131k ne mazeret ge\u00e7iyor ne de taziye. Eskimi\u015f saatler gibi tutkular da umutlar da eskiyip gidiyor. Tam hayata<span class=\"excerpt-hellip\"> [\u2026]<\/span><\/p>\n","protected":false},"featured_media":0,"template":"","meta":{"_monsterinsights_skip_tracking":false,"_monsterinsights_sitenote_active":false,"_monsterinsights_sitenote_note":"","_monsterinsights_sitenote_category":0},"product_brand":[],"product_cat":[26663],"product_tag":[],"class_list":{"0":"post-781985","1":"product","2":"type-product","3":"status-publish","5":"product_cat-undefined","6":"pa_cilt-ciltsiz","7":"pa_tur-kitap","8":"pa_yayinevi-gimsetap-yayinlari","9":"pa_yazar-durmus-koc","11":"first","12":"instock","13":"sale","14":"shipping-taxable","15":"purchasable","16":"product-type-simple"},"_links":{"self":[{"href":"https:\/\/roveyayinevi.com.tr\/index.php\/wp-json\/wp\/v2\/product\/781985","targetHints":{"allow":["GET"]}}],"collection":[{"href":"https:\/\/roveyayinevi.com.tr\/index.php\/wp-json\/wp\/v2\/product"}],"about":[{"href":"https:\/\/roveyayinevi.com.tr\/index.php\/wp-json\/wp\/v2\/types\/product"}],"wp:attachment":[{"href":"https:\/\/roveyayinevi.com.tr\/index.php\/wp-json\/wp\/v2\/media?parent=781985"}],"wp:term":[{"taxonomy":"product_brand","embeddable":true,"href":"https:\/\/roveyayinevi.com.tr\/index.php\/wp-json\/wp\/v2\/product_brand?post=781985"},{"taxonomy":"product_cat","embeddable":true,"href":"https:\/\/roveyayinevi.com.tr\/index.php\/wp-json\/wp\/v2\/product_cat?post=781985"},{"taxonomy":"product_tag","embeddable":true,"href":"https:\/\/roveyayinevi.com.tr\/index.php\/wp-json\/wp\/v2\/product_tag?post=781985"}],"curies":[{"name":"wp","href":"https:\/\/api.w.org\/{rel}","templated":true}]}}