{"id":781984,"date":"2026-02-01T15:38:12","date_gmt":"2026-02-01T12:38:12","guid":{"rendered":"https:\/\/roveyayinevi.com.tr\/index.php\/urun\/gunesi-kim-caldi\/"},"modified":"2026-04-15T03:45:31","modified_gmt":"2026-04-15T00:45:31","slug":"gunesi-kim-caldi","status":"publish","type":"product","link":"https:\/\/roveyayinevi.com.tr\/index.php\/urun\/gunesi-kim-caldi\/","title":{"rendered":"G\u00fcne\u015fi Kim \u00c7ald\u0131"},"content":{"rendered":"<p>G\u00fcne\u015fi Kim \u00dczd\u00fc? Bir yaz sabah\u0131 \u00e7ocuklar g\u00fcne\u015fe biraz fazla \u015fik\u00e2yet etti\u2026 Ertesi g\u00fcn ne s\u0131cakl\u0131k kald\u0131, ne \u0131\u015f\u0131k. M\u0131s\u0131rlar b\u00fcy\u00fcmemi\u015fti, domatesler solmu\u015ftu, g\u00f6lgeler bile kaybolmu\u015ftu.Me\u011fer g\u00fcne\u015f onlara k\u00fcsm\u00fc\u015ft\u00fc! Ahmet, Zeynep, Ali ve minik k\u00f6pekleri F\u0131st\u0131k, g\u00fcne\u015fi bulmak i\u00e7in sihirli bir yolculu\u011fa \u00e7\u0131karlar. Yolda h\u00fcz\u00fcnl\u00fc ay\u00e7i\u00e7ekleri, kendini \u00e7ok \u00f6nemli sanan bir g\u00f6lge, pusula ta\u015f\u0131yan bir g\u00fcvercin ve y\u0131ld\u0131zlardan yap\u0131lm\u0131\u015f bir merdivenle kar\u015f\u0131la\u015f\u0131rlar. Ama g\u00fcne\u015fi geri getirmek kolay de\u011fildir.\u00c7\u00fcnk\u00fc bazen en parlak \u0131\u015f\u0131k, ancak i\u00e7ten gelen bir te\u015fekk\u00fcrle geri d\u00f6ner\u2026 Bu s\u0131cac\u0131k hik\u00e2ye; g\u00fcne\u015fin, do\u011fan\u0131n ve minnettarl\u0131\u011f\u0131n ne kadar k\u0131ymetli oldu\u011funu \u00e7ocuklar\u0131n g\u00f6z\u00fcnden anlat\u0131yor. Ve bize hat\u0131rlat\u0131yor: \u201cBazen te\u015fekk\u00fcr etmek, bir g\u00fcn yeniden do\u011fmas\u0131n\u0131 sa\u011flar\u2026<\/p>\n","protected":false},"excerpt":{"rendered":"<p>G\u00fcne\u015fi Kim \u00dczd\u00fc? Bir yaz sabah\u0131 \u00e7ocuklar g\u00fcne\u015fe biraz fazla \u015fik\u00e2yet etti\u2026 Ertesi g\u00fcn ne s\u0131cakl\u0131k kald\u0131, ne \u0131\u015f\u0131k. M\u0131s\u0131rlar b\u00fcy\u00fcmemi\u015fti, domatesler solmu\u015ftu, g\u00f6lgeler bile kaybolmu\u015ftu.Me\u011fer<span class=\"excerpt-hellip\"> [\u2026]<\/span><\/p>\n","protected":false},"featured_media":0,"template":"","meta":{"_monsterinsights_skip_tracking":false,"_monsterinsights_sitenote_active":false,"_monsterinsights_sitenote_note":"","_monsterinsights_sitenote_category":0},"product_brand":[],"product_cat":[12274,12284],"product_tag":[],"class_list":{"0":"post-781984","1":"product","2":"type-product","3":"status-publish","5":"product_cat-cocuk-ve-genclik-kitaplari","6":"product_cat-hikayeler","7":"pa_cilt-ciltsiz","8":"pa_tur-kitap","9":"pa_yayinevi-gimsetap-yayinlari","10":"pa_yazar-ceren-kamik","12":"first","13":"instock","14":"sale","15":"shipping-taxable","16":"purchasable","17":"product-type-simple"},"_links":{"self":[{"href":"https:\/\/roveyayinevi.com.tr\/index.php\/wp-json\/wp\/v2\/product\/781984","targetHints":{"allow":["GET"]}}],"collection":[{"href":"https:\/\/roveyayinevi.com.tr\/index.php\/wp-json\/wp\/v2\/product"}],"about":[{"href":"https:\/\/roveyayinevi.com.tr\/index.php\/wp-json\/wp\/v2\/types\/product"}],"wp:attachment":[{"href":"https:\/\/roveyayinevi.com.tr\/index.php\/wp-json\/wp\/v2\/media?parent=781984"}],"wp:term":[{"taxonomy":"product_brand","embeddable":true,"href":"https:\/\/roveyayinevi.com.tr\/index.php\/wp-json\/wp\/v2\/product_brand?post=781984"},{"taxonomy":"product_cat","embeddable":true,"href":"https:\/\/roveyayinevi.com.tr\/index.php\/wp-json\/wp\/v2\/product_cat?post=781984"},{"taxonomy":"product_tag","embeddable":true,"href":"https:\/\/roveyayinevi.com.tr\/index.php\/wp-json\/wp\/v2\/product_tag?post=781984"}],"curies":[{"name":"wp","href":"https:\/\/api.w.org\/{rel}","templated":true}]}}