{"id":781982,"date":"2026-02-01T15:38:07","date_gmt":"2026-02-01T12:38:07","guid":{"rendered":"https:\/\/roveyayinevi.com.tr\/index.php\/urun\/yil-2134-neo-istanbul\/"},"modified":"2026-04-15T03:45:31","modified_gmt":"2026-04-15T00:45:31","slug":"yil-2134-neo-istanbul","status":"publish","type":"product","link":"https:\/\/roveyayinevi.com.tr\/index.php\/urun\/yil-2134-neo-istanbul\/","title":{"rendered":"Y\u0131l 2134-Neo \u0130stanbul"},"content":{"rendered":"<p>2134 y\u0131l\u0131nda \u0130stanbul, bir zamanlar ye\u015fil a\u011fa\u00e7lar\u0131 ve tarih kokan sokaklar\u0131yla tan\u0131nan, g\u00fczel iklimiyle \u00fcnlenen, imparatorluklara y\u00fczy\u0131llar boyu ba\u015fkentlik yapm\u0131\u015f, d\u00fcnyan\u0131n g\u00f6zbebe\u011fi bir metropol iken art\u0131k k\u00fcresel \u0131s\u0131nman\u0131n etkileriyle b\u00fcy\u00fck bir de\u011fi\u015fim ge\u00e7irmi\u015fti. \u0130stanbul\u2019un baz\u0131 b\u00f6lgelerinde az da olsa ya\u015fam korunmu\u015f ve 2134 y\u0131l\u0131nda, \u00e7\u00f6lle\u015fmi\u015f geni\u015f alanlar\u0131n ortas\u0131nda duran teknoloji harikas\u0131 Neo-\u0130stanbul, Ege Y\u0131lmaz\u2019\u0131n ya\u015fad\u0131\u011f\u0131 \u00f6zel b\u00f6lgeyi olu\u015fturuyordu. Bu b\u00f6lge, k\u00fcresel \u0131s\u0131nman\u0131n etkilerinden korunmu\u015f ve \u00f6zel yapay iklim sistemleriyle y\u00f6netiliyordu. Ege Y\u0131lmaz, 30 ya\u015f\u0131nda bir m\u00fchendis olarak, bu son kalan ya\u015fanabilir b\u00f6lgede, bir nevi teknoloji \u015fehrinin kral\u0131yd\u0131. Y\u0131ld\u0131zlararas\u0131 veri transfer sistemlerinden yapay zeka analizlerine kadar bir\u00e7ok projeyi y\u00f6neten Ege\u2019nin hayat\u0131, teknolojinin her y\u00f6n\u00fcyle i\u00e7 i\u00e7eydi. Ancak hayat\u0131n\u0131n bu noktada bir k\u0131r\u0131lma noktas\u0131na h\u0131zla yakla\u015ft\u0131\u011f\u0131ndan habersizdi&#8230;<\/p>\n","protected":false},"excerpt":{"rendered":"<p>2134 y\u0131l\u0131nda \u0130stanbul, bir zamanlar ye\u015fil a\u011fa\u00e7lar\u0131 ve tarih kokan sokaklar\u0131yla tan\u0131nan, g\u00fczel iklimiyle \u00fcnlenen, imparatorluklara y\u00fczy\u0131llar boyu ba\u015fkentlik yapm\u0131\u015f, d\u00fcnyan\u0131n g\u00f6zbebe\u011fi bir metropol iken art\u0131k<span class=\"excerpt-hellip\"> [\u2026]<\/span><\/p>\n","protected":false},"featured_media":0,"template":"","meta":{"_monsterinsights_skip_tracking":false,"_monsterinsights_sitenote_active":false,"_monsterinsights_sitenote_note":"","_monsterinsights_sitenote_category":0},"product_brand":[],"product_cat":[12540,12291],"product_tag":[],"class_list":{"0":"post-781982","1":"product","2":"type-product","3":"status-publish","5":"product_cat-bilim-kurgu","6":"product_cat-edebiyat","7":"pa_cilt-ciltsiz","8":"pa_tur-kitap","9":"pa_yayinevi-gimsetap-yayinlari","10":"pa_yazar-batuhan-arda","12":"first","13":"instock","14":"sale","15":"shipping-taxable","16":"purchasable","17":"product-type-simple"},"_links":{"self":[{"href":"https:\/\/roveyayinevi.com.tr\/index.php\/wp-json\/wp\/v2\/product\/781982","targetHints":{"allow":["GET"]}}],"collection":[{"href":"https:\/\/roveyayinevi.com.tr\/index.php\/wp-json\/wp\/v2\/product"}],"about":[{"href":"https:\/\/roveyayinevi.com.tr\/index.php\/wp-json\/wp\/v2\/types\/product"}],"wp:attachment":[{"href":"https:\/\/roveyayinevi.com.tr\/index.php\/wp-json\/wp\/v2\/media?parent=781982"}],"wp:term":[{"taxonomy":"product_brand","embeddable":true,"href":"https:\/\/roveyayinevi.com.tr\/index.php\/wp-json\/wp\/v2\/product_brand?post=781982"},{"taxonomy":"product_cat","embeddable":true,"href":"https:\/\/roveyayinevi.com.tr\/index.php\/wp-json\/wp\/v2\/product_cat?post=781982"},{"taxonomy":"product_tag","embeddable":true,"href":"https:\/\/roveyayinevi.com.tr\/index.php\/wp-json\/wp\/v2\/product_tag?post=781982"}],"curies":[{"name":"wp","href":"https:\/\/api.w.org\/{rel}","templated":true}]}}