{"id":781979,"date":"2026-02-01T15:38:01","date_gmt":"2026-02-01T12:38:01","guid":{"rendered":"https:\/\/roveyayinevi.com.tr\/index.php\/urun\/ilk-adimda-farkin-olsun\/"},"modified":"2026-04-15T03:45:31","modified_gmt":"2026-04-15T00:45:31","slug":"ilk-adimda-farkin-olsun","status":"publish","type":"product","link":"https:\/\/roveyayinevi.com.tr\/index.php\/urun\/ilk-adimda-farkin-olsun\/","title":{"rendered":"\u0130lk Ad\u0131mda Fark\u0131n Olsun"},"content":{"rendered":"<p>Her Lider Bir Yolculu\u011fa \u00c7\u0131kar&#8230; Y\u00f6neticilik, unvanlarla de\u011fil; tutumla, kararl\u0131l\u0131kla ve \u00f6\u011frenme iste\u011fiyle \u015fekillenir. Yeni bir y\u00f6netici olarak ad\u0131m att\u0131\u011f\u0131n\u0131z bu yolda, kar\u015f\u0131la\u015faca\u011f\u0131n\u0131z ilk ger\u00e7ek, liderli\u011fin bir yetki meselesinden \u00e7ok bir etki meselesi oldu\u011fudur. Ve bu etki, bilgiyle, fark\u0131ndal\u0131kla ve insanlara dokunabilme becerisiyle geli\u015fir. \u0130\u015fte elinizde tuttu\u011funuz bu kitap, sizi karma\u015f\u0131k teorilerle bo\u011fmadan; sade, uygulanabilir ve yol g\u00f6sterici 33 maddeyle donat\u0131yor. Her biri, sahada s\u0131nanm\u0131\u015f, ger\u00e7ek deneyimlerden s\u00fcz\u00fclm\u00fc\u015f ve i\u00e7selle\u015ftirildi\u011finde sizi g\u00fc\u00e7l\u00fc bir lider haline getirecek yap\u0131 ta\u015flar\u0131d\u0131r. Bu rehberde; bir ekip nas\u0131l tan\u0131n\u0131r, hedefler nas\u0131l belirlenir, kriz an\u0131nda nas\u0131l sakin kal\u0131n\u0131r, ba\u015far\u0131lar nas\u0131l kutlan\u0131r ve hatalardan nas\u0131l \u00f6\u011frenilir gibi sorulara hem samimi hem stratejik yan\u0131tlar bulacaks\u0131n\u0131z. \u00c7\u00fcnk\u00fc etkili bir liderlik, sadece i\u015f sonu\u00e7lar\u0131yla de\u011fil; insan ili\u015fkileriyle, g\u00fcven in\u015fas\u0131yla ve vizyonla b\u00fcy\u00fcr. Siz de bu kitap sayesinde, yaln\u0131zca y\u00f6neten biri olman\u0131n \u00f6tesine ge\u00e7ecek; ilham veren, geli\u015fimi te\u015fvik eden ve insanlar\u0131n potansiyelini a\u00e7\u0131\u011fa \u00e7\u0131karan bir lider olma yolunda sa\u011flam ad\u0131mlar atacaks\u0131n\u0131z. Unutmay\u0131n: \u0130yi bir lider olmak \u00f6\u011frenilir. Ve her \u00f6\u011frenme s\u00fcreci bir k\u0131v\u0131lc\u0131mla ba\u015flar. Bu kitap, o k\u0131v\u0131lc\u0131m\u0131 yakmak i\u00e7in burada. Yeni sorumluluklara ve y\u00fckseli\u015fe haz\u0131r m\u0131s\u0131n\u0131z? Cevab\u0131n\u0131z evetse, bu kitap sizinle birlikte y\u00fcr\u00fcmeye haz\u0131r.<\/p>\n","protected":false},"excerpt":{"rendered":"<p>Her Lider Bir Yolculu\u011fa \u00c7\u0131kar&#8230; Y\u00f6neticilik, unvanlarla de\u011fil; tutumla, kararl\u0131l\u0131kla ve \u00f6\u011frenme iste\u011fiyle \u015fekillenir. Yeni bir y\u00f6netici olarak ad\u0131m att\u0131\u011f\u0131n\u0131z bu yolda, kar\u015f\u0131la\u015faca\u011f\u0131n\u0131z ilk ger\u00e7ek, liderli\u011fin<span class=\"excerpt-hellip\"> [\u2026]<\/span><\/p>\n","protected":false},"featured_media":0,"template":"","meta":{"_monsterinsights_skip_tracking":false,"_monsterinsights_sitenote_active":false,"_monsterinsights_sitenote_note":"","_monsterinsights_sitenote_category":0},"product_brand":[],"product_cat":[13488],"product_tag":[],"class_list":{"0":"post-781979","1":"product","2":"type-product","3":"status-publish","5":"product_cat-toplum-ve-insan","6":"pa_cilt-ciltsiz","7":"pa_tur-kitap","8":"pa_yayinevi-gimsetap-yayinlari","9":"pa_yazar-ahmet-buyuktemiz","11":"first","12":"instock","13":"sale","14":"shipping-taxable","15":"purchasable","16":"product-type-simple"},"_links":{"self":[{"href":"https:\/\/roveyayinevi.com.tr\/index.php\/wp-json\/wp\/v2\/product\/781979","targetHints":{"allow":["GET"]}}],"collection":[{"href":"https:\/\/roveyayinevi.com.tr\/index.php\/wp-json\/wp\/v2\/product"}],"about":[{"href":"https:\/\/roveyayinevi.com.tr\/index.php\/wp-json\/wp\/v2\/types\/product"}],"wp:attachment":[{"href":"https:\/\/roveyayinevi.com.tr\/index.php\/wp-json\/wp\/v2\/media?parent=781979"}],"wp:term":[{"taxonomy":"product_brand","embeddable":true,"href":"https:\/\/roveyayinevi.com.tr\/index.php\/wp-json\/wp\/v2\/product_brand?post=781979"},{"taxonomy":"product_cat","embeddable":true,"href":"https:\/\/roveyayinevi.com.tr\/index.php\/wp-json\/wp\/v2\/product_cat?post=781979"},{"taxonomy":"product_tag","embeddable":true,"href":"https:\/\/roveyayinevi.com.tr\/index.php\/wp-json\/wp\/v2\/product_tag?post=781979"}],"curies":[{"name":"wp","href":"https:\/\/api.w.org\/{rel}","templated":true}]}}