{"id":781977,"date":"2026-02-01T15:37:57","date_gmt":"2026-02-01T12:37:57","guid":{"rendered":"https:\/\/roveyayinevi.com.tr\/index.php\/urun\/cay-cicegi-esintileri\/"},"modified":"2026-04-15T03:45:31","modified_gmt":"2026-04-15T00:45:31","slug":"cay-cicegi-esintileri","status":"publish","type":"product","link":"https:\/\/roveyayinevi.com.tr\/index.php\/urun\/cay-cicegi-esintileri\/","title":{"rendered":"\u00c7ay \u00c7i\u00e7e\u011fi Esintileri"},"content":{"rendered":"<p>SEVENLERSizedir bu \u00e7a\u011fr\u0131, a\u015fk illerinden gelirim,Sizinle ba\u015flayan an\u0131n ilk g\u00fcnlerinden gelirim,\u00d6l\u00fcm gam de\u011fil, \u00e7\u00fcr\u00fcmek dert de\u011fil bana,\u201cGel\u201d derseniz, do\u011frulur mezar\u0131mdan gelirim.Bu kitap\u00e7\u0131kta t\u00fcm sevenlerin bestelerini duyacak ve birlikte s\u00f6yleyeceksiniz\u2026<\/p>\n","protected":false},"excerpt":{"rendered":"<p>SEVENLERSizedir bu \u00e7a\u011fr\u0131, a\u015fk illerinden gelirim,Sizinle ba\u015flayan an\u0131n ilk g\u00fcnlerinden gelirim,\u00d6l\u00fcm gam de\u011fil, \u00e7\u00fcr\u00fcmek dert de\u011fil bana,\u201cGel\u201d derseniz, do\u011frulur mezar\u0131mdan gelirim.Bu kitap\u00e7\u0131kta t\u00fcm sevenlerin bestelerini duyacak<span class=\"excerpt-hellip\"> [\u2026]<\/span><\/p>\n","protected":false},"featured_media":0,"template":"","meta":{"_monsterinsights_skip_tracking":false,"_monsterinsights_sitenote_active":false,"_monsterinsights_sitenote_note":"","_monsterinsights_sitenote_category":0},"product_brand":[],"product_cat":[35958],"product_tag":[],"class_list":{"0":"post-781977","1":"product","2":"type-product","3":"status-publish","5":"product_cat-siir-2","6":"pa_cilt-ciltsiz","7":"pa_tur-kitap","8":"pa_yayinevi-gimsetap-yayinlari","9":"pa_yazar-mehmet-evrensel","11":"first","12":"instock","13":"sale","14":"shipping-taxable","15":"purchasable","16":"product-type-simple"},"_links":{"self":[{"href":"https:\/\/roveyayinevi.com.tr\/index.php\/wp-json\/wp\/v2\/product\/781977","targetHints":{"allow":["GET"]}}],"collection":[{"href":"https:\/\/roveyayinevi.com.tr\/index.php\/wp-json\/wp\/v2\/product"}],"about":[{"href":"https:\/\/roveyayinevi.com.tr\/index.php\/wp-json\/wp\/v2\/types\/product"}],"wp:attachment":[{"href":"https:\/\/roveyayinevi.com.tr\/index.php\/wp-json\/wp\/v2\/media?parent=781977"}],"wp:term":[{"taxonomy":"product_brand","embeddable":true,"href":"https:\/\/roveyayinevi.com.tr\/index.php\/wp-json\/wp\/v2\/product_brand?post=781977"},{"taxonomy":"product_cat","embeddable":true,"href":"https:\/\/roveyayinevi.com.tr\/index.php\/wp-json\/wp\/v2\/product_cat?post=781977"},{"taxonomy":"product_tag","embeddable":true,"href":"https:\/\/roveyayinevi.com.tr\/index.php\/wp-json\/wp\/v2\/product_tag?post=781977"}],"curies":[{"name":"wp","href":"https:\/\/api.w.org\/{rel}","templated":true}]}}