{"id":781976,"date":"2026-02-01T15:37:54","date_gmt":"2026-02-01T12:37:54","guid":{"rendered":"https:\/\/roveyayinevi.com.tr\/index.php\/urun\/ebedi-yalan-baris-ezeli-gercek-savas\/"},"modified":"2026-04-15T03:45:30","modified_gmt":"2026-04-15T00:45:30","slug":"ebedi-yalan-baris-ezeli-gercek-savas","status":"publish","type":"product","link":"https:\/\/roveyayinevi.com.tr\/index.php\/urun\/ebedi-yalan-baris-ezeli-gercek-savas\/","title":{"rendered":"Ebedi Yalan Bar\u0131\u015f &amp; Ezeli Ger\u00e7ek Sava\u015f"},"content":{"rendered":"<p>G\u00fcne\u015f ve \u00e7ekimindeki t\u00fcm gezegenler,G\u00fcne\u015f\u2019i y\u00f6r\u00fcngede tutan galaksiler ve kavrayabildi\u011fimiz b\u00fct\u00fcn bir alem bir \u00e7ekme ve itme sava\u015f\u0131 i\u00e7erisindedirler.Atomlar\u0131n i\u00e7erisinde proton ve \u00e7ekirdek sava\u015f\u0131 durmaks\u0131z\u0131n devam etmektedir.Say\u0131s\u0131z sperm canl\u0131lar\u0131n\u0131n yumurtaya ula\u015fmak i\u00e7in verdikleri amans\u0131z bir sava\u015f s\u00fcr\u00fcp gitmektedir.Benli\u011fimizde her an k\u0131ran k\u0131rana \u015feytanla melek sava\u015f\u0131 ya\u015fanmaktad\u0131r.Devletler aras\u0131nda bir varolu\u015f ve yok olu\u015f ekseninde ya\u015fam sava\u015f\u0131 hep ya\u015fanmaktad\u0131r.\u0130\u00e7imizde, yan\u0131m\u0131zda, d\u0131\u015f\u0131m\u0131zda her an bir sava\u015f ortam\u0131 i\u00e7erisindeyiz.Bahse konu sava\u015flardan sadece birisi durdurulur veya kendili\u011finden durursa\u2026 Sonu\u00e7 Yok olu\u015ftur.Bu eserde \u201cVarolu\u015fun\u201d ifadesi olan sava\u015fla yoklu\u011fun kar\u015f\u0131l\u0131\u011f\u0131 olan bar\u0131\u015f aras\u0131ndaki ba\u011flant\u0131 izah edilmeye \u00e7al\u0131\u015f\u0131lm\u0131\u015ft\u0131r.<\/p>\n","protected":false},"excerpt":{"rendered":"<p>G\u00fcne\u015f ve \u00e7ekimindeki t\u00fcm gezegenler,G\u00fcne\u015f\u2019i y\u00f6r\u00fcngede tutan galaksiler ve kavrayabildi\u011fimiz b\u00fct\u00fcn bir alem bir \u00e7ekme ve itme sava\u015f\u0131 i\u00e7erisindedirler.Atomlar\u0131n i\u00e7erisinde proton ve \u00e7ekirdek sava\u015f\u0131 durmaks\u0131z\u0131n devam<span class=\"excerpt-hellip\"> [\u2026]<\/span><\/p>\n","protected":false},"featured_media":0,"template":"","meta":{"_monsterinsights_skip_tracking":false,"_monsterinsights_sitenote_active":false,"_monsterinsights_sitenote_note":"","_monsterinsights_sitenote_category":0},"product_brand":[],"product_cat":[12777,12291],"product_tag":[],"class_list":{"0":"post-781976","1":"product","2":"type-product","3":"status-publish","5":"product_cat-deneme","6":"product_cat-edebiyat","7":"pa_cilt-ciltsiz","8":"pa_tur-kitap","9":"pa_yayinevi-gimsetap-yayinlari","10":"pa_yazar-mehmet-evrensel","12":"first","13":"instock","14":"sale","15":"shipping-taxable","16":"purchasable","17":"product-type-simple"},"_links":{"self":[{"href":"https:\/\/roveyayinevi.com.tr\/index.php\/wp-json\/wp\/v2\/product\/781976","targetHints":{"allow":["GET"]}}],"collection":[{"href":"https:\/\/roveyayinevi.com.tr\/index.php\/wp-json\/wp\/v2\/product"}],"about":[{"href":"https:\/\/roveyayinevi.com.tr\/index.php\/wp-json\/wp\/v2\/types\/product"}],"wp:attachment":[{"href":"https:\/\/roveyayinevi.com.tr\/index.php\/wp-json\/wp\/v2\/media?parent=781976"}],"wp:term":[{"taxonomy":"product_brand","embeddable":true,"href":"https:\/\/roveyayinevi.com.tr\/index.php\/wp-json\/wp\/v2\/product_brand?post=781976"},{"taxonomy":"product_cat","embeddable":true,"href":"https:\/\/roveyayinevi.com.tr\/index.php\/wp-json\/wp\/v2\/product_cat?post=781976"},{"taxonomy":"product_tag","embeddable":true,"href":"https:\/\/roveyayinevi.com.tr\/index.php\/wp-json\/wp\/v2\/product_tag?post=781976"}],"curies":[{"name":"wp","href":"https:\/\/api.w.org\/{rel}","templated":true}]}}