{"id":781974,"date":"2026-02-01T15:37:48","date_gmt":"2026-02-01T12:37:48","guid":{"rendered":"https:\/\/roveyayinevi.com.tr\/index.php\/urun\/kulkedisi-8\/"},"modified":"2026-04-15T03:45:30","modified_gmt":"2026-04-15T00:45:30","slug":"kulkedisi-8","status":"publish","type":"product","link":"https:\/\/roveyayinevi.com.tr\/index.php\/urun\/kulkedisi-8\/","title":{"rendered":"K\u00fclkedisi"},"content":{"rendered":"<p>\u201cAyn\u0131 anda ayaklar\u0131nda bir g\u0131d\u0131klanma hissetti, sanki b\u00f6cekler bacaklar\u0131na do\u011fru t\u0131rman\u0131yordu.Fareler geri d\u00f6nm\u00fc\u015ft\u00fc\u2026\u201dAc\u0131mas\u0131z bir \u00fcvey anne taraf\u0131ndan \u00f6l\u00fc yakma evinin bodrum kat\u0131na hapsedilmi\u015f gencecik bir k\u0131z. K\u00fc\u00e7\u00fck Cendrine\u2019e i\u015fkence eden iki kendini be\u011fenmi\u015f k\u0131z karde\u015f.Karde\u015flerinden intikam\u0131n\u0131 ald\u0131\u011f\u0131 g\u00fcn \u00f6len babas\u0131 ve haberi vermek i\u00e7in eve gelen polis y\u00fcz\u00fcnden hapishaneye g\u00f6nderilen bir K\u00fclkedisi. Krematoryum f\u0131r\u0131n\u0131n\u0131n g\u00f6lgesinde do\u011fmu\u015f korkutucu fareler. Su\u00e7lular ve gardiyanlar\u0131n birbiriyle b\u00fct\u00fcnle\u015fti\u011fi bir cezaevinden ustal\u0131kla ka\u00e7\u0131\u015f\u0131n maceras\u0131.\u00dcvey annesine bedel \u00f6detmeye yeminli K\u00fclkedisi\u2019nin ziyaretine gelen gizemli bir yabanc\u0131. \u0130ntikam ate\u015fi zaman ge\u00e7se de yok olmaz. K\u00fcllerden gecenin karanl\u0131\u011f\u0131n\u0131 yaymak amac\u0131yla intikamla dolu bir ruh ve benzersiz bir g\u00fc\u00e7 do\u011facak.K\u00fclkedisi\u2019nin bu korkun\u00e7 ve modern versiyonunun her sayfas\u0131nda kendinizi sevgisiz bir annenin karanl\u0131k kalbinin kat\u0131ks\u0131z deh\u015feti ve \u0131zd\u0131rab\u0131yla y\u00fczle\u015firken bulacaks\u0131n\u0131z.<\/p>\n","protected":false},"excerpt":{"rendered":"<p>\u201cAyn\u0131 anda ayaklar\u0131nda bir g\u0131d\u0131klanma hissetti, sanki b\u00f6cekler bacaklar\u0131na do\u011fru t\u0131rman\u0131yordu.Fareler geri d\u00f6nm\u00fc\u015ft\u00fc\u2026\u201dAc\u0131mas\u0131z bir \u00fcvey anne taraf\u0131ndan \u00f6l\u00fc yakma evinin bodrum kat\u0131na hapsedilmi\u015f gencecik bir k\u0131z.<span class=\"excerpt-hellip\"> [\u2026]<\/span><\/p>\n","protected":false},"featured_media":0,"template":"","meta":{"_monsterinsights_skip_tracking":false,"_monsterinsights_sitenote_active":false,"_monsterinsights_sitenote_note":"","_monsterinsights_sitenote_category":0},"product_brand":[],"product_cat":[12291,12711],"product_tag":[],"class_list":{"0":"post-781974","1":"product","2":"type-product","3":"status-publish","5":"product_cat-edebiyat","6":"product_cat-roman-oyku","7":"pa_cilt-ciltsiz","8":"pa_tur-kitap","9":"pa_yayinevi-dokuz-yayinlari","10":"pa_yazar-sylvain-johnson","12":"first","13":"instock","14":"sale","15":"shipping-taxable","16":"purchasable","17":"product-type-simple"},"_links":{"self":[{"href":"https:\/\/roveyayinevi.com.tr\/index.php\/wp-json\/wp\/v2\/product\/781974","targetHints":{"allow":["GET"]}}],"collection":[{"href":"https:\/\/roveyayinevi.com.tr\/index.php\/wp-json\/wp\/v2\/product"}],"about":[{"href":"https:\/\/roveyayinevi.com.tr\/index.php\/wp-json\/wp\/v2\/types\/product"}],"wp:attachment":[{"href":"https:\/\/roveyayinevi.com.tr\/index.php\/wp-json\/wp\/v2\/media?parent=781974"}],"wp:term":[{"taxonomy":"product_brand","embeddable":true,"href":"https:\/\/roveyayinevi.com.tr\/index.php\/wp-json\/wp\/v2\/product_brand?post=781974"},{"taxonomy":"product_cat","embeddable":true,"href":"https:\/\/roveyayinevi.com.tr\/index.php\/wp-json\/wp\/v2\/product_cat?post=781974"},{"taxonomy":"product_tag","embeddable":true,"href":"https:\/\/roveyayinevi.com.tr\/index.php\/wp-json\/wp\/v2\/product_tag?post=781974"}],"curies":[{"name":"wp","href":"https:\/\/api.w.org\/{rel}","templated":true}]}}