{"id":781969,"date":"2026-02-01T14:55:16","date_gmt":"2026-02-01T11:55:16","guid":{"rendered":"https:\/\/roveyayinevi.com.tr\/index.php\/urun\/zaman-yolcusunun-karisi\/"},"modified":"2026-02-03T03:07:25","modified_gmt":"2026-02-03T00:07:25","slug":"zaman-yolcusunun-karisi","status":"publish","type":"product","link":"https:\/\/roveyayinevi.com.tr\/index.php\/urun\/zaman-yolcusunun-karisi\/","title":{"rendered":"Zaman Yolcusunun Kar\u0131s\u0131"},"content":{"rendered":"<p>Britanya Kitap \u00d6d\u00fcl\u00fc Kazanan\u0131 \/ Arthur C. Clarke \u00d6d\u00fcl\u00fc Aday\u0131 \/ John W. Campbell \u00d6d\u00fcl\u00fc Aday\u0131 \/ Locus \u00d6d\u00fcl\u00fc Aday\u0131\u201cO kadar sars\u0131c\u0131 ve orijinal ki nefesim kesildi&#8230; Ke\u015fke ben yazsayd\u0131m dedi\u011fim nadir kitaplardan.\u201d \u2013Jodi Picoult\u201cB\u00fcy\u00fcl\u00fc bir roman. Romantik oldu\u011fu kadar hayal g\u00fcc\u00fcn\u00fc zorlayan bir kitap.\u201d \u2013Scott Turow\u201cNiffenegger zaman yolculu\u011fu hik\u00e2yesinin alt\u0131ndan hakk\u0131yla kalk\u0131yor.\u201d \u2013New YorkerZamana meydan okuyan bir a\u015fk hik\u00e2yesi\u2026Tan\u0131\u015ft\u0131klar\u0131nda Clare hen\u00fcz alt\u0131, Henry ise otuz alt\u0131 ya\u015f\u0131ndayd\u0131. Evlendiklerinde ise Clare yirmi iki, Henry otuz ya\u015f\u0131nda.\u0130mk\u00e2ns\u0131z ama ger\u00e7ek\u2026Henry\u2019nin nadir bir hastal\u0131\u011f\u0131 vard\u0131. Genetik saati beklenmedik zamanlarda s\u0131f\u0131rlan\u0131yor, Henry\u2019yi ge\u00e7mi\u015finde ya da gelece\u011findeki duygu y\u00fckl\u00fc anlara ta\u015f\u0131yordu. Kontrol edemedi\u011fi hastal\u0131\u011f\u0131 y\u00fcz\u00fcnden kendisini s\u00fcrekli hayat\u0131n\u0131n farkl\u0131 d\u00f6nemlerinde bulan Henry, t\u00fcm bunlara ra\u011fmen Clare\u2019le bir hayat kurmay\u0131 ba\u015farm\u0131\u015ft\u0131. Birbirlerini \u00e7ok sevseler de bu imk\u00e2ns\u0131z engel kar\u015f\u0131s\u0131nda a\u015fklar\u0131 sa\u011flam kalabilecek miydi?Zaman Yolcusunun Kar\u0131s\u0131, zaman\u0131n esir ald\u0131\u011f\u0131 iki insan\u0131n imk\u00e2ns\u0131z ili\u015fkisini t\u00fcm \u00e7\u0131plakl\u0131\u011f\u0131yla g\u00f6zler \u00f6n\u00fcne sererken zaman, \u00f6l\u00fcm ve a\u015fk kavramlar\u0131n\u0131 da sorgulamaktan geri durmuyor.<\/p>\n","protected":false},"excerpt":{"rendered":"<p>Britanya Kitap \u00d6d\u00fcl\u00fc Kazanan\u0131 \/ Arthur C. Clarke \u00d6d\u00fcl\u00fc Aday\u0131 \/ John W. Campbell \u00d6d\u00fcl\u00fc Aday\u0131 \/ Locus \u00d6d\u00fcl\u00fc Aday\u0131\u201cO kadar sars\u0131c\u0131 ve orijinal ki nefesim<span class=\"excerpt-hellip\"> [\u2026]<\/span><\/p>\n","protected":false},"featured_media":0,"template":"","meta":{"_monsterinsights_skip_tracking":false,"_monsterinsights_sitenote_active":false,"_monsterinsights_sitenote_note":"","_monsterinsights_sitenote_category":0},"product_brand":[],"product_cat":[12540,12291],"product_tag":[],"class_list":{"0":"post-781969","1":"product","2":"type-product","3":"status-publish","5":"product_cat-bilim-kurgu","6":"product_cat-edebiyat","7":"pa_cilt-ciltsiz","8":"pa_tur-kitap","9":"pa_yayinevi-ithaki-yayinlari","10":"pa_yazar-audrey-niffenegger","12":"first","13":"instock","14":"sale","15":"shipping-taxable","16":"purchasable","17":"product-type-simple"},"_links":{"self":[{"href":"https:\/\/roveyayinevi.com.tr\/index.php\/wp-json\/wp\/v2\/product\/781969","targetHints":{"allow":["GET"]}}],"collection":[{"href":"https:\/\/roveyayinevi.com.tr\/index.php\/wp-json\/wp\/v2\/product"}],"about":[{"href":"https:\/\/roveyayinevi.com.tr\/index.php\/wp-json\/wp\/v2\/types\/product"}],"wp:attachment":[{"href":"https:\/\/roveyayinevi.com.tr\/index.php\/wp-json\/wp\/v2\/media?parent=781969"}],"wp:term":[{"taxonomy":"product_brand","embeddable":true,"href":"https:\/\/roveyayinevi.com.tr\/index.php\/wp-json\/wp\/v2\/product_brand?post=781969"},{"taxonomy":"product_cat","embeddable":true,"href":"https:\/\/roveyayinevi.com.tr\/index.php\/wp-json\/wp\/v2\/product_cat?post=781969"},{"taxonomy":"product_tag","embeddable":true,"href":"https:\/\/roveyayinevi.com.tr\/index.php\/wp-json\/wp\/v2\/product_tag?post=781969"}],"curies":[{"name":"wp","href":"https:\/\/api.w.org\/{rel}","templated":true}]}}