{"id":781968,"date":"2026-02-01T14:55:05","date_gmt":"2026-02-01T11:55:05","guid":{"rendered":"https:\/\/roveyayinevi.com.tr\/index.php\/urun\/harry-potter-ve-felsefe-tasi-20-yil-gryffindor-ozel-baskisi\/"},"modified":"2026-02-02T02:57:08","modified_gmt":"2026-02-01T23:57:08","slug":"harry-potter-ve-felsefe-tasi-20-yil-gryffindor-ozel-baskisi","status":"publish","type":"product","link":"https:\/\/roveyayinevi.com.tr\/index.php\/urun\/harry-potter-ve-felsefe-tasi-20-yil-gryffindor-ozel-baskisi\/","title":{"rendered":"Harry Potter ve Felsefe Ta\u015f\u0131 20. Y\u0131l Gryffindor \u00d6zel Bask\u0131s\u0131"},"content":{"rendered":"<p>Bu Gryffindor bask\u0131s\u0131 Harry Potter ve Felsefe Ta\u015f\u0131\u2019n\u0131n ilk kez yay\u0131mlanmas\u0131n\u0131n \u00fczerinden 20 y\u0131l ge\u00e7mesinin onuruna yay\u0131mlanmaktad\u0131r.   Hogwarts\u2019taki en cesur ve g\u00f6z\u00fc pek binaya ho\u015f geldiniz. Ba\u015fkalar\u0131 d\u00fcnyay\u0131 bir kitab\u0131n ard\u0131ndan ya da oturduklar\u0131 yerden, kendilerini hayat\u0131n ak\u0131\u015f\u0131na b\u0131rakarak takip ededursun, Gryffindor\u2019lar d\u00fcnyada izlerini b\u0131rakmadan rahat durmazlar. Gryffindor binas\u0131 tarihin \u00f6nde gelen pek \u00e7ok cad\u0131s\u0131na ve b\u00fcy\u00fcc\u00fcs\u00fcne yuva olmu\u015ftur. Cesaretleri, y\u00fcreklilikleri ve kararl\u0131l\u0131klar\u0131yla tan\u0131nan Harry Potter, Hermione Granger, Ron Weasley, Profes\u00f6r Dumbledore ve Profes\u00f6r McGonagall \u00fcnl\u00fc Gryffindor\u2019lar aras\u0131nda say\u0131labilir.   Harry Potter ve Felsefe Ta\u015f\u0131 Gryffindor \u00f6zel bask\u0131s\u0131 binan\u0131n k\u00f6kl\u00fc tarihine, \u00f6zelliklerine, \u00f6\u011frencilerine dair ilgin\u00e7 bilgiler, \u015fa\u015f\u0131rt\u0131c\u0131 detaylar ve Hogwarts Testi\u2019ni i\u00e7eriyor. <\/p>\n","protected":false},"excerpt":{"rendered":"<p>Bu Gryffindor bask\u0131s\u0131 Harry Potter ve Felsefe Ta\u015f\u0131\u2019n\u0131n ilk kez yay\u0131mlanmas\u0131n\u0131n \u00fczerinden 20 y\u0131l ge\u00e7mesinin onuruna yay\u0131mlanmaktad\u0131r. Hogwarts\u2019taki en cesur ve g\u00f6z\u00fc pek binaya ho\u015f geldiniz.<span class=\"excerpt-hellip\"> [\u2026]<\/span><\/p>\n","protected":false},"featured_media":0,"template":"","meta":{"_monsterinsights_skip_tracking":false,"_monsterinsights_sitenote_active":false,"_monsterinsights_sitenote_note":"","_monsterinsights_sitenote_category":0},"product_brand":[],"product_cat":[12291,12711],"product_tag":[],"class_list":{"0":"post-781968","1":"product","2":"type-product","3":"status-publish","5":"product_cat-edebiyat","6":"product_cat-roman-oyku","7":"pa_cilt-ciltsiz","8":"pa_tur-kitap","9":"pa_yayinevi-yapi-kredi-yayinlari","10":"pa_yazar-j-k-rowling","12":"first","13":"instock","14":"sale","15":"shipping-taxable","16":"purchasable","17":"product-type-simple"},"_links":{"self":[{"href":"https:\/\/roveyayinevi.com.tr\/index.php\/wp-json\/wp\/v2\/product\/781968","targetHints":{"allow":["GET"]}}],"collection":[{"href":"https:\/\/roveyayinevi.com.tr\/index.php\/wp-json\/wp\/v2\/product"}],"about":[{"href":"https:\/\/roveyayinevi.com.tr\/index.php\/wp-json\/wp\/v2\/types\/product"}],"wp:attachment":[{"href":"https:\/\/roveyayinevi.com.tr\/index.php\/wp-json\/wp\/v2\/media?parent=781968"}],"wp:term":[{"taxonomy":"product_brand","embeddable":true,"href":"https:\/\/roveyayinevi.com.tr\/index.php\/wp-json\/wp\/v2\/product_brand?post=781968"},{"taxonomy":"product_cat","embeddable":true,"href":"https:\/\/roveyayinevi.com.tr\/index.php\/wp-json\/wp\/v2\/product_cat?post=781968"},{"taxonomy":"product_tag","embeddable":true,"href":"https:\/\/roveyayinevi.com.tr\/index.php\/wp-json\/wp\/v2\/product_tag?post=781968"}],"curies":[{"name":"wp","href":"https:\/\/api.w.org\/{rel}","templated":true}]}}