{"id":781967,"date":"2026-02-01T14:51:04","date_gmt":"2026-02-01T11:51:04","guid":{"rendered":"https:\/\/roveyayinevi.com.tr\/index.php\/urun\/olmayan-problemleri-kafaya-takmamak\/"},"modified":"2026-02-03T03:02:56","modified_gmt":"2026-02-03T00:02:56","slug":"olmayan-problemleri-kafaya-takmamak","status":"publish","type":"product","link":"https:\/\/roveyayinevi.com.tr\/index.php\/urun\/olmayan-problemleri-kafaya-takmamak\/","title":{"rendered":"Olmayan Problemleri Kafaya Takmamak"},"content":{"rendered":"<p>\u201cKalabal\u0131k bir zihin, huzurlu bir kalp i\u00e7in bo\u015fluk b\u0131rakmaz.\u201d   \u2022 Kendinizi kafan\u0131z\u0131n i\u00e7inde d\u00f6n\u00fcp duran d\u00fc\u015f\u00fcnceler taraf\u0131ndan ku\u015fat\u0131lm\u0131\u015f hissetti\u011finiz oluyor mu? \u2022 Ge\u00e7mi\u015f veya gelecek hakk\u0131nda d\u00fc\u015f\u00fcnmekten bug\u00fcn\u00fc ka\u00e7\u0131rd\u0131\u011f\u0131n\u0131z oluyor mu? \u2022 Zihniniz s\u00fcrekli sizin veya sevdiklerinizin ba\u015f\u0131na gelebilecek k\u00f6t\u00fc \u015feyler hakk\u0131nda senaryolar \u00fcretiyor mu?   \u201cKe\u015fke \u015f\u00f6yle yapsayd\u0131m!\u201d diyerek her \u015feyi tekrar tekrar d\u00fc\u015f\u00fcnmek, verdi\u011finiz her karar\u0131 ikinci kez sorgulamak ve hayatta ba\u015f\u0131n\u0131za gelebilecek t\u00fcm k\u00f6t\u00fc senaryolar\u0131 hayal etmek ger\u00e7ekten \u00e7ok yorucu olabilir. Bu bir d\u00fc\u015f\u00fcnce al\u0131\u015fkanl\u0131\u011f\u0131d\u0131r ve her al\u0131\u015fkanl\u0131k gibi k\u0131r\u0131lmas\u0131 olduk\u00e7a zordur. Hepimiz zaman zaman olumsuz d\u00fc\u015f\u00fcnceler ya\u015f\u0131yoruz. Fakat s\u0131k s\u0131k bu d\u00fc\u015f\u00fcnceler taraf\u0131ndan bo\u011fulmu\u015f gibi hissediyorsan\u0131z, art\u0131k ne d\u00fc\u015f\u00fcnd\u00fc\u011f\u00fcn\u00fcz\u00fc, bu d\u00fc\u015f\u00fcncelerin kayna\u011f\u0131n\u0131, zihinsel sa\u011fl\u0131\u011f\u0131n\u0131z\u0131 nas\u0131l etkiledi\u011fini \u00f6\u011frenme ve bu sayede daha huzurlu, sakin bir hayata ad\u0131m atmaya haz\u0131rs\u0131n\u0131z demektir. Elinizdeki kitap a\u015f\u0131r\u0131 d\u00fc\u015f\u00fcnme al\u0131\u015fkanl\u0131\u011f\u0131n\u0131z\u0131 k\u0131rman\u0131za ve bu sayede daha sa\u011fl\u0131kl\u0131 kararlar al\u0131p gelece\u011fe korkusuzca ad\u0131m atabilmenize yard\u0131mc\u0131 olacak. Unutmay\u0131n; hi\u00e7bir korku zannetti\u011finiz kadar \u00fcrk\u00fct\u00fcc\u00fc de\u011fildir. <\/p>\n","protected":false},"excerpt":{"rendered":"<p>\u201cKalabal\u0131k bir zihin, huzurlu bir kalp i\u00e7in bo\u015fluk b\u0131rakmaz.\u201d \u2022 Kendinizi kafan\u0131z\u0131n i\u00e7inde d\u00f6n\u00fcp duran d\u00fc\u015f\u00fcnceler taraf\u0131ndan ku\u015fat\u0131lm\u0131\u015f hissetti\u011finiz oluyor mu? \u2022 Ge\u00e7mi\u015f veya gelecek hakk\u0131nda<span class=\"excerpt-hellip\"> [\u2026]<\/span><\/p>\n","protected":false},"featured_media":0,"template":"","meta":{"_monsterinsights_skip_tracking":false,"_monsterinsights_sitenote_active":false,"_monsterinsights_sitenote_note":"","_monsterinsights_sitenote_category":0},"product_brand":[],"product_cat":[12364,12376],"product_tag":[],"class_list":{"0":"post-781967","1":"product","2":"type-product","3":"status-publish","5":"product_cat-genel-konular","6":"product_cat-kisisel-gelisim","7":"pa_cilt-ciltsiz","8":"pa_tur-kitap","9":"pa_yayinevi-destek-yayinlari","10":"pa_yazar-1-soru-1-cevap","12":"first","13":"instock","14":"sale","15":"shipping-taxable","16":"purchasable","17":"product-type-simple"},"_links":{"self":[{"href":"https:\/\/roveyayinevi.com.tr\/index.php\/wp-json\/wp\/v2\/product\/781967","targetHints":{"allow":["GET"]}}],"collection":[{"href":"https:\/\/roveyayinevi.com.tr\/index.php\/wp-json\/wp\/v2\/product"}],"about":[{"href":"https:\/\/roveyayinevi.com.tr\/index.php\/wp-json\/wp\/v2\/types\/product"}],"wp:attachment":[{"href":"https:\/\/roveyayinevi.com.tr\/index.php\/wp-json\/wp\/v2\/media?parent=781967"}],"wp:term":[{"taxonomy":"product_brand","embeddable":true,"href":"https:\/\/roveyayinevi.com.tr\/index.php\/wp-json\/wp\/v2\/product_brand?post=781967"},{"taxonomy":"product_cat","embeddable":true,"href":"https:\/\/roveyayinevi.com.tr\/index.php\/wp-json\/wp\/v2\/product_cat?post=781967"},{"taxonomy":"product_tag","embeddable":true,"href":"https:\/\/roveyayinevi.com.tr\/index.php\/wp-json\/wp\/v2\/product_tag?post=781967"}],"curies":[{"name":"wp","href":"https:\/\/api.w.org\/{rel}","templated":true}]}}