{"id":781963,"date":"2026-02-01T14:47:05","date_gmt":"2026-02-01T11:47:05","guid":{"rendered":"https:\/\/roveyayinevi.com.tr\/index.php\/urun\/bir-askin-tarihi-2\/"},"modified":"2026-02-25T13:38:39","modified_gmt":"2026-02-25T10:38:39","slug":"bir-askin-tarihi-2","status":"publish","type":"product","link":"https:\/\/roveyayinevi.com.tr\/index.php\/urun\/bir-askin-tarihi-2\/","title":{"rendered":"Bir A\u015fk\u0131n Tarihi"},"content":{"rendered":"<p>\u201cAh, sana ne s\u00f6yleyeyim Necip\u2026 Saadetin hik\u00e2yesi olmaz derler, o kadar do\u011frudur ki\u2026\u201d Kitaba ad\u0131n\u0131 veren uzun \u00f6yk\u00fc ile alt\u0131 k\u0131sa \u00f6yk\u00fcden olu\u015fan Bir A\u015fk\u0131n Tarihi evlilik, a\u015fk, namus gibi konular\u0131 hem toplumsal hem bireysel d\u00fczlemde ele al\u0131yor. Mehmet Rauf her zamanki gibi ki\u015filerin i\u00e7 d\u00fcnyalar\u0131na derinlemesine bak\u0131\u015f\u0131yla saadetin de h\u00fcsran\u0131n da hik\u00e2yesini yaz\u0131yor. <\/p>\n","protected":false},"excerpt":{"rendered":"<p>\u201cAh, sana ne s\u00f6yleyeyim Necip\u2026 Saadetin hik\u00e2yesi olmaz derler, o kadar do\u011frudur ki\u2026\u201d Kitaba ad\u0131n\u0131 veren uzun \u00f6yk\u00fc ile alt\u0131 k\u0131sa \u00f6yk\u00fcden olu\u015fan Bir A\u015fk\u0131n Tarihi<span class=\"excerpt-hellip\"> [\u2026]<\/span><\/p>\n","protected":false},"featured_media":0,"template":"","meta":{"_monsterinsights_skip_tracking":false,"_monsterinsights_sitenote_active":false,"_monsterinsights_sitenote_note":"","_monsterinsights_sitenote_category":0},"product_brand":[],"product_cat":[12291,12292],"product_tag":[],"class_list":{"0":"post-781963","1":"product","2":"type-product","3":"status-publish","5":"product_cat-edebiyat","6":"product_cat-turk-edebiyati","7":"pa_cilt-ciltsiz","8":"pa_tur-kitap","9":"pa_yayinevi-is-bankasi-kultur-yayinlari","10":"pa_yazar-mehmet-rauf","12":"first","13":"instock","14":"sale","15":"shipping-taxable","16":"purchasable","17":"product-type-simple"},"_links":{"self":[{"href":"https:\/\/roveyayinevi.com.tr\/index.php\/wp-json\/wp\/v2\/product\/781963","targetHints":{"allow":["GET"]}}],"collection":[{"href":"https:\/\/roveyayinevi.com.tr\/index.php\/wp-json\/wp\/v2\/product"}],"about":[{"href":"https:\/\/roveyayinevi.com.tr\/index.php\/wp-json\/wp\/v2\/types\/product"}],"wp:attachment":[{"href":"https:\/\/roveyayinevi.com.tr\/index.php\/wp-json\/wp\/v2\/media?parent=781963"}],"wp:term":[{"taxonomy":"product_brand","embeddable":true,"href":"https:\/\/roveyayinevi.com.tr\/index.php\/wp-json\/wp\/v2\/product_brand?post=781963"},{"taxonomy":"product_cat","embeddable":true,"href":"https:\/\/roveyayinevi.com.tr\/index.php\/wp-json\/wp\/v2\/product_cat?post=781963"},{"taxonomy":"product_tag","embeddable":true,"href":"https:\/\/roveyayinevi.com.tr\/index.php\/wp-json\/wp\/v2\/product_tag?post=781963"}],"curies":[{"name":"wp","href":"https:\/\/api.w.org\/{rel}","templated":true}]}}