{"id":781962,"date":"2026-02-01T14:45:49","date_gmt":"2026-02-01T11:45:49","guid":{"rendered":"https:\/\/roveyayinevi.com.tr\/index.php\/urun\/dune-grafik-roman-1-kisim-dune\/"},"modified":"2026-03-21T02:49:01","modified_gmt":"2026-03-20T23:49:01","slug":"dune-grafik-roman-1-kisim-dune","status":"publish","type":"product","link":"https:\/\/roveyayinevi.com.tr\/index.php\/urun\/dune-grafik-roman-1-kisim-dune\/","title":{"rendered":"Dune Grafik Roman &#8211; 1. K\u0131s\u0131m &#8211; Dune"},"content":{"rendered":"<p>Frank Herbert\u2019\u0131n bilimkurgu roman\u0131 Dune\u2019un kusursuz grafik roman uyarlamas\u0131: DUNE Grafik Roman, 1. K\u0131s\u0131m   Feodal bir uzak gelecekte ge\u00e7en Dune, gen\u00e7 Paul Atreides\u2019in hik\u00e2yesini anlat\u0131r. Atreides Hanedan\u0131, evrendeki en de\u011ferli madde olan melanj \u201cbaharat\u0131n\u0131n\u201d tek kayna\u011f\u0131 olarak bilinen Arrakis gezegeninin kontrol\u00fcn\u00fc kabul etmi\u015ftir. \u0130mparatorlu\u011fun g\u00fc\u00e7leri Arrakis\u2019in kontrol\u00fc i\u00e7in birbirlerinin kuyusunu kazarken, politika, din, ekoloji, teknoloji ve insani duygular\u0131n \u00e7ok katmanl\u0131, karma\u015f\u0131k etkile\u015fiminden benzersiz bir hik\u00e2ye do\u011facakt\u0131r.   Brian Herbert ve Kevin J. Anderson\u2019\u0131n orijinal esere birebir sad\u0131k kalan \u00fc\u00e7 ciltlik adaptasyonunun ilkini Ra\u00fal All\u00e9n ve Patricia Mart\u00edn \u015fahane \u00e7izimleriyle g\u00f6rsele aktar\u0131yor.   \u201cRa\u00fal All\u00e9n ve Patricia Mart\u00edn, orijinal hik\u00e2yeyi en ince ayr\u0131nt\u0131s\u0131na kadar ilgi \u00e7ekici bi\u00e7imde g\u00f6rsel dile aktarm\u0131\u015flar.\u201d \u2013 Eric Heisserer, Denis Villeneuve\u2019\u00fcn Geli\u015f filminin Oscar aday\u0131 senaristi <\/p>\n","protected":false},"excerpt":{"rendered":"<p>Frank Herbert\u2019\u0131n bilimkurgu roman\u0131 Dune\u2019un kusursuz grafik roman uyarlamas\u0131: DUNE Grafik Roman, 1. K\u0131s\u0131m Feodal bir uzak gelecekte ge\u00e7en Dune, gen\u00e7 Paul Atreides\u2019in hik\u00e2yesini anlat\u0131r. Atreides<span class=\"excerpt-hellip\"> [\u2026]<\/span><\/p>\n","protected":false},"featured_media":0,"template":"","meta":{"_monsterinsights_skip_tracking":false,"_monsterinsights_sitenote_active":false,"_monsterinsights_sitenote_note":"","_monsterinsights_sitenote_category":0},"product_brand":[],"product_cat":[12416,12291],"product_tag":[],"class_list":{"0":"post-781962","1":"product","2":"type-product","3":"status-publish","5":"product_cat-cizgi-roman","6":"product_cat-edebiyat","7":"pa_cilt-ciltsiz","8":"pa_tur-kitap","9":"pa_yayinevi-ithaki-yayinlari","10":"pa_yazar-ithaki-yayinlari-kolektif","12":"first","13":"instock","14":"sale","15":"shipping-taxable","16":"purchasable","17":"product-type-simple"},"_links":{"self":[{"href":"https:\/\/roveyayinevi.com.tr\/index.php\/wp-json\/wp\/v2\/product\/781962","targetHints":{"allow":["GET"]}}],"collection":[{"href":"https:\/\/roveyayinevi.com.tr\/index.php\/wp-json\/wp\/v2\/product"}],"about":[{"href":"https:\/\/roveyayinevi.com.tr\/index.php\/wp-json\/wp\/v2\/types\/product"}],"wp:attachment":[{"href":"https:\/\/roveyayinevi.com.tr\/index.php\/wp-json\/wp\/v2\/media?parent=781962"}],"wp:term":[{"taxonomy":"product_brand","embeddable":true,"href":"https:\/\/roveyayinevi.com.tr\/index.php\/wp-json\/wp\/v2\/product_brand?post=781962"},{"taxonomy":"product_cat","embeddable":true,"href":"https:\/\/roveyayinevi.com.tr\/index.php\/wp-json\/wp\/v2\/product_cat?post=781962"},{"taxonomy":"product_tag","embeddable":true,"href":"https:\/\/roveyayinevi.com.tr\/index.php\/wp-json\/wp\/v2\/product_tag?post=781962"}],"curies":[{"name":"wp","href":"https:\/\/api.w.org\/{rel}","templated":true}]}}