{"id":781960,"date":"2026-02-01T14:45:38","date_gmt":"2026-02-01T11:45:38","guid":{"rendered":"https:\/\/roveyayinevi.com.tr\/index.php\/urun\/kont-belisarios\/"},"modified":"2026-04-16T02:41:38","modified_gmt":"2026-04-15T23:41:38","slug":"kont-belisarios","status":"publish","type":"product","link":"https:\/\/roveyayinevi.com.tr\/index.php\/urun\/kont-belisarios\/","title":{"rendered":"Kont Belisarios"},"content":{"rendered":"<p>Alt\u0131nc\u0131 y\u00fczy\u0131l, Roma \u0130mparatorlu\u011fu i\u00e7in pek de huzurlu bir zaman de\u011fildir. Bat\u0131 Roma \u00e7\u00f6km\u00fc\u015ft\u00fcr, Do\u011fu Roma ise Vandallar\u0131n, Gotlar\u0131n ve Perslerin tehdidi alt\u0131ndad\u0131r. Bu istilac\u0131lar, tek bir ki\u015fiden \u00e7ekinir: Bizans \u0130mparatoru \u0130ustinianos\u2019un b\u00fcy\u00fck generali Belisarios. \u0130yi bir s\u00fcvari, mahir bir ok\u00e7u ve k\u0131l\u0131\u00e7 ustas\u0131 olan Belisarios, Do\u011fu\u2019dan Kuzey Afrika\u2019ya uzanan zaferleriyle halk\u0131 gururland\u0131r\u0131rken \u0130mparator\u2019da k\u0131skan\u00e7l\u0131k ve \u015f\u00fcphe uyand\u0131r\u0131r. Erdem ile yozla\u015fma aras\u0131ndaki bitmeyen \u00e7at\u0131\u015fma, Belisarios ile \u0130ustinianos\u2019un ili\u015fkisinde g\u00f6zler \u00f6n\u00fcne serilir. Robert Graves, Pers s\u0131n\u0131r\u0131nda, Kuzey Afrika \u00e7\u00f6llerinde, \u0130talya yar\u0131madas\u0131nda ge\u00e7en sava\u015flar\u0131, din \u00e7at\u0131\u015fmalar\u0131n\u0131, Konstantinopolis\u2019i ikiye b\u00f6len Mavi-Ye\u015fil tak\u0131m kavgalar\u0131n\u0131 ve insanl\u0131k tarihinin en y\u0131k\u0131c\u0131 veba salg\u0131nlar\u0131ndan birini, Belisarios\u2019un e\u015fi Antonina\u2019n\u0131n sad\u0131k hizmetk\u00e2r\u0131 had\u0131m Eugenios\u2019un a\u011fz\u0131ndan anlat\u0131r. Bunu yaparken de Belisarios\u2019un yazman\u0131 Prokopios\u2019un kaleme ald\u0131\u011f\u0131 iki tarih\u00e7eden faydalan\u0131r; biri generalin \u00fcst\u00fcn ba\u015far\u0131lar\u0131n\u0131 konu edinen Sava\u015flar Tarihi, di\u011feri ise kindar dedikodularla dolu Bizans\u2019\u0131n Gizli Tarihi\u2019dir. 1938 y\u0131l\u0131nda yay\u0131mlanan Kont Belisarios\u2019ta tarihten bir kesit sunan Graves\u2019in d\u00f6nemin insanlar\u0131n\u0131 da canl\u0131 tasvirlerle anlatabilmesi dikkat \u00e7ekicidir. <\/p>\n","protected":false},"excerpt":{"rendered":"<p>Alt\u0131nc\u0131 y\u00fczy\u0131l, Roma \u0130mparatorlu\u011fu i\u00e7in pek de huzurlu bir zaman de\u011fildir. Bat\u0131 Roma \u00e7\u00f6km\u00fc\u015ft\u00fcr, Do\u011fu Roma ise Vandallar\u0131n, Gotlar\u0131n ve Perslerin tehdidi alt\u0131ndad\u0131r. Bu istilac\u0131lar, tek<span class=\"excerpt-hellip\"> [\u2026]<\/span><\/p>\n","protected":false},"featured_media":0,"template":"","meta":{"_monsterinsights_skip_tracking":false,"_monsterinsights_sitenote_active":false,"_monsterinsights_sitenote_note":"","_monsterinsights_sitenote_category":0},"product_brand":[],"product_cat":[12291,26797],"product_tag":[],"class_list":{"0":"post-781960","1":"product","2":"type-product","3":"status-publish","5":"product_cat-edebiyat","6":"product_cat-modern-klasikler","7":"pa_cilt-ciltsiz","8":"pa_tur-kitap","9":"pa_yayinevi-is-bankasi-kultur-yayinlari","10":"pa_yazar-robert-graves","12":"first","13":"instock","14":"sale","15":"shipping-taxable","16":"purchasable","17":"product-type-simple"},"_links":{"self":[{"href":"https:\/\/roveyayinevi.com.tr\/index.php\/wp-json\/wp\/v2\/product\/781960","targetHints":{"allow":["GET"]}}],"collection":[{"href":"https:\/\/roveyayinevi.com.tr\/index.php\/wp-json\/wp\/v2\/product"}],"about":[{"href":"https:\/\/roveyayinevi.com.tr\/index.php\/wp-json\/wp\/v2\/types\/product"}],"wp:attachment":[{"href":"https:\/\/roveyayinevi.com.tr\/index.php\/wp-json\/wp\/v2\/media?parent=781960"}],"wp:term":[{"taxonomy":"product_brand","embeddable":true,"href":"https:\/\/roveyayinevi.com.tr\/index.php\/wp-json\/wp\/v2\/product_brand?post=781960"},{"taxonomy":"product_cat","embeddable":true,"href":"https:\/\/roveyayinevi.com.tr\/index.php\/wp-json\/wp\/v2\/product_cat?post=781960"},{"taxonomy":"product_tag","embeddable":true,"href":"https:\/\/roveyayinevi.com.tr\/index.php\/wp-json\/wp\/v2\/product_tag?post=781960"}],"curies":[{"name":"wp","href":"https:\/\/api.w.org\/{rel}","templated":true}]}}