{"id":781959,"date":"2026-02-01T14:45:34","date_gmt":"2026-02-01T11:45:34","guid":{"rendered":"https:\/\/roveyayinevi.com.tr\/index.php\/urun\/dinin-iktidari-iktidarin-dini\/"},"modified":"2026-04-16T02:41:37","modified_gmt":"2026-04-15T23:41:37","slug":"dinin-iktidari-iktidarin-dini","status":"publish","type":"product","link":"https:\/\/roveyayinevi.com.tr\/index.php\/urun\/dinin-iktidari-iktidarin-dini\/","title":{"rendered":"Dinin \u0130ktidar\u0131 \u0130ktidar\u0131n Dini"},"content":{"rendered":"<p>\u201cDin ve devletin ikiz kardes\u0327ler olmas\u0131 ne Kura\u0302ni\u0302 bir tasvir ne de var olan gerc\u0327eklig\u0306in izah\u0131d\u0131r. (&#8230;) Gec\u0327erlilig\u0306ini ve kutsiyetini temel \u0130sla\u0302mi\u0302 kaynaklardan alan ideal devlet s\u0327ekli olarak go\u0308sterilen hilafet de, asl\u0131nda bes\u0327eri\u0302 ve tarihsel bir mu\u0308esseseden fazlas\u0131 deg\u0306ildir. Ne temel \u0130sla\u0302mi\u0302 kaynaklar yeryu\u0308zu\u0308nde tanr\u0131sal du\u0308zenin garanto\u0308ru\u0308 olarak hilafetten so\u0308z etmis\u0327 ne de din ile siyaset klasik \u0130sla\u0302m yaz\u0131n\u0131nda sunuldug\u0306u kadar ic\u0327 ic\u0327e olmus\u0327tur. Siyasetin &#8230; Mu\u0308slu\u0308manlar\u0131n ic\u0327tihad\u0131na terk edilmis\u0327 bir alan oldug\u0306u c\u0327ok ac\u0327\u0131kt\u0131r. Bu bak\u0131mdan, \u0130sla\u0302m toplumlar\u0131nda din-siyaset ya da din-iktidar ilis\u0327kisi, sadece teolojinin deg\u0306il ayn\u0131 zamanda ve hatta daha c\u0327ok tarihin konusudur.\u201dBir din olarak \u0130sla\u0302m ve onun temsilcisi konumundaki uleman\u0131n siyasete yo\u0308n verme c\u0327abas\u0131 ile siyasi faillerin dini kendi c\u0327\u0131kar ve ilgilerine go\u0308re bic\u0327imlendirme c\u0327abas\u0131 aras\u0131ndaki mu\u0308cadele ve etkiles\u0327im&#8230;Nagihan Dog\u0306an, Dinin \u0130ktidar\u0131 \u0130ktidar\u0131n Dini kitab\u0131nda, \u0130sla\u0302m tarihinde din-siyaset ilis\u0327kisinin bu etkiles\u0327im ic\u0327inde belirlenis\u0327ini tarihsel bir analizle ortaya koyuyor. Do\u0308rt halife do\u0308nemine uzanan dini\u0302-siyasi ayr\u0131s\u0327malara, Su\u0308nni-S\u0327ii hiziples\u0327mesine ve bu hiziples\u0327me ic\u0327inde Abbasilerin Emevi gec\u0327mis\u0327ini Su\u0308nni geleneg\u0306e oturtma stratejisine eg\u0306ilen analiz, sonra Abbasilerin Su\u0308nni hilafet doktrinini kendi yo\u0308netimlerini mes\u0327rulas\u0327t\u0131ran bir kaynak olarak gelis\u0327tirmelerine odaklan\u0131yor. Bu vesileyle, Abbasi iktidar\u0131n\u0131n kendi koydug\u0306u \u201c\u0130sla\u0302mi\u0302 yo\u0308netim\u201d o\u0308lc\u0327u\u0308tlerine ne kadar uyduklar\u0131 da inceleniyor. \u0130ktidarlarla ulema aras\u0131ndaki mu\u0308cadele ve din a\u0302limlerinin maruz kald\u0131g\u0306\u0131 bask\u0131 deneyimi, kitapta bas\u0327l\u0131 bas\u0327\u0131na ilgiye deg\u0306er bir fas\u0131l olus\u0327turuyor. \u0130sla\u0302m tarihi kadar, genel olarak devletin ve iktidar\u0131n tarihine ilgi duyanlara da yoldas\u0327l\u0131k edecek bir kaynak kitap.<\/p>\n","protected":false},"excerpt":{"rendered":"<p>\u201cDin ve devletin ikiz kardes\u0327ler olmas\u0131 ne Kura\u0302ni\u0302 bir tasvir ne de var olan gerc\u0327eklig\u0306in izah\u0131d\u0131r. (&#8230;) Gec\u0327erlilig\u0306ini ve kutsiyetini temel \u0130sla\u0302mi\u0302 kaynaklardan alan ideal devlet<span class=\"excerpt-hellip\"> [\u2026]<\/span><\/p>\n","protected":false},"featured_media":0,"template":"","meta":{"_monsterinsights_skip_tracking":false,"_monsterinsights_sitenote_active":false,"_monsterinsights_sitenote_note":"","_monsterinsights_sitenote_category":0},"product_brand":[],"product_cat":[12370,12304],"product_tag":[],"class_list":{"0":"post-781959","1":"product","2":"type-product","3":"status-publish","5":"product_cat-arastirma-inceleme","6":"product_cat-tarih","7":"pa_cilt-ciltsiz","8":"pa_tur-kitap","9":"pa_yayinevi-iletisim-yayinlari","10":"pa_yazar-nagihan-dogan","12":"first","13":"instock","14":"sale","15":"shipping-taxable","16":"purchasable","17":"product-type-simple"},"_links":{"self":[{"href":"https:\/\/roveyayinevi.com.tr\/index.php\/wp-json\/wp\/v2\/product\/781959","targetHints":{"allow":["GET"]}}],"collection":[{"href":"https:\/\/roveyayinevi.com.tr\/index.php\/wp-json\/wp\/v2\/product"}],"about":[{"href":"https:\/\/roveyayinevi.com.tr\/index.php\/wp-json\/wp\/v2\/types\/product"}],"wp:attachment":[{"href":"https:\/\/roveyayinevi.com.tr\/index.php\/wp-json\/wp\/v2\/media?parent=781959"}],"wp:term":[{"taxonomy":"product_brand","embeddable":true,"href":"https:\/\/roveyayinevi.com.tr\/index.php\/wp-json\/wp\/v2\/product_brand?post=781959"},{"taxonomy":"product_cat","embeddable":true,"href":"https:\/\/roveyayinevi.com.tr\/index.php\/wp-json\/wp\/v2\/product_cat?post=781959"},{"taxonomy":"product_tag","embeddable":true,"href":"https:\/\/roveyayinevi.com.tr\/index.php\/wp-json\/wp\/v2\/product_tag?post=781959"}],"curies":[{"name":"wp","href":"https:\/\/api.w.org\/{rel}","templated":true}]}}