{"id":781958,"date":"2026-02-01T14:44:54","date_gmt":"2026-02-01T11:44:54","guid":{"rendered":"https:\/\/roveyayinevi.com.tr\/index.php\/urun\/kimligini-saklayan-adamin-oykusu\/"},"modified":"2026-02-03T02:57:23","modified_gmt":"2026-02-02T23:57:23","slug":"kimligini-saklayan-adamin-oykusu","status":"publish","type":"product","link":"https:\/\/roveyayinevi.com.tr\/index.php\/urun\/kimligini-saklayan-adamin-oykusu\/","title":{"rendered":"Kimli\u011fini Saklayan Adam\u0131n \u00d6yk\u00fcs\u00fc"},"content":{"rendered":"<p>\u00d6yku\u0308cu\u0308lu\u0308\u011fu\u0308n ustas\u0131 \u00c7ehov\u2019un d\u00f6nemin atmosferine ve gu\u0308ndelik hayat\u0131n ayr\u0131nt\u0131lar\u0131na \u0131\u015f\u0131k tutan \u00f6yku\u0308lerini derleyen bir \u015faheser. Kimli\u011fini Saklayan Adam\u0131n \u00d6yku\u0308su\u0308 \u00c7ehov\u2019un 1893-1895 y\u0131llar\u0131 aras\u0131nda Russkaya M\u0131ys\u0131l, Russkiye Vedomosti ve Novoye Vremya dergilerine yazd\u0131\u011f\u0131 \u00f6yku\u0308lerden olu\u015fuyor. Bu ciltte, \u00c7ehov\u2019un kariyerinde bir d\u00f6nu\u0308m noktas\u0131 olan ve Rus edebiyat\u0131n\u0131n parlayan y\u0131ld\u0131z\u0131 olarak ele\u015ftirmenlerin dikkatini \u00e7eken \u201cKad\u0131nlar\u0131n Kendi Du\u0308nyas\u0131\u201d gibi k\u0131sa \u00f6yku\u0308lerinin yan\u0131 s\u0131ra d\u00f6nemin siyasi gerilimlerine de\u011findi\u011fi \u201cKimli\u011fini Saklayan Adam\u0131n \u00d6yku\u0308su\u0308\u201d ve Moskova hayat\u0131n\u0131 tu\u0308m \u00e7arp\u0131c\u0131l\u0131\u011f\u0131yla g\u00f6zler \u00f6nu\u0308ne serdi\u011fi \u201c\u00dc\u00e7 Y\u0131l\u201d gibi uzun \u00f6yku\u0308leri de yer al\u0131yor. \u201cGen\u00e7 bir adamken beni hangi yazarlar m\u0131 etkiledi? \u00c7ehov! Oyun yazar\u0131 olarak? \u00c7ehov! \u00d6yku\u0308 yazar\u0131 olarak? \u00c7ehov!\u201d Tennessee Williams<\/p>\n","protected":false},"excerpt":{"rendered":"<p>\u00d6yku\u0308cu\u0308lu\u0308\u011fu\u0308n ustas\u0131 \u00c7ehov\u2019un d\u00f6nemin atmosferine ve gu\u0308ndelik hayat\u0131n ayr\u0131nt\u0131lar\u0131na \u0131\u015f\u0131k tutan \u00f6yku\u0308lerini derleyen bir \u015faheser. Kimli\u011fini Saklayan Adam\u0131n \u00d6yku\u0308su\u0308 \u00c7ehov\u2019un 1893-1895 y\u0131llar\u0131 aras\u0131nda Russkaya M\u0131ys\u0131l, Russkiye<span class=\"excerpt-hellip\"> [\u2026]<\/span><\/p>\n","protected":false},"featured_media":0,"template":"","meta":{"_monsterinsights_skip_tracking":false,"_monsterinsights_sitenote_active":false,"_monsterinsights_sitenote_note":"","_monsterinsights_sitenote_category":0},"product_brand":[],"product_cat":[12291,12711],"product_tag":[],"class_list":{"0":"post-781958","1":"product","2":"type-product","3":"status-publish","5":"product_cat-edebiyat","6":"product_cat-roman-oyku","7":"pa_cilt-ciltsiz","8":"pa_tur-kitap","9":"pa_yayinevi-iletisim-yayinlari","10":"pa_yazar-anton-pavlovic-cehov","12":"first","13":"instock","14":"sale","15":"shipping-taxable","16":"purchasable","17":"product-type-simple"},"_links":{"self":[{"href":"https:\/\/roveyayinevi.com.tr\/index.php\/wp-json\/wp\/v2\/product\/781958","targetHints":{"allow":["GET"]}}],"collection":[{"href":"https:\/\/roveyayinevi.com.tr\/index.php\/wp-json\/wp\/v2\/product"}],"about":[{"href":"https:\/\/roveyayinevi.com.tr\/index.php\/wp-json\/wp\/v2\/types\/product"}],"wp:attachment":[{"href":"https:\/\/roveyayinevi.com.tr\/index.php\/wp-json\/wp\/v2\/media?parent=781958"}],"wp:term":[{"taxonomy":"product_brand","embeddable":true,"href":"https:\/\/roveyayinevi.com.tr\/index.php\/wp-json\/wp\/v2\/product_brand?post=781958"},{"taxonomy":"product_cat","embeddable":true,"href":"https:\/\/roveyayinevi.com.tr\/index.php\/wp-json\/wp\/v2\/product_cat?post=781958"},{"taxonomy":"product_tag","embeddable":true,"href":"https:\/\/roveyayinevi.com.tr\/index.php\/wp-json\/wp\/v2\/product_tag?post=781958"}],"curies":[{"name":"wp","href":"https:\/\/api.w.org\/{rel}","templated":true}]}}