{"id":781956,"date":"2026-02-01T14:44:28","date_gmt":"2026-02-01T11:44:28","guid":{"rendered":"https:\/\/roveyayinevi.com.tr\/index.php\/urun\/harro-ile-libertas\/"},"modified":"2026-04-16T02:40:46","modified_gmt":"2026-04-15T23:40:46","slug":"harro-ile-libertas","status":"publish","type":"product","link":"https:\/\/roveyayinevi.com.tr\/index.php\/urun\/harro-ile-libertas\/","title":{"rendered":"Harro ile Libertas"},"content":{"rendered":"<p>\u201cElimden geleni yapt\u0131m, son ana kadar ve kendi fikrim ug\u0306runa o\u0308lu\u0308yorum, bir bas\u0327kas\u0131n\u0131n fikri ug\u0306runa, bir du\u0308s\u0327man\u0131n fikri ug\u0306runa deg\u0306il. Biliyorum ki benim fikrim, bizim fikrimiz kaza- nacak, ku\u0308c\u0327u\u0308k o\u0308ncu\u0308 olarak bizler du\u0308s\u0327sek bile. (&#8230;) Alman halk\u0131 en beterinden esirgensin isterdik. Ku\u0308c\u0327u\u0308k grubumuz dimdik ve cesurca mu\u0308cadele etti. O\u0308zgu\u0308rlu\u0308k ic\u0327in cehdettik ve korkak deg\u0306ildik. Hepinize tes\u0327ekku\u0308r ediyorum! Son ana kadar kuvvetli olal\u0131m!\u201d Nazi iktidar\u0131na kars\u0327\u0131 yu\u0308ru\u0308tu\u0308lmu\u0308s\u0327 bir direnis\u0327 mu\u0308cadelesi&#8230;Yasa d\u0131s\u0327\u0131 bildiri dag\u0306\u0131tarak, anti-fas\u0327ist mu\u0308ttefik gu\u0308c\u0327ler ic\u0327in istihbarat toplayarak, hayati tehlikede olanlara yard\u0131m ederek rejime dire- nen, daha sonra \u201cK\u0131z\u0131l Orkestra\u201d diye adland\u0131r\u0131lacak bir grup&#8230; Son derece esnek, karmakar\u0131s\u0327\u0131k bir ilis\u0327ki ag\u0306\u0131: Muhafazaka\u0302rlar, milliyetc\u0327iler var, liberaller, sosyal demokratlar, komu\u0308nistler var, belirli bir siyasi fikre bag\u0306l\u0131 olmayanlar var. Aristokratlar, akade- misyenler, sanatc\u0327\u0131lar, memurlar, subaylar, is\u0327c\u0327iler var. Yas\u0327l\u0131lar var, genc\u0327ler var.Kad\u0131nerkek, yaklas\u0327\u0131k yar\u0131 yar\u0131ya. Direnis\u0327 ag\u0306\u0131n\u0131n merkezinde, ikisi de milliyetc\u0327i-muhafazaka\u0302r aile ve muhitlerden gelen tutkulu bir genc\u0327 adam ve tutkulu bir genc\u0327 kad\u0131n yer al\u0131yor: Kitaba adlar\u0131n\u0131 veren Harro ile Libertas. Direnis\u0327 hika\u0302ye- si, ikisinin as\u0327k hika\u0302yesiyle ic\u0327 ic\u0327e gec\u0327iyor. Harro ile Libertas, bu trajik hika\u0302yeyi, genis\u0327 bir doku\u0308mantasyona dayanarak, roman gibi anlat\u0131yor.<\/p>\n","protected":false},"excerpt":{"rendered":"<p>\u201cElimden geleni yapt\u0131m, son ana kadar ve kendi fikrim ug\u0306runa o\u0308lu\u0308yorum, bir bas\u0327kas\u0131n\u0131n fikri ug\u0306runa, bir du\u0308s\u0327man\u0131n fikri ug\u0306runa deg\u0306il. Biliyorum ki benim fikrim, bizim fikrimiz<span class=\"excerpt-hellip\"> [\u2026]<\/span><\/p>\n","protected":false},"featured_media":0,"template":"","meta":{"_monsterinsights_skip_tracking":false,"_monsterinsights_sitenote_active":false,"_monsterinsights_sitenote_note":"","_monsterinsights_sitenote_category":0},"product_brand":[],"product_cat":[12291,12711],"product_tag":[],"class_list":{"0":"post-781956","1":"product","2":"type-product","3":"status-publish","5":"product_cat-edebiyat","6":"product_cat-roman-oyku","7":"pa_cilt-ciltsiz","8":"pa_tur-kitap","9":"pa_yayinevi-iletisim-yayinlari","10":"pa_yazar-norman-ohler","12":"first","13":"instock","14":"sale","15":"shipping-taxable","16":"purchasable","17":"product-type-simple"},"_links":{"self":[{"href":"https:\/\/roveyayinevi.com.tr\/index.php\/wp-json\/wp\/v2\/product\/781956","targetHints":{"allow":["GET"]}}],"collection":[{"href":"https:\/\/roveyayinevi.com.tr\/index.php\/wp-json\/wp\/v2\/product"}],"about":[{"href":"https:\/\/roveyayinevi.com.tr\/index.php\/wp-json\/wp\/v2\/types\/product"}],"wp:attachment":[{"href":"https:\/\/roveyayinevi.com.tr\/index.php\/wp-json\/wp\/v2\/media?parent=781956"}],"wp:term":[{"taxonomy":"product_brand","embeddable":true,"href":"https:\/\/roveyayinevi.com.tr\/index.php\/wp-json\/wp\/v2\/product_brand?post=781956"},{"taxonomy":"product_cat","embeddable":true,"href":"https:\/\/roveyayinevi.com.tr\/index.php\/wp-json\/wp\/v2\/product_cat?post=781956"},{"taxonomy":"product_tag","embeddable":true,"href":"https:\/\/roveyayinevi.com.tr\/index.php\/wp-json\/wp\/v2\/product_tag?post=781956"}],"curies":[{"name":"wp","href":"https:\/\/api.w.org\/{rel}","templated":true}]}}