{"id":781954,"date":"2026-02-01T14:44:20","date_gmt":"2026-02-01T11:44:20","guid":{"rendered":"https:\/\/roveyayinevi.com.tr\/index.php\/urun\/michel-foucault-21-yuzyilin-ezber-bozan-dusunuru\/"},"modified":"2026-02-03T02:57:13","modified_gmt":"2026-02-02T23:57:13","slug":"michel-foucault-21-yuzyilin-ezber-bozan-dusunuru","status":"publish","type":"product","link":"https:\/\/roveyayinevi.com.tr\/index.php\/urun\/michel-foucault-21-yuzyilin-ezber-bozan-dusunuru\/","title":{"rendered":"Michel Foucault &#8211; 21. Y\u00fczy\u0131l\u0131n Ezber Bozan D\u00fc\u015f\u00fcn\u00fcr\u00fc"},"content":{"rendered":"<p>Michel Foucault, \u201cmodern d\u00fcnya\u201dya ili\u015fkin analizleri en \u00e7ok yorumlanan ve tart\u0131\u015f\u0131lan sosyal bilimcilerden biri&#8230;   21. Y\u00fczy\u0131l\u0131n Ezber Bozan D\u00fc\u015f\u00fcn\u00fcr\u00fc   Gilles Deleuze, Foucault i\u00e7in \u201c\u00c7al\u0131\u015fmalar\u0131 ufuk a\u00e7\u0131c\u0131\u201d ifadesini kullan\u0131yor. Foucault, ufkumuzu a\u00e7\u0131yor, d\u00fcnyaya bak\u0131\u015f a\u00e7\u0131m\u0131z\u0131 de\u011fi\u015ftiriyor. Bu kitapta Foucault\u2019nun, on yedinci y\u00fczy\u0131l sonras\u0131nda Avrupa\u2019da ya\u015fanan y\u00f6netimsel ve toplumsal de\u011fi\u015fimleri ve olu\u015fturulan modern kurumlar\u0131 nas\u0131l ele\u015ftirdi\u011fini okuyacaks\u0131n\u0131z. \u00dcnl\u00fc d\u00fc\u015f\u00fcn\u00fcr, okulun hapishaneden, fabrikan\u0131n hastaneden bir fark\u0131 olmad\u0131\u011f\u0131na herkesi inand\u0131r\u0131rken, modern Bat\u0131 toplumlar\u0131na dair efsaneleri temelinden sars\u0131yor. Modernle\u015fmenin ilerleme anlam\u0131na gelmedi\u011fini, orta\u00e7a\u011fdan bug\u00fcne iktidar\u0131n sadece \u015fekil de\u011fi\u015ftirdi\u011fini anlat\u0131yor. <\/p>\n","protected":false},"excerpt":{"rendered":"<p>Michel Foucault, \u201cmodern d\u00fcnya\u201dya ili\u015fkin analizleri en \u00e7ok yorumlanan ve tart\u0131\u015f\u0131lan sosyal bilimcilerden biri&#8230; 21. Y\u00fczy\u0131l\u0131n Ezber Bozan D\u00fc\u015f\u00fcn\u00fcr\u00fc Gilles Deleuze, Foucault i\u00e7in \u201c\u00c7al\u0131\u015fmalar\u0131 ufuk a\u00e7\u0131c\u0131\u201d<span class=\"excerpt-hellip\"> [\u2026]<\/span><\/p>\n","protected":false},"featured_media":0,"template":"","meta":{"_monsterinsights_skip_tracking":false,"_monsterinsights_sitenote_active":false,"_monsterinsights_sitenote_note":"","_monsterinsights_sitenote_category":0},"product_brand":[],"product_cat":[12388,13555],"product_tag":[],"class_list":{"0":"post-781954","1":"product","2":"type-product","3":"status-publish","5":"product_cat-felsefe","6":"product_cat-genel-felsefe","7":"pa_cilt-ciltsiz","8":"pa_tur-kitap","9":"pa_yayinevi-kara-karga-yayinlari","10":"pa_yazar-selin-feldman","12":"first","13":"instock","14":"sale","15":"shipping-taxable","16":"purchasable","17":"product-type-simple"},"_links":{"self":[{"href":"https:\/\/roveyayinevi.com.tr\/index.php\/wp-json\/wp\/v2\/product\/781954","targetHints":{"allow":["GET"]}}],"collection":[{"href":"https:\/\/roveyayinevi.com.tr\/index.php\/wp-json\/wp\/v2\/product"}],"about":[{"href":"https:\/\/roveyayinevi.com.tr\/index.php\/wp-json\/wp\/v2\/types\/product"}],"wp:attachment":[{"href":"https:\/\/roveyayinevi.com.tr\/index.php\/wp-json\/wp\/v2\/media?parent=781954"}],"wp:term":[{"taxonomy":"product_brand","embeddable":true,"href":"https:\/\/roveyayinevi.com.tr\/index.php\/wp-json\/wp\/v2\/product_brand?post=781954"},{"taxonomy":"product_cat","embeddable":true,"href":"https:\/\/roveyayinevi.com.tr\/index.php\/wp-json\/wp\/v2\/product_cat?post=781954"},{"taxonomy":"product_tag","embeddable":true,"href":"https:\/\/roveyayinevi.com.tr\/index.php\/wp-json\/wp\/v2\/product_tag?post=781954"}],"curies":[{"name":"wp","href":"https:\/\/api.w.org\/{rel}","templated":true}]}}