{"id":781953,"date":"2026-02-01T14:44:11","date_gmt":"2026-02-01T11:44:11","guid":{"rendered":"https:\/\/roveyayinevi.com.tr\/index.php\/urun\/psikomitoloji-insani-oykulerinde-aramak-2-2\/"},"modified":"2026-02-03T02:56:47","modified_gmt":"2026-02-02T23:56:47","slug":"psikomitoloji-insani-oykulerinde-aramak-2-2","status":"publish","type":"product","link":"https:\/\/roveyayinevi.com.tr\/index.php\/urun\/psikomitoloji-insani-oykulerinde-aramak-2-2\/","title":{"rendered":"Psikomitoloji: \u0130nsan\u0131 \u00d6yk\u00fclerinde Aramak &#8211; 2"},"content":{"rendered":"<p>HER \u015eEY H\u0130K\u00c2YE!   \u0130stanbul Psikomitoloji \u00c7al\u0131\u015fma Grubu (\u0130PM) etkinlikleri kapsam\u0131nda, \u0130stanbul T\u0131p Fak\u00fcltesi Psikiyatri Anabilim Dal\u0131\u2019nda, 2015-2020 y\u0131llar\u0131 aras\u0131nda d\u00fczenlenen ve elinizde tuttu\u011funuz bu ikinci kitapla metinle\u015fmi\u015f bir se\u00e7kisini daha sundu\u011fumuz \u201cHER \u015eEY H\u0130K\u00c2YE!\u201d ba\u015fl\u0131kl\u0131 seminer dizisinde, mitolojiden dine, sanattan felsefeye, ideolojiden bilime dek insan\u0131n t\u00fcm k\u00fclt\u00fcrel hayat bilgisini kapsayan disiplinleri kendine has \u201c\u00f6yk\u00fc\u201dleriyle a\u011f\u0131rlad\u0131k be\u015f y\u0131l boyunca. Aralar\u0131ndaki ontolojik ve epistemolojik farklar\u0131 g\u00f6z ard\u0131 etmeksizin, her bir \u201c\u00f6yk\u00fc\u201dn\u00fcn insan ruhuna dair bilgimizi art\u0131raca\u011f\u0131na ve derinle\u015ftirece\u011fine inan\u0131yoruz. Bu sebeple \u00f6yk\u00fcleri seviyor ama vazettikleri hakikate de ku\u015fkuyla yakla\u015f\u0131yoruz. \u00c7\u00fcnk\u00fc biliyoruz ki, insan\u0131n el yordam\u0131yla ya\u015fad\u0131\u011f\u0131 bu d\u00fcnyada, do\u011frulu\u011fundan emin olabilece\u011fi mutlak bir hakikat yok; ne biliyorsa kendine ve hayata dair, her \u015fey hik\u00e2ye!   KATKIDA BULUNANLAR \u00b7 M. Bilgin Saydam \u00b7 Hakan K\u0131z\u0131ltan \u00b7 Ali Ko\u00e7 \u00b7 Ferhat Jak \u0130\u00e7\u00f6z \u00b7 T\u00fcrkay Demir \u00b7 Cemal Dindar \u00b7 Bella Habip \u00b7 Ceren Korulsan  \u00b7 Ceylin \u00d6zcan \u00b7 Talat Parman <\/p>\n","protected":false},"excerpt":{"rendered":"<p>HER \u015eEY H\u0130K\u00c2YE! \u0130stanbul Psikomitoloji \u00c7al\u0131\u015fma Grubu (\u0130PM) etkinlikleri kapsam\u0131nda, \u0130stanbul T\u0131p Fak\u00fcltesi Psikiyatri Anabilim Dal\u0131\u2019nda, 2015-2020 y\u0131llar\u0131 aras\u0131nda d\u00fczenlenen ve elinizde tuttu\u011funuz bu ikinci kitapla<span class=\"excerpt-hellip\"> [\u2026]<\/span><\/p>\n","protected":false},"featured_media":0,"template":"","meta":{"_monsterinsights_skip_tracking":false,"_monsterinsights_sitenote_active":false,"_monsterinsights_sitenote_note":"","_monsterinsights_sitenote_category":0},"product_brand":[],"product_cat":[12358,12357],"product_tag":[],"class_list":{"0":"post-781953","1":"product","2":"type-product","3":"status-publish","5":"product_cat-genel-psikoloji","6":"product_cat-psikoloji","7":"pa_cilt-ciltsiz","8":"pa_tur-kitap","9":"pa_yayinevi-ithaki-yayinlari","10":"pa_yazar-ithaki-yayinlari-kolektif","12":"first","13":"instock","14":"sale","15":"shipping-taxable","16":"purchasable","17":"product-type-simple"},"_links":{"self":[{"href":"https:\/\/roveyayinevi.com.tr\/index.php\/wp-json\/wp\/v2\/product\/781953","targetHints":{"allow":["GET"]}}],"collection":[{"href":"https:\/\/roveyayinevi.com.tr\/index.php\/wp-json\/wp\/v2\/product"}],"about":[{"href":"https:\/\/roveyayinevi.com.tr\/index.php\/wp-json\/wp\/v2\/types\/product"}],"wp:attachment":[{"href":"https:\/\/roveyayinevi.com.tr\/index.php\/wp-json\/wp\/v2\/media?parent=781953"}],"wp:term":[{"taxonomy":"product_brand","embeddable":true,"href":"https:\/\/roveyayinevi.com.tr\/index.php\/wp-json\/wp\/v2\/product_brand?post=781953"},{"taxonomy":"product_cat","embeddable":true,"href":"https:\/\/roveyayinevi.com.tr\/index.php\/wp-json\/wp\/v2\/product_cat?post=781953"},{"taxonomy":"product_tag","embeddable":true,"href":"https:\/\/roveyayinevi.com.tr\/index.php\/wp-json\/wp\/v2\/product_tag?post=781953"}],"curies":[{"name":"wp","href":"https:\/\/api.w.org\/{rel}","templated":true}]}}