{"id":781950,"date":"2026-02-01T14:43:38","date_gmt":"2026-02-01T11:43:38","guid":{"rendered":"https:\/\/roveyayinevi.com.tr\/index.php\/urun\/ingilizlerin-gozunde-turkiye-1776-1923\/"},"modified":"2026-02-03T02:56:37","modified_gmt":"2026-02-02T23:56:37","slug":"ingilizlerin-gozunde-turkiye-1776-1923","status":"publish","type":"product","link":"https:\/\/roveyayinevi.com.tr\/index.php\/urun\/ingilizlerin-gozunde-turkiye-1776-1923\/","title":{"rendered":"\u0130ngilizlerin G\u00f6z\u00fcnde T\u00fcrkiye 1776-1923"},"content":{"rendered":"<p>T\u00fcrk tarihinin son iki y\u00fczy\u0131l\u0131nda kilit rol oynayan \u0130ngiltere\u2019de kamuoyunun \u2013ve dolay\u0131s\u0131yla \u0130ngiliz politikas\u0131n\u0131n\u2013 \u015fekillenmesine katk\u0131da bulunan simalar\u0131n en dikkate de\u011ferlerinden be\u015fi \u0130ngilizlerin G\u00f6z\u00fcnde T\u00fcrkiye, 1776-1923\u2019\u00fcn konusudur: Tarih\u00e7i Edward Gibbon, \u015fair Lord Byron, ba\u015fbakan Benjamin Disraeli, romanc\u0131 John Buchan ve son olarak da tarih\u00e7i Arnold Toynbee. \u00d6zellikle Gibbon, Byron ve Toynbee\u2019nin \u0130ngiltere\u2019deki T\u00fcrk imaj\u0131 \u00fczerindeki etkilerinin bug\u00fcn h\u00e2l\u00e2 s\u00fcrd\u00fc\u011f\u00fc g\u00fcvenle s\u00f6ylenebilir.   An\u0131lan isimlerin ortak noktas\u0131n\u0131n T\u00fcrk hayranl\u0131\u011f\u0131 olmas\u0131, \u00f6zellikle ikisinin s\u00f6z konusu d\u00f6nemde \u0130ngiltere\u2019de h\u00e2kim olan T\u00fcrk d\u00fc\u015fman\u0131 siyasete alet oldu\u011fu g\u00f6z \u00f6n\u00fcnde bulunduruldu\u011funda okuru \u015fa\u015f\u0131rtacakt\u0131r. Byron Yunan ba\u011f\u0131ms\u0131zl\u0131k m\u00fccadelesinin sembol\u00fc haline gelirken Toynbee de I. D\u00fcnya Sava\u015f\u0131 s\u0131ras\u0131nda y\u00fcr\u00fctt\u00fc\u011f\u00fc propaganda faaliyetiyle T\u00fcrk imaj\u0131na etkileri h\u00e2l\u00e2 s\u00fcren kal\u0131c\u0131 bir zarar vermi\u015ftir. Ancak \u00e7o\u011fu fiilen T\u00fcrkiye\u2019de bulunmu\u015f olan bu isimler, T\u00fcrkleri tan\u0131d\u0131k\u00e7a onlar\u0131 sevmi\u015f ve saym\u0131\u015f, hatta Toynbee sonralar\u0131 \u015f\u00f6hretiyle kariyerini tehlikeye atmak pahas\u0131na T\u00fcrkleri savunarak \u00f6nceki propaganda yaz\u0131lar\u0131yla aras\u0131na mesafe koymu\u015ftur.   Ele al\u0131nan be\u015f siman\u0131n hayat hik\u00e2yesi, T\u00fcrklerle olan m\u00fcnasebetleri ve T\u00fcrklere dair kendi g\u00f6r\u00fc\u015fleriyle \u015fekillenmesinde rol oynad\u0131klar\u0131 T\u00fcrk imaj\u0131 aras\u0131ndaki tezat, T\u00fcrk okuruna zevkle okuyaca\u011f\u0131 son derece ilgin\u00e7 bir entelekt\u00fcel macera sunmaktad\u0131r<\/p>\n","protected":false},"excerpt":{"rendered":"<p>T\u00fcrk tarihinin son iki y\u00fczy\u0131l\u0131nda kilit rol oynayan \u0130ngiltere\u2019de kamuoyunun \u2013ve dolay\u0131s\u0131yla \u0130ngiliz politikas\u0131n\u0131n\u2013 \u015fekillenmesine katk\u0131da bulunan simalar\u0131n en dikkate de\u011ferlerinden be\u015fi \u0130ngilizlerin G\u00f6z\u00fcnde T\u00fcrkiye, 1776-1923\u2019\u00fcn<span class=\"excerpt-hellip\"> [\u2026]<\/span><\/p>\n","protected":false},"featured_media":0,"template":"","meta":{"_monsterinsights_skip_tracking":false,"_monsterinsights_sitenote_active":false,"_monsterinsights_sitenote_note":"","_monsterinsights_sitenote_category":0},"product_brand":[],"product_cat":[12370,12304],"product_tag":[],"class_list":{"0":"post-781950","1":"product","2":"type-product","3":"status-publish","5":"product_cat-arastirma-inceleme","6":"product_cat-tarih","7":"pa_cilt-ciltsiz","8":"pa_tur-kitap","9":"pa_yayinevi-yapi-kredi-yayinlari","10":"pa_yazar-david-s-katz","12":"first","13":"instock","14":"sale","15":"shipping-taxable","16":"purchasable","17":"product-type-simple"},"_links":{"self":[{"href":"https:\/\/roveyayinevi.com.tr\/index.php\/wp-json\/wp\/v2\/product\/781950","targetHints":{"allow":["GET"]}}],"collection":[{"href":"https:\/\/roveyayinevi.com.tr\/index.php\/wp-json\/wp\/v2\/product"}],"about":[{"href":"https:\/\/roveyayinevi.com.tr\/index.php\/wp-json\/wp\/v2\/types\/product"}],"wp:attachment":[{"href":"https:\/\/roveyayinevi.com.tr\/index.php\/wp-json\/wp\/v2\/media?parent=781950"}],"wp:term":[{"taxonomy":"product_brand","embeddable":true,"href":"https:\/\/roveyayinevi.com.tr\/index.php\/wp-json\/wp\/v2\/product_brand?post=781950"},{"taxonomy":"product_cat","embeddable":true,"href":"https:\/\/roveyayinevi.com.tr\/index.php\/wp-json\/wp\/v2\/product_cat?post=781950"},{"taxonomy":"product_tag","embeddable":true,"href":"https:\/\/roveyayinevi.com.tr\/index.php\/wp-json\/wp\/v2\/product_tag?post=781950"}],"curies":[{"name":"wp","href":"https:\/\/api.w.org\/{rel}","templated":true}]}}