{"id":781946,"date":"2026-02-01T14:42:20","date_gmt":"2026-02-01T11:42:20","guid":{"rendered":"https:\/\/roveyayinevi.com.tr\/index.php\/urun\/meczup-6\/"},"modified":"2026-04-16T02:38:39","modified_gmt":"2026-04-15T23:38:39","slug":"meczup-6","status":"publish","type":"product","link":"https:\/\/roveyayinevi.com.tr\/index.php\/urun\/meczup-6\/","title":{"rendered":"Meczup"},"content":{"rendered":"<p>\u0130nsan nas\u0131l meczup olur? Cibran\u2019a g\u00f6re herkes kadim ger\u00e7eklerin bilinciyle do\u011far. Ger\u00e7ek y\u00fczlerini gizleyen toplumun i\u00e7inde bu bilgiyi unutur, aray\u0131\u015f\u0131ndan vazge\u00e7er. Ta ki bir g\u00fcn uykusundan uyanana ve her \u015feyi oldu\u011fu gibi g\u00f6rene kadar. Ancak bu \u00f6zg\u00fcrl\u00fc\u011f\u00fcn bedeli meczup olarak g\u00f6r\u00fclmesi ve toplumun d\u0131\u015f\u0131na itilmesidir.   Yazar\u0131n kendi \u00e7izimleriyle yay\u0131mlad\u0131\u011f\u0131m\u0131z Meczup, adeta y\u00fczy\u0131llar\u0131n birikimini ta\u015f\u0131yan bir bilgelikle bize, insan\u0131n benlik aray\u0131\u015f\u0131nda her zaman akl\u0131na gelen sorular\u0131 sorduruyor.   #l\u00fcbnanedebiyat\u0131 #delilik #dahilik #mesel #fabl #inan\u00e7   <\/p>\n","protected":false},"excerpt":{"rendered":"<p>\u0130nsan nas\u0131l meczup olur? Cibran\u2019a g\u00f6re herkes kadim ger\u00e7eklerin bilinciyle do\u011far. Ger\u00e7ek y\u00fczlerini gizleyen toplumun i\u00e7inde bu bilgiyi unutur, aray\u0131\u015f\u0131ndan vazge\u00e7er. Ta ki bir g\u00fcn uykusundan<span class=\"excerpt-hellip\"> [\u2026]<\/span><\/p>\n","protected":false},"featured_media":0,"template":"","meta":{"_monsterinsights_skip_tracking":false,"_monsterinsights_sitenote_active":false,"_monsterinsights_sitenote_note":"","_monsterinsights_sitenote_category":0},"product_brand":[],"product_cat":[18545,12291],"product_tag":[],"class_list":{"0":"post-781946","1":"product","2":"type-product","3":"status-publish","5":"product_cat-anlati","6":"product_cat-edebiyat","7":"pa_cilt-ciltsiz","8":"pa_tur-kitap","9":"pa_yayinevi-can-yayinlari","10":"pa_yazar-halil-cibran","12":"first","13":"instock","14":"sale","15":"shipping-taxable","16":"purchasable","17":"product-type-simple"},"_links":{"self":[{"href":"https:\/\/roveyayinevi.com.tr\/index.php\/wp-json\/wp\/v2\/product\/781946","targetHints":{"allow":["GET"]}}],"collection":[{"href":"https:\/\/roveyayinevi.com.tr\/index.php\/wp-json\/wp\/v2\/product"}],"about":[{"href":"https:\/\/roveyayinevi.com.tr\/index.php\/wp-json\/wp\/v2\/types\/product"}],"wp:attachment":[{"href":"https:\/\/roveyayinevi.com.tr\/index.php\/wp-json\/wp\/v2\/media?parent=781946"}],"wp:term":[{"taxonomy":"product_brand","embeddable":true,"href":"https:\/\/roveyayinevi.com.tr\/index.php\/wp-json\/wp\/v2\/product_brand?post=781946"},{"taxonomy":"product_cat","embeddable":true,"href":"https:\/\/roveyayinevi.com.tr\/index.php\/wp-json\/wp\/v2\/product_cat?post=781946"},{"taxonomy":"product_tag","embeddable":true,"href":"https:\/\/roveyayinevi.com.tr\/index.php\/wp-json\/wp\/v2\/product_tag?post=781946"}],"curies":[{"name":"wp","href":"https:\/\/api.w.org\/{rel}","templated":true}]}}