{"id":781945,"date":"2026-02-01T14:41:40","date_gmt":"2026-02-01T11:41:40","guid":{"rendered":"https:\/\/roveyayinevi.com.tr\/index.php\/urun\/gonul-makami\/"},"modified":"2026-04-07T02:47:04","modified_gmt":"2026-04-06T23:47:04","slug":"gonul-makami","status":"publish","type":"product","link":"https:\/\/roveyayinevi.com.tr\/index.php\/urun\/gonul-makami\/","title":{"rendered":"G\u00f6n\u00fcl Makam\u0131"},"content":{"rendered":"<p>G\u00f6n\u00fcl Makam\u0131, musikimizden hareketle anlam aray\u0131\u015f\u0131m\u0131za vesile olacak, sahih tasavvuf gelene\u011finden beslenen \u00f6nemli bir &#8220;muhabbet kayna\u011f\u0131&#8221; Sava\u015f \u015e. Bark\u00e7in, bu kitab\u0131nda &#8220;A\u015fk\u0131n sanat\u0131&#8221; nas\u0131l bir sanatt\u0131r meselesini anlamak \u00fczere, b\u00fcy\u00fck musiki \u00fcst\u00e2dlar\u0131ndan hareketle bir yol \u00e7izerek, muhabbet ve me\u015fk k\u00fclt\u00fcr\u00fcne her alan\u0131nda birincil \u00f6nem veren bir medeniyetin, g\u00fcn\u00fcm\u00fczde sa\u011fl\u0131kl\u0131 bir okuma ve yorumunu yapma \u00e7al\u0131\u015f\u0131yor.<\/p>\n","protected":false},"excerpt":{"rendered":"<p>G\u00f6n\u00fcl Makam\u0131, musikimizden hareketle anlam aray\u0131\u015f\u0131m\u0131za vesile olacak, sahih tasavvuf gelene\u011finden beslenen \u00f6nemli bir &#8220;muhabbet kayna\u011f\u0131&#8221; Sava\u015f \u015e. Bark\u00e7in, bu kitab\u0131nda &#8220;A\u015fk\u0131n sanat\u0131&#8221; nas\u0131l bir sanatt\u0131r<span class=\"excerpt-hellip\"> [\u2026]<\/span><\/p>\n","protected":false},"featured_media":0,"template":"","meta":{"_monsterinsights_skip_tracking":false,"_monsterinsights_sitenote_active":false,"_monsterinsights_sitenote_note":"","_monsterinsights_sitenote_category":0},"product_brand":[],"product_cat":[14591,14556],"product_tag":[],"class_list":{"0":"post-781945","1":"product","2":"type-product","3":"status-publish","5":"product_cat-genel-kavramlar-kuram-ve-tarihce","6":"product_cat-muzik","7":"pa_cilt-ciltsiz","8":"pa_tur-kitap","9":"pa_yayinevi-insan-yayinlari","10":"pa_yazar-kolektif","12":"first","13":"instock","14":"sale","15":"shipping-taxable","16":"purchasable","17":"product-type-simple"},"_links":{"self":[{"href":"https:\/\/roveyayinevi.com.tr\/index.php\/wp-json\/wp\/v2\/product\/781945","targetHints":{"allow":["GET"]}}],"collection":[{"href":"https:\/\/roveyayinevi.com.tr\/index.php\/wp-json\/wp\/v2\/product"}],"about":[{"href":"https:\/\/roveyayinevi.com.tr\/index.php\/wp-json\/wp\/v2\/types\/product"}],"wp:attachment":[{"href":"https:\/\/roveyayinevi.com.tr\/index.php\/wp-json\/wp\/v2\/media?parent=781945"}],"wp:term":[{"taxonomy":"product_brand","embeddable":true,"href":"https:\/\/roveyayinevi.com.tr\/index.php\/wp-json\/wp\/v2\/product_brand?post=781945"},{"taxonomy":"product_cat","embeddable":true,"href":"https:\/\/roveyayinevi.com.tr\/index.php\/wp-json\/wp\/v2\/product_cat?post=781945"},{"taxonomy":"product_tag","embeddable":true,"href":"https:\/\/roveyayinevi.com.tr\/index.php\/wp-json\/wp\/v2\/product_tag?post=781945"}],"curies":[{"name":"wp","href":"https:\/\/api.w.org\/{rel}","templated":true}]}}