{"id":781942,"date":"2026-02-01T14:39:13","date_gmt":"2026-02-01T11:39:13","guid":{"rendered":"https:\/\/roveyayinevi.com.tr\/index.php\/urun\/kan-ter-ve-pikseller-video-oyun-yapimciliginin-arkasindaki-calkantili-ve-zafer-dolu-hikayeler\/"},"modified":"2026-02-02T02:39:44","modified_gmt":"2026-02-01T23:39:44","slug":"kan-ter-ve-pikseller-video-oyun-yapimciliginin-arkasindaki-calkantili-ve-zafer-dolu-hikayeler","status":"publish","type":"product","link":"https:\/\/roveyayinevi.com.tr\/index.php\/urun\/kan-ter-ve-pikseller-video-oyun-yapimciliginin-arkasindaki-calkantili-ve-zafer-dolu-hikayeler\/","title":{"rendered":"Kan, Ter ve Pikseller: Video Oyun Yap\u0131mc\u0131l\u0131\u011f\u0131n\u0131n Arkas\u0131ndaki \u00c7alkant\u0131l\u0131 ve Zafer Dolu Hikayeler"},"content":{"rendered":"<p>\u201cBir\u00e7ok geli\u015ftirici ve st\u00fcdyonun iyi ve k\u00f6t\u00fc g\u00fcnlerine dair son ayr\u0131nt\u0131s\u0131na kadar ara\u015ft\u0131r\u0131lm\u0131\u015f, yer yer ac\u0131 veren, ustal\u0131kla yaz\u0131lm\u0131\u015f bir kitap.\u201d \u2013Cliff Bleszinski, Gears of War\u2019un yarat\u0131c\u0131s\u0131   \u201cOkunmas\u0131 gereken bir kitap&#8230; Sonuna geldi\u011finizde, ke\u015fke daha uzun olsayd\u0131 diyeceksiniz.\u201d \u2013Forbes.com Video oyunlar\u0131 geli\u015ftirmek\u2026 Kahramanca bir yolculuk mu yoksa aptalca bir \u00e7aba m\u0131? Jason Schreier, Kan, Ter ve Pikseller\u2019de oyun geli\u015ftiricili\u011finin perde arkas\u0131n\u0131 g\u00f6steriyor ve okurlar\u0131n\u0131, yarat\u0131c\u0131lar\u0131n bazen uzun saatler \u00e7al\u0131\u015ft\u0131r\u0131lan alt\u0131 y\u00fcz ki\u015filik ekiplerden, bazen de yaln\u0131z bir bilgisayar d\u00e2hisinden olu\u015ftu\u011fu sularda heyecanl\u0131 bir yolculu\u011fa \u00e7\u0131kar\u0131yor.   Yak\u0131n zamanda \u00e7\u0131km\u0131\u015f, en pop\u00fcler ve en \u00e7ok satan oyunlardan baz\u0131lar\u0131n\u0131 ele alan Schreier, RPG st\u00fcdyosu BioWare\u2019in Dragon Age: Inquisition\u2019\u0131 yapmak i\u00e7in imk\u00e2ns\u0131z bir i\u015f takviminin ve say\u0131s\u0131z teknik k\u00e2busun \u00fcstesinden gelme m\u00fccadelesini, ba\u011f\u0131ms\u0131z geli\u015ftirici Eric Barone\u2019un yaln\u0131z bir adam\u0131n hayali olan bir k\u00f6y ya\u015fam\u0131 RPG\u2019sini multimilyon dolarl\u0131k bir fikr\u00ee m\u00fclke \u00e7evirmek i\u00e7in tek ba\u015f\u0131na g\u00f6sterdi\u011fi \u00e7abalar\u0131, Bungie\u2019nin Star Wars ya da Y\u00fcz\u00fcklerin Efendisi kadar pop\u00fcler olaca\u011f\u0131n\u0131 umdu\u011fu, yepyeni bir evrende ge\u00e7en Destiny\u2019yi yaratmak i\u00e7in st\u00fcdyonun sonunu getirmek pahas\u0131na Microsoft\u2019tan ayr\u0131l\u0131\u015f\u0131 gibi konulara de\u011finerek okurlar\u0131n\u0131 oyun geli\u015ftiricili\u011finin cehennem alevlerine \u00e7ekiyor.   G\u00fcn boyu s\u00fcren fazla mesaileri, yorgunluktan k\u0131zaran g\u00f6zleri ve son dakika kurtar\u0131\u015flar\u0131n\u0131 belgeleyen Kan, Ter ve Pikseller, hem oyun geli\u015ftiricili\u011fi d\u00fcnyas\u0131nda \u00e7\u0131k\u0131lan bir yolculuk hem de olabilecek en iyi oyunu yaratmak i\u00e7in da\u011f gibi engelleri a\u015fan, isimsiz kahramanlara bir \u00f6vg\u00fc niteli\u011finde. <\/p>\n","protected":false},"excerpt":{"rendered":"<p>\u201cBir\u00e7ok geli\u015ftirici ve st\u00fcdyonun iyi ve k\u00f6t\u00fc g\u00fcnlerine dair son ayr\u0131nt\u0131s\u0131na kadar ara\u015ft\u0131r\u0131lm\u0131\u015f, yer yer ac\u0131 veren, ustal\u0131kla yaz\u0131lm\u0131\u015f bir kitap.\u201d \u2013Cliff Bleszinski, Gears of War\u2019un<span class=\"excerpt-hellip\"> [\u2026]<\/span><\/p>\n","protected":false},"featured_media":0,"template":"","meta":{"_monsterinsights_skip_tracking":false,"_monsterinsights_sitenote_active":false,"_monsterinsights_sitenote_note":"","_monsterinsights_sitenote_category":0},"product_brand":[],"product_cat":[13005,13006],"product_tag":[],"class_list":{"0":"post-781942","1":"product","2":"type-product","3":"status-publish","5":"product_cat-bilim-muhendislik","6":"product_cat-populer-bilim","7":"pa_cilt-ciltsiz","8":"pa_tur-kitap","9":"pa_yayinevi-ithaki-yayinlari","10":"pa_yazar-jason-schreier","12":"first","13":"instock","14":"sale","15":"shipping-taxable","16":"purchasable","17":"product-type-simple"},"_links":{"self":[{"href":"https:\/\/roveyayinevi.com.tr\/index.php\/wp-json\/wp\/v2\/product\/781942","targetHints":{"allow":["GET"]}}],"collection":[{"href":"https:\/\/roveyayinevi.com.tr\/index.php\/wp-json\/wp\/v2\/product"}],"about":[{"href":"https:\/\/roveyayinevi.com.tr\/index.php\/wp-json\/wp\/v2\/types\/product"}],"wp:attachment":[{"href":"https:\/\/roveyayinevi.com.tr\/index.php\/wp-json\/wp\/v2\/media?parent=781942"}],"wp:term":[{"taxonomy":"product_brand","embeddable":true,"href":"https:\/\/roveyayinevi.com.tr\/index.php\/wp-json\/wp\/v2\/product_brand?post=781942"},{"taxonomy":"product_cat","embeddable":true,"href":"https:\/\/roveyayinevi.com.tr\/index.php\/wp-json\/wp\/v2\/product_cat?post=781942"},{"taxonomy":"product_tag","embeddable":true,"href":"https:\/\/roveyayinevi.com.tr\/index.php\/wp-json\/wp\/v2\/product_tag?post=781942"}],"curies":[{"name":"wp","href":"https:\/\/api.w.org\/{rel}","templated":true}]}}