{"id":781930,"date":"2026-02-01T14:33:20","date_gmt":"2026-02-01T11:33:20","guid":{"rendered":"https:\/\/roveyayinevi.com.tr\/index.php\/urun\/fil-saati\/"},"modified":"2026-02-23T11:30:40","modified_gmt":"2026-02-23T08:30:40","slug":"fil-saati","status":"publish","type":"product","link":"https:\/\/roveyayinevi.com.tr\/index.php\/urun\/fil-saati\/","title":{"rendered":"Fil Saati"},"content":{"rendered":"<p>Her \u015fey tek bir sorudan evrilir, geli\u015fir ve de\u011fi\u015fir: \u201cBu d\u00fcnyadaki yerim nedir?\u201d     Elmas\u0131n k\u00f6m\u00fcrde, ipli\u011fin pamukta gizli oldu\u011fu d\u00fcnya buras\u0131. S\u0131r hem g\u00f6z\u00fcn\u00fcn \u00f6n\u00fcnde hem de g\u00f6ren g\u00f6z\u00fcn sindiremeyece\u011fi kadar derinde. Ald\u0131\u011f\u0131 nefesi kendi i\u00e7inde kaybetti\u011fini bilmeyen insan, kendi d\u0131\u015f\u0131nda arasa da neyi bulacak sanki? Hareket ediyoruz. Kar\u015f\u0131la\u015f\u0131yoruz. Hat\u0131rl\u0131yoruz. Unutuyoruz. G\u00f6r\u00fcnmeyeni arayan hareket hali i\u00e7inde, yaln\u0131zca kendimizden kendimize do\u011fru ilerliyoruz. K\u00e2inat kocaman bir ayna. Hakikati aramak, kendini bulmak&#8230; Sevginin nefrete d\u00f6n\u00fc\u015fmesi de bunun yoklu\u011fundand\u0131r. Ye\u015feremeyen karar\u0131r.     \u201c\u00c7ok iyi, \u00e7ok ba\u015far\u0131l\u0131 ve do\u011frudan yaz\u0131lm\u0131\u015f, b\u00fcy\u00fck bir takdirle okudu\u011fum sars\u0131c\u0131 bir roman.\u201d Prof. Dr. U\u011fur Bat\u0131 <\/p>\n","protected":false},"excerpt":{"rendered":"<p>Her \u015fey tek bir sorudan evrilir, geli\u015fir ve de\u011fi\u015fir: \u201cBu d\u00fcnyadaki yerim nedir?\u201d Elmas\u0131n k\u00f6m\u00fcrde, ipli\u011fin pamukta gizli oldu\u011fu d\u00fcnya buras\u0131. S\u0131r hem g\u00f6z\u00fcn\u00fcn \u00f6n\u00fcnde hem<span class=\"excerpt-hellip\"> [\u2026]<\/span><\/p>\n","protected":false},"featured_media":0,"template":"","meta":{"_monsterinsights_skip_tracking":false,"_monsterinsights_sitenote_active":false,"_monsterinsights_sitenote_note":"","_monsterinsights_sitenote_category":0},"product_brand":[],"product_cat":[12291,12711],"product_tag":[],"class_list":{"0":"post-781930","1":"product","2":"type-product","3":"status-publish","5":"product_cat-edebiyat","6":"product_cat-roman-oyku","7":"pa_cilt-ciltsiz","8":"pa_tur-kitap","9":"pa_yayinevi-destek-yayinlari","10":"pa_yazar-tugba-sariunal","12":"first","13":"instock","14":"sale","15":"shipping-taxable","16":"purchasable","17":"product-type-simple"},"_links":{"self":[{"href":"https:\/\/roveyayinevi.com.tr\/index.php\/wp-json\/wp\/v2\/product\/781930","targetHints":{"allow":["GET"]}}],"collection":[{"href":"https:\/\/roveyayinevi.com.tr\/index.php\/wp-json\/wp\/v2\/product"}],"about":[{"href":"https:\/\/roveyayinevi.com.tr\/index.php\/wp-json\/wp\/v2\/types\/product"}],"wp:attachment":[{"href":"https:\/\/roveyayinevi.com.tr\/index.php\/wp-json\/wp\/v2\/media?parent=781930"}],"wp:term":[{"taxonomy":"product_brand","embeddable":true,"href":"https:\/\/roveyayinevi.com.tr\/index.php\/wp-json\/wp\/v2\/product_brand?post=781930"},{"taxonomy":"product_cat","embeddable":true,"href":"https:\/\/roveyayinevi.com.tr\/index.php\/wp-json\/wp\/v2\/product_cat?post=781930"},{"taxonomy":"product_tag","embeddable":true,"href":"https:\/\/roveyayinevi.com.tr\/index.php\/wp-json\/wp\/v2\/product_tag?post=781930"}],"curies":[{"name":"wp","href":"https:\/\/api.w.org\/{rel}","templated":true}]}}